{"id":11372,"date":"2025-08-31T04:09:42","date_gmt":"2025-08-30T20:09:42","guid":{"rendered":"https:\/\/zv.carbonpix.com\/?post_type=product&#038;p=11372"},"modified":"2025-09-23T11:52:19","modified_gmt":"2025-09-23T03:52:19","slug":"bureau-hauteur-ajustable-unom","status":"publish","type":"product","link":"https:\/\/z-v.fr\/fr\/produit\/bureau-hauteur-ajustable-unom","title":{"rendered":"Bureau &#8211; Hauteur ajustable \u2013 UnoM"},"content":{"rendered":"<p><strong>Personnalisez-le selon votre style avec ces diff\u00e9rentes finitions :<\/strong><\/p>\n<ul>\n<li>Plateaux en bois massif (bambou, ch\u00eane, h\u00e9v\u00e9a, noyer, etc.) ou en stratifi\u00e9 HPL Formica (toutes les couleurs),<\/li>\n<li>Supports carr\u00e9s,<\/li>\n<li>Deux styles de pi\u00e8tements,<\/li>\n<li>Commande via contr\u00f4leur \u00e9lectronique avanc\u00e9 ou via notre application,<\/li>\n<li>Syst\u00e8me anti-collision, enregistrement de r\u00e9glages personnalis\u00e9s.<\/li>\n<\/ul>\n<p><strong> Et adaptez votre poste de travail \u00e0 votre morphologie :<\/strong><\/p>\n<ul>\n<li>Hauteur r\u00e9glable de 700 mm (27\u2033) \u00e0 1150 mm (45\u2033),<\/li>\n<li>Barre d\u2019alimentation, goulotte passe-c\u00e2bles sous le bureau et gaines magn\u00e9tiques pour diverses configurations,<\/li>\n<li>Caissons et plateaux suspendus,<\/li>\n<li>Cloisons en mat\u00e9riaux vari\u00e9s,<\/li>\n<li>Supports UC et bras pour \u00e9crans.<\/li>\n<\/ul>\n<p><img loading=\"lazy\" decoding=\"async\" src=\"https:\/\/z-v.fr\/wp-content\/uploads\/2021\/01\/SSD.jpg\" alt=\"SSD - Ergonomic Position\" width=\"287\" height=\"156\" \/><\/p>\n<p><strong>Nos bureaux sont fiables et con\u00e7us pour durer, avec une garantie de 2 ans.<\/strong><\/p>\n","protected":false},"excerpt":{"rendered":"<p>Votre posture joue un r\u00f4le essentiel lorsque vous passez la journ\u00e9e \u00e0 un bureau. M\u00eame avec une chaise offrant un soutien optimal, il est important de se lever et de bouger r\u00e9guli\u00e8rement au cours de la journ\u00e9e.<\/p>\n<p>Les bureaux \u00e0 hauteur ajustable permettent de passer facilement de la position assise \u00e0 la position debout.<\/p>\n<p>En position debout, le mouvement devient plus naturel. Vous transf\u00e9rez votre poids d\u2019une jambe \u00e0 l\u2019autre, ce qui soulage la pression sur le dos et am\u00e9liore la circulation sanguine dans tout le corps.<\/p>\n<p><strong>Le bureau \u00e0 hauteur ajustable favorise une meilleure posture et r\u00e9duit les effets n\u00e9fastes d\u2019une position assise prolong\u00e9e.<\/strong><\/p>\n","protected":false},"featured_media":10764,"template":"","meta":[],"product_brand":[],"product_cat":[1270,1281],"product_tag":[],"class_list":{"0":"post-11372","1":"product","2":"type-product","3":"status-publish","4":"has-post-thumbnail","6":"product_cat-mobilier","7":"product_cat-bureau-hauteur-ajustable","10":"first","11":"instock","12":"shipping-taxable","13":"product-type-simple"},"aioseo_notices":[],"_links":{"self":[{"href":"https:\/\/z-v.fr\/fr\/wp-json\/wp\/v2\/product\/11372","targetHints":{"allow":["GET"]}}],"collection":[{"href":"https:\/\/z-v.fr\/fr\/wp-json\/wp\/v2\/product"}],"about":[{"href":"https:\/\/z-v.fr\/fr\/wp-json\/wp\/v2\/types\/product"}],"wp:featuredmedia":[{"embeddable":true,"href":"https:\/\/z-v.fr\/fr\/wp-json\/wp\/v2\/media\/10764"}],"wp:attachment":[{"href":"https:\/\/z-v.fr\/fr\/wp-json\/wp\/v2\/media?parent=11372"}],"wp:term":[{"taxonomy":"product_brand","embeddable":true,"href":"https:\/\/z-v.fr\/fr\/wp-json\/wp\/v2\/product_brand?post=11372"},{"taxonomy":"product_cat","embeddable":true,"href":"https:\/\/z-v.fr\/fr\/wp-json\/wp\/v2\/product_cat?post=11372"},{"taxonomy":"product_tag","embeddable":true,"href":"https:\/\/z-v.fr\/fr\/wp-json\/wp\/v2\/product_tag?post=11372"}],"curies":[{"name":"wp","href":"https:\/\/api.w.org\/{rel}","templated":true}]}}