{"id":11364,"date":"2025-08-31T04:06:06","date_gmt":"2025-08-30T20:06:06","guid":{"rendered":"https:\/\/zv.carbonpix.com\/?post_type=product&#038;p=11364"},"modified":"2025-09-17T19:21:41","modified_gmt":"2025-09-17T11:21:41","slug":"table-de-reunion-xl-hauteur-ajustable","status":"publish","type":"product","link":"https:\/\/z-v.fr\/fr\/produit\/table-de-reunion-xl-hauteur-ajustable","title":{"rendered":"Table de r\u00e9union XL &#8211; Hauteur Ajustable"},"content":{"rendered":"<p><strong>Personnalisez-le selon votre style gr\u00e2ce \u00e0 ces diff\u00e9rentes finitions :<\/strong><\/p>\n<ul>\n<li>Plateaux en bois massif (bambou, ch\u00eane, h\u00e9v\u00e9a, noyer, etc.) ou en stratifi\u00e9 HPL Formica (toutes les couleurs),<\/li>\n<li>Pieds carr\u00e9s, rectangulaires ou ronds,<\/li>\n<li>Diff\u00e9rents styles de pi\u00e8tement,<\/li>\n<li>Commande via contr\u00f4leur \u00e9lectronique avanc\u00e9 et notre application,<\/li>\n<li>\u00c9quip\u00e9 d\u2019un syst\u00e8me anti-collision et de r\u00e9glages personnalis\u00e9s.<\/li>\n<\/ul>\n<p><strong>Et adaptez votre poste de travail \u00e0 votre morphologie :<\/strong><\/p>\n<ul>\n<li>Hauteur r\u00e9glable de 600 mm (23&Prime;) \u00e0 1250 mm (49&Prime;) avec 4 positions m\u00e9morisables,<\/li>\n<li>Barre d\u2019alimentation, goulotte passe-c\u00e2bles sous le bureau et gaines magn\u00e9tiques pour une organisation optimale,<\/li>\n<li>Caissons et plateaux suspendus,<\/li>\n<li>Cloisons en mat\u00e9riaux vari\u00e9s,<\/li>\n<li>Supports UC et bras pour \u00e9crans.<\/li>\n<\/ul>\n<p><img loading=\"lazy\" decoding=\"async\" src=\"https:\/\/z-v.fr\/wp-content\/uploads\/2021\/01\/SSD.jpg\" alt=\"SSD - Ergonomic Position\" width=\"287\" height=\"156\" \/><\/p>\n<p><strong>Nos tables, fiables et durables, sont garantis 10 ans.<\/strong><\/p>\n","protected":false},"excerpt":{"rendered":"<p>Votre posture est un \u00e9l\u00e9ment essentiel lorsque vous passez la journ\u00e9e assis \u00e0 un bureau. M\u00eame avec la meilleure chaise, offrant un soutien optimal \u00e0 votre corps, il reste important de vous lever et de bouger r\u00e9guli\u00e8rement au cours de la journ\u00e9e.<\/p>\n<p><strong>Les bureaux assis-debout vous permettent d\u2019alterner facilement entre position assise et position debout.<\/strong><\/p>\n<p>En position debout, le mouvement devient plus naturel. Vous changez d\u2019appui, d\u2019une jambe \u00e0 l\u2019autre, ce qui r\u00e9duit la pression sur le dos et favorise la circulation sanguine dans tout le corps.<\/p>\n<p><strong>Cette alternance am\u00e9liore la posture et limite les effets n\u00e9fastes d\u2019une position assise prolong\u00e9e.<\/strong><\/p>\n","protected":false},"featured_media":1159,"template":"","meta":[],"product_brand":[],"product_cat":[1270,1276],"product_tag":[],"class_list":{"0":"post-11364","1":"product","2":"type-product","3":"status-publish","4":"has-post-thumbnail","6":"product_cat-mobilier","7":"product_cat-table-de-reunion","10":"first","11":"instock","12":"shipping-taxable","13":"product-type-simple"},"aioseo_notices":[],"_links":{"self":[{"href":"https:\/\/z-v.fr\/fr\/wp-json\/wp\/v2\/product\/11364","targetHints":{"allow":["GET"]}}],"collection":[{"href":"https:\/\/z-v.fr\/fr\/wp-json\/wp\/v2\/product"}],"about":[{"href":"https:\/\/z-v.fr\/fr\/wp-json\/wp\/v2\/types\/product"}],"wp:featuredmedia":[{"embeddable":true,"href":"https:\/\/z-v.fr\/fr\/wp-json\/wp\/v2\/media\/1159"}],"wp:attachment":[{"href":"https:\/\/z-v.fr\/fr\/wp-json\/wp\/v2\/media?parent=11364"}],"wp:term":[{"taxonomy":"product_brand","embeddable":true,"href":"https:\/\/z-v.fr\/fr\/wp-json\/wp\/v2\/product_brand?post=11364"},{"taxonomy":"product_cat","embeddable":true,"href":"https:\/\/z-v.fr\/fr\/wp-json\/wp\/v2\/product_cat?post=11364"},{"taxonomy":"product_tag","embeddable":true,"href":"https:\/\/z-v.fr\/fr\/wp-json\/wp\/v2\/product_tag?post=11364"}],"curies":[{"name":"wp","href":"https:\/\/api.w.org\/{rel}","templated":true}]}}