{"id":11360,"date":"2025-08-31T04:06:06","date_gmt":"2025-08-30T20:06:06","guid":{"rendered":"https:\/\/zv.carbonpix.com\/?post_type=product&#038;p=11360"},"modified":"2025-09-17T19:21:33","modified_gmt":"2025-09-17T11:21:33","slug":"table-de-reunion-hauteur-ajustable-a-frame","status":"publish","type":"product","link":"https:\/\/z-v.fr\/fr\/produit\/table-de-reunion-hauteur-ajustable-a-frame","title":{"rendered":"Table de r\u00e9union &#8211; Hauteur Ajustable &#8211; A Frame"},"content":{"rendered":"<p><strong>Personnalisez-le selon votre style gr\u00e2ce \u00e0 ces diff\u00e9rentes finitions :<\/strong><\/p>\n<ul>\n<li>Plateaux en bois massif (bambou, ch\u00eane, h\u00e9v\u00e9a, noyer, etc.) ou en HPL Formica (toutes couleurs),<\/li>\n<li>Pieds carr\u00e9s, rectangulaires ou ronds,<\/li>\n<li>Nombreux styles de pieds,<\/li>\n<li>Command\u00e9 par un contr\u00f4leur de bureau avanc\u00e9 et notre application,<\/li>\n<li>\u00c9quip\u00e9 d\u2019une protection anti-collision et de r\u00e9glages personnalis\u00e9s.<\/li>\n<\/ul>\n<p><strong>Et adaptez votre poste de travail \u00e0 votre morphologie.<\/strong><\/p>\n<ul>\n<li>Hauteur r\u00e9glable de 600 mm (23&Prime;) \u00e0 1250 mm (49&Prime;) avec 4 positions m\u00e9morisables,<\/li>\n<li>Barre d\u2019alimentation, passe-c\u00e2bles sous bureau et gaines aimant\u00e9es offrant de multiples configurations,<\/li>\n<li>Caissons suspendus et bacs de rangement,<\/li>\n<li>\u00c9quip\u00e9 de s\u00e9parateurs en mat\u00e9riaux vari\u00e9s,<\/li>\n<li>Supports PC et bras pour \u00e9crans.<\/li>\n<\/ul>\n<p><img loading=\"lazy\" decoding=\"async\" src=\"https:\/\/z-v.fr\/wp-content\/uploads\/2021\/01\/SSD.jpg\" alt=\"SSD - Ergonomic Position\" width=\"287\" height=\"156\" \/><\/p>\n<p><strong>Nos tables, fiables, sont con\u00e7us pour durer et garantis 10 ans.<\/strong><\/p>\n","protected":false},"excerpt":{"rendered":"<p>Votre posture joue un r\u00f4le essentiel lorsque vous passez la journ\u00e9e \u00e0 un bureau. M\u00eame avec une chaise offrant un soutien optimal, il est important de se lever et de bouger r\u00e9guli\u00e8rement au cours de la journ\u00e9e.<\/p>\n<p><strong>Les tables de r\u00e9union assis-debout permettent de passer facilement de la position assise \u00e0 la position debout.<\/strong><\/p>\n<p>En position debout, le mouvement devient plus naturel. Vous transf\u00e9rez votre poids d\u2019une jambe \u00e0 l\u2019autre, ce qui soulage la pression sur le dos et am\u00e9liore la circulation sanguine dans tout le corps.<\/p>\n<p>Les \u00e9quipements assis-debout favorisent une meilleure posture et <strong>r\u00e9duisent les effets n\u00e9fastes d\u2019une position assise prolong\u00e9e<\/strong>.<\/p>\n","protected":false},"featured_media":1177,"template":"","meta":[],"product_brand":[],"product_cat":[1270,1276],"product_tag":[],"class_list":{"0":"post-11360","1":"product","2":"type-product","3":"status-publish","4":"has-post-thumbnail","6":"product_cat-mobilier","7":"product_cat-table-de-reunion","10":"first","11":"instock","12":"shipping-taxable","13":"product-type-simple"},"aioseo_notices":[],"_links":{"self":[{"href":"https:\/\/z-v.fr\/fr\/wp-json\/wp\/v2\/product\/11360","targetHints":{"allow":["GET"]}}],"collection":[{"href":"https:\/\/z-v.fr\/fr\/wp-json\/wp\/v2\/product"}],"about":[{"href":"https:\/\/z-v.fr\/fr\/wp-json\/wp\/v2\/types\/product"}],"wp:featuredmedia":[{"embeddable":true,"href":"https:\/\/z-v.fr\/fr\/wp-json\/wp\/v2\/media\/1177"}],"wp:attachment":[{"href":"https:\/\/z-v.fr\/fr\/wp-json\/wp\/v2\/media?parent=11360"}],"wp:term":[{"taxonomy":"product_brand","embeddable":true,"href":"https:\/\/z-v.fr\/fr\/wp-json\/wp\/v2\/product_brand?post=11360"},{"taxonomy":"product_cat","embeddable":true,"href":"https:\/\/z-v.fr\/fr\/wp-json\/wp\/v2\/product_cat?post=11360"},{"taxonomy":"product_tag","embeddable":true,"href":"https:\/\/z-v.fr\/fr\/wp-json\/wp\/v2\/product_tag?post=11360"}],"curies":[{"name":"wp","href":"https:\/\/api.w.org\/{rel}","templated":true}]}}