{"id":11348,"date":"2025-08-31T04:06:07","date_gmt":"2025-08-30T20:06:07","guid":{"rendered":"https:\/\/zv.carbonpix.com\/?post_type=product&#038;p=11348"},"modified":"2025-09-19T10:47:22","modified_gmt":"2025-09-19T02:47:22","slug":"panneau-acoustique-feutre-pet","status":"publish","type":"product","link":"https:\/\/z-v.fr\/fr\/produit\/panneau-acoustique-feutre-pet","title":{"rendered":"Panneau acoustique &#8211; Feutre PET"},"content":{"rendered":"<p><strong>Personnalisez-le selon votre style avec ces diff\u00e9rentes couleurs et formes :<\/strong><\/p>\n<ul>\n<li>Plus de 50 r\u00e9f\u00e9rences de panneaux acoustiques color\u00e9s,<\/li>\n<li>Formes 2D et 3D,<\/li>\n<li>Formes standards (carr\u00e9, rectangulaire, rond, triangle, etc.) et tout design fourni par vos soins.<\/li>\n<\/ul>\n<p><strong>Et avec les sp\u00e9cifications suivantes :<\/strong><\/p>\n<ul>\n<li>Installation sans outil,<\/li>\n<li>Compatible avec tout type de mur,<\/li>\n<li>R\u00e9sistant aux rayures et lavable,<\/li>\n<li>Ignifuge,<\/li>\n<li>L\u00e9ger et durable,<\/li>\n<li>Sans retrait,<\/li>\n<li>Faibles \u00e9missions de COV et 100\u202f% recyclable.<\/li>\n<\/ul>\n","protected":false},"excerpt":{"rendered":"<p><strong>Les panneaux acoustiques en feutre PET (Polyester) sont utilis\u00e9s pour r\u00e9duire la r\u00e9verb\u00e9ration sonore dans un espace clos. Non allerg\u00e8nes et \u00e0 faible \u00e9mission de COV, ils sont le seul mat\u00e9riau isolant en fibres approuv\u00e9 pour une utilisation sans restriction dans les b\u00e2timents hypoallerg\u00e9niques.<\/strong><\/p>\n<p>Facilement modulables, ils peuvent \u00eatre fa\u00e7onn\u00e9s sous toutes les formes et install\u00e9s au mur, au sol ou au plafond.<\/p>\n<p>Avec un coefficient d\u2019absorption acoustique (N.R.C) pouvant atteindre 0,95, ils sont ignifug\u00e9s et constituent une solution d\u2019isolation respectueuse de l\u2019environnement.<\/p>\n","protected":false},"featured_media":8852,"template":"","meta":[],"product_brand":[],"product_cat":[1268],"product_tag":[],"class_list":{"0":"post-11348","1":"product","2":"type-product","3":"status-publish","4":"has-post-thumbnail","6":"product_cat-solutions-acoustiques","9":"first","10":"instock","11":"shipping-taxable","12":"product-type-simple"},"aioseo_notices":[],"_links":{"self":[{"href":"https:\/\/z-v.fr\/fr\/wp-json\/wp\/v2\/product\/11348","targetHints":{"allow":["GET"]}}],"collection":[{"href":"https:\/\/z-v.fr\/fr\/wp-json\/wp\/v2\/product"}],"about":[{"href":"https:\/\/z-v.fr\/fr\/wp-json\/wp\/v2\/types\/product"}],"wp:featuredmedia":[{"embeddable":true,"href":"https:\/\/z-v.fr\/fr\/wp-json\/wp\/v2\/media\/8852"}],"wp:attachment":[{"href":"https:\/\/z-v.fr\/fr\/wp-json\/wp\/v2\/media?parent=11348"}],"wp:term":[{"taxonomy":"product_brand","embeddable":true,"href":"https:\/\/z-v.fr\/fr\/wp-json\/wp\/v2\/product_brand?post=11348"},{"taxonomy":"product_cat","embeddable":true,"href":"https:\/\/z-v.fr\/fr\/wp-json\/wp\/v2\/product_cat?post=11348"},{"taxonomy":"product_tag","embeddable":true,"href":"https:\/\/z-v.fr\/fr\/wp-json\/wp\/v2\/product_tag?post=11348"}],"curies":[{"name":"wp","href":"https:\/\/api.w.org\/{rel}","templated":true}]}}