{"id":11347,"date":"2025-08-31T04:06:08","date_gmt":"2025-08-30T20:06:08","guid":{"rendered":"https:\/\/zv.carbonpix.com\/?post_type=product&#038;p=11347"},"modified":"2025-09-17T19:18:08","modified_gmt":"2025-09-17T11:18:08","slug":"jasse-table-ronde","status":"publish","type":"product","link":"https:\/\/z-v.fr\/fr\/produit\/jasse-table-ronde","title":{"rendered":"Jasse &#8211; Table ronde"},"content":{"rendered":"<p><strong>Personnalisez-le selon votre style gr\u00e2ce \u00e0 ces diff\u00e9rentes finitions :<\/strong><\/p>\n<ul>\n<li>Bois massif (bambou, ch\u00eane, h\u00e9v\u00e9a, noyer, etc.),<\/li>\n<li>Verre peint,<\/li>\n<li>Contreplaqu\u00e9 plaqu\u00e9 ou peint,<\/li>\n<li>Stratifi\u00e9 HPL Formica (toutes les couleurs).<\/li>\n<\/ul>\n<p><strong>Et une gamme compl\u00e8te vous permettant d&rsquo;assurer une coh\u00e9rence dans tous vos espaces :<\/strong><\/p>\n<ul>\n<li>Poste de travail &amp; caisson,<\/li>\n<li>Bureau de direction,<\/li>\n<li>Commode &amp; biblioth\u00e8que,<\/li>\n<li>Table de r\u00e9union.<\/li>\n<\/ul>\n<p><strong>Composants optionnels :<\/strong><\/p>\n<ul>\n<li>Barre d\u2019alimentation, goulotte passe-c\u00e2bles sous le bureau et gaines magn\u00e9tiques pour une vari\u00e9t\u00e9 de configurations,<\/li>\n<li>Cloisons en mat\u00e9riaux multiples,<\/li>\n<li>Supports UC et bras pour \u00e9crans.<\/li>\n<\/ul>\n","protected":false},"excerpt":{"rendered":"<p><strong>La collection Jasse allie modernisme et simplicit\u00e9, inspir\u00e9e d\u2019une touche nordique.<\/strong><\/p>\n<p>Fabriqu\u00e9e avec des composants haut de gamme et durables, nous proposons une vari\u00e9t\u00e9 de mat\u00e9riaux et de finitions sur mesure pour cr\u00e9er votre style unique.<\/p>\n<p>Cette collection, avec son large \u00e9ventail de postes de travail, bureaux, tables et rangements, offre toute la gamme n\u00e9cessaire pour am\u00e9nager int\u00e9gralement votre espace de travail.<\/p>\n","protected":false},"featured_media":1333,"template":"","meta":[],"product_brand":[],"product_cat":[1270,1276],"product_tag":[],"class_list":{"0":"post-11347","1":"product","2":"type-product","3":"status-publish","4":"has-post-thumbnail","6":"product_cat-mobilier","7":"product_cat-table-de-reunion","10":"first","11":"instock","12":"shipping-taxable","13":"product-type-simple"},"aioseo_notices":[],"_links":{"self":[{"href":"https:\/\/z-v.fr\/fr\/wp-json\/wp\/v2\/product\/11347","targetHints":{"allow":["GET"]}}],"collection":[{"href":"https:\/\/z-v.fr\/fr\/wp-json\/wp\/v2\/product"}],"about":[{"href":"https:\/\/z-v.fr\/fr\/wp-json\/wp\/v2\/types\/product"}],"wp:featuredmedia":[{"embeddable":true,"href":"https:\/\/z-v.fr\/fr\/wp-json\/wp\/v2\/media\/1333"}],"wp:attachment":[{"href":"https:\/\/z-v.fr\/fr\/wp-json\/wp\/v2\/media?parent=11347"}],"wp:term":[{"taxonomy":"product_brand","embeddable":true,"href":"https:\/\/z-v.fr\/fr\/wp-json\/wp\/v2\/product_brand?post=11347"},{"taxonomy":"product_cat","embeddable":true,"href":"https:\/\/z-v.fr\/fr\/wp-json\/wp\/v2\/product_cat?post=11347"},{"taxonomy":"product_tag","embeddable":true,"href":"https:\/\/z-v.fr\/fr\/wp-json\/wp\/v2\/product_tag?post=11347"}],"curies":[{"name":"wp","href":"https:\/\/api.w.org\/{rel}","templated":true}]}}