{"id":11343,"date":"2025-08-31T04:06:08","date_gmt":"2025-08-30T20:06:08","guid":{"rendered":"https:\/\/zv.carbonpix.com\/?post_type=product&#038;p=11343"},"modified":"2025-09-25T14:07:51","modified_gmt":"2025-09-25T06:07:51","slug":"caeser-commode","status":"publish","type":"product","link":"https:\/\/z-v.fr\/fr\/produit\/caeser-commode","title":{"rendered":"Caeser &#8211; Commode"},"content":{"rendered":"<p><strong>Personnalisez-la selon votre style gr\u00e2ce \u00e0 ces diff\u00e9rentes finitions :<\/strong><\/p>\n<ul>\n<li>Bois massif (bambou, ch\u00eane, h\u00e9v\u00e9a, noyer, etc.),<\/li>\n<li>Verre peint,<\/li>\n<li>Contreplaqu\u00e9 plaqu\u00e9 ou peint,<\/li>\n<li>Stratifi\u00e9 HPL Formica (toutes les couleurs).<\/li>\n<\/ul>\n<p><strong>Et une gamme compl\u00e8te vous permettant d&rsquo;assurer une coh\u00e9rence dans tous vos espaces :<\/strong><\/p>\n<ul>\n<li>Poste de travail &amp; caisson,<\/li>\n<li>Bureau de direction,<\/li>\n<li>Commode &amp; biblioth\u00e8que,<\/li>\n<li>Table de r\u00e9union.<\/li>\n<\/ul>\n<p><strong>Composants optionnels :<\/strong><\/p>\n<ul>\n<li>Barre d\u2019alimentation, goulotte passe-c\u00e2bles sous le bureau et gaines magn\u00e9tiques pour une vari\u00e9t\u00e9 de configurations,<\/li>\n<li>Cloisons en mat\u00e9riaux multiples,<\/li>\n<li>Supports UC et bras pour \u00e9crans.<\/li>\n<\/ul>\n","protected":false},"excerpt":{"rendered":"<p><strong>Caeser allie fonctionnalit\u00e9 et \u00e9l\u00e9gance pour valoriser votre espace de travail.<\/strong><\/p>\n<p>Con\u00e7ue \u00e0 partir de composants haut de gamme et durables, cette gamme propose une vari\u00e9t\u00e9 de mat\u00e9riaux et de finitions que nous personnalisons selon votre style.<\/p>\n<p>Avec son large assortiment de postes de travail, bureaux, tables et rangements, cette collection offre l\u2019ensemble n\u00e9cessaire pour am\u00e9nager int\u00e9gralement vos bureaux.<\/p>\n","protected":false},"featured_media":1359,"template":"","meta":[],"product_brand":[],"product_cat":[1270,1282],"product_tag":[],"class_list":{"0":"post-11343","1":"product","2":"type-product","3":"status-publish","4":"has-post-thumbnail","6":"product_cat-mobilier","7":"product_cat-meuble-de-rangement","10":"first","11":"instock","12":"shipping-taxable","13":"product-type-simple"},"aioseo_notices":[],"_links":{"self":[{"href":"https:\/\/z-v.fr\/fr\/wp-json\/wp\/v2\/product\/11343","targetHints":{"allow":["GET"]}}],"collection":[{"href":"https:\/\/z-v.fr\/fr\/wp-json\/wp\/v2\/product"}],"about":[{"href":"https:\/\/z-v.fr\/fr\/wp-json\/wp\/v2\/types\/product"}],"wp:featuredmedia":[{"embeddable":true,"href":"https:\/\/z-v.fr\/fr\/wp-json\/wp\/v2\/media\/1359"}],"wp:attachment":[{"href":"https:\/\/z-v.fr\/fr\/wp-json\/wp\/v2\/media?parent=11343"}],"wp:term":[{"taxonomy":"product_brand","embeddable":true,"href":"https:\/\/z-v.fr\/fr\/wp-json\/wp\/v2\/product_brand?post=11343"},{"taxonomy":"product_cat","embeddable":true,"href":"https:\/\/z-v.fr\/fr\/wp-json\/wp\/v2\/product_cat?post=11343"},{"taxonomy":"product_tag","embeddable":true,"href":"https:\/\/z-v.fr\/fr\/wp-json\/wp\/v2\/product_tag?post=11343"}],"curies":[{"name":"wp","href":"https:\/\/api.w.org\/{rel}","templated":true}]}}