{"id":11335,"date":"2025-08-31T04:06:28","date_gmt":"2025-08-30T20:06:28","guid":{"rendered":"https:\/\/zv.carbonpix.com\/?post_type=product&#038;p=11335"},"modified":"2025-09-24T13:40:25","modified_gmt":"2025-09-24T05:40:25","slug":"mac-table-de-reunion-xl","status":"publish","type":"product","link":"https:\/\/z-v.fr\/fr\/produit\/mac-table-de-reunion-xl","title":{"rendered":"Mac &#8211; Table de R\u00e9union XL"},"content":{"rendered":"<p><strong>Personnalisez-le selon votre style avec ces diff\u00e9rentes finitions :<\/strong><\/p>\n<ul>\n<li>Bois massif (bambou, ch\u00eane, h\u00e9v\u00e9a, noyer, etc.),<\/li>\n<li>Verre peint,<\/li>\n<li>Contreplaqu\u00e9 plaqu\u00e9 bois ou peint,<\/li>\n<li>Stratifi\u00e9 HPL Formica (toutes couleurs).<\/li>\n<\/ul>\n<p><strong>Et une gamme compl\u00e8te pour assurer une coh\u00e9rence dans tous vos espaces :<\/strong><\/p>\n<ul>\n<li>Poste de travail &amp; caisson,<\/li>\n<li>Bureau de direction,<\/li>\n<li>Commode &amp; biblioth\u00e8que,<\/li>\n<li>Table de r\u00e9union.<\/li>\n<\/ul>\n<p><strong>\u00c9l\u00e9ments optionnels :<\/strong><\/p>\n<ul>\n<li>Goulotte d\u2019alimentation, passe-c\u00e2bles sous le bureau et guides c\u00e2bles magn\u00e9tiques pour diff\u00e9rentes configurations,<\/li>\n<li>Cloisons en mat\u00e9riaux multiples,<\/li>\n<li>Supports pour unit\u00e9 centrale et bras pour \u00e9crans.<\/li>\n<\/ul>\n","protected":false},"excerpt":{"rendered":"<p data-source-line=\"5-5\"><strong>La collection Mac marie harmonieusement lignes \u00e9pur\u00e9es aux angles arrondis, cr\u00e9ant une esth\u00e9tique raffin\u00e9e qui apporte douceur et \u00e9l\u00e9gance \u00e0 votre environnement professionnel.<\/strong><\/p>\n<p data-source-line=\"7-7\">Con\u00e7ue \u00e0 partir de mat\u00e9riaux premium et p\u00e9rennes, cette gamme se d\u00e9cline en une multitude de finitions personnalisables, vous permettant de fa\u00e7onner un univers de travail \u00e0 votre image.<\/p>\n<p data-source-line=\"9-9\">Avec son \u00e9ventail complet de postes de travail, bureaux directionnels, tables de r\u00e9union et solutions de rangement, la collection Mac r\u00e9pond \u00e0 tous vos besoins d\u2019am\u00e9nagement pour cr\u00e9er un espace professionnel coh\u00e9rent et fonctionnel.<\/p>\n","protected":false},"featured_media":1413,"template":"","meta":[],"product_brand":[],"product_cat":[1270,1276],"product_tag":[],"class_list":{"0":"post-11335","1":"product","2":"type-product","3":"status-publish","4":"has-post-thumbnail","6":"product_cat-mobilier","7":"product_cat-table-de-reunion","10":"first","11":"instock","12":"shipping-taxable","13":"product-type-simple"},"aioseo_notices":[],"_links":{"self":[{"href":"https:\/\/z-v.fr\/fr\/wp-json\/wp\/v2\/product\/11335","targetHints":{"allow":["GET"]}}],"collection":[{"href":"https:\/\/z-v.fr\/fr\/wp-json\/wp\/v2\/product"}],"about":[{"href":"https:\/\/z-v.fr\/fr\/wp-json\/wp\/v2\/types\/product"}],"wp:featuredmedia":[{"embeddable":true,"href":"https:\/\/z-v.fr\/fr\/wp-json\/wp\/v2\/media\/1413"}],"wp:attachment":[{"href":"https:\/\/z-v.fr\/fr\/wp-json\/wp\/v2\/media?parent=11335"}],"wp:term":[{"taxonomy":"product_brand","embeddable":true,"href":"https:\/\/z-v.fr\/fr\/wp-json\/wp\/v2\/product_brand?post=11335"},{"taxonomy":"product_cat","embeddable":true,"href":"https:\/\/z-v.fr\/fr\/wp-json\/wp\/v2\/product_cat?post=11335"},{"taxonomy":"product_tag","embeddable":true,"href":"https:\/\/z-v.fr\/fr\/wp-json\/wp\/v2\/product_tag?post=11335"}],"curies":[{"name":"wp","href":"https:\/\/api.w.org\/{rel}","templated":true}]}}