{"id":11328,"date":"2025-08-31T04:06:29","date_gmt":"2025-08-30T20:06:29","guid":{"rendered":"https:\/\/zv.carbonpix.com\/?post_type=product&#038;p=11328"},"modified":"2025-09-17T18:23:56","modified_gmt":"2025-09-17T10:23:56","slug":"cabine-telephonique-interieur","status":"publish","type":"product","link":"https:\/\/z-v.fr\/fr\/produit\/cabine-telephonique-interieur","title":{"rendered":"Cabine t\u00e9l\u00e9phonique &#8211; Int\u00e9rieur"},"content":{"rendered":"<p><strong>Personnalisez-le selon votre style gr\u00e2ce \u00e0 ces diff\u00e9rentes finitions :<\/strong><\/p>\n<ul>\n<li>Toutes les couleurs de peinture disponibles,<\/li>\n<li>Plus de 50 r\u00e9f\u00e9rences de coloris de panneaux acoustiques PET,<\/li>\n<li>6 largeurs pour s\u2019adapter \u00e0 toutes les configurations,<\/li>\n<li>Simple ou double vitrage lat\u00e9ral (verre tremp\u00e9),<\/li>\n<li>Bureau en m\u00e9tal ou en bois.<\/li>\n<\/ul>\n<p><strong>Et \u00e9quip\u00e9 des fonctionnalit\u00e9s essentielles :<\/strong><\/p>\n<ul>\n<li>1 bureau \u2013 50 x 25 x 10 cm,<\/li>\n<li>2 spots LED encastr\u00e9s (UL\/CE),<\/li>\n<li>2 ventilations (entr\u00e9e\/sortie) pour une circulation d\u2019air efficace,<\/li>\n<li>1 interrupteur double (UL\/CE) pour contr\u00f4ler l\u2019\u00e9clairage et la ventilation,<\/li>\n<li>1 prise \u00e9lectrique (UL\/CE) avec ports de charge USB,<\/li>\n<li>1 acc\u00e8s RJ45,<\/li>\n<li>Poign\u00e9e de porte standard ou \u00e9quip\u00e9e de notre syst\u00e8me de verrouillage intelligent,<\/li>\n<li>Fournie avec roulettes robustes et pieds r\u00e9glables.<\/li>\n<\/ul>\n","protected":false},"excerpt":{"rendered":"<p><strong>Manquant d\u2019intimit\u00e9 et de calme, les bureaux ont besoin d\u2019espaces d\u00e9di\u00e9s aux appels t\u00e9l\u00e9phoniques et aux discussions priv\u00e9es. Les cabines, stations et lounges de r\u00e9union sont id\u00e9als pour permettre \u00e0 la confidentialit\u00e9 de s\u2019exprimer tout au long de la journ\u00e9e.<\/strong><\/p>\n<p>Dot\u00e9s de fortes propri\u00e9t\u00e9s acoustiques, ils assurent une isolation sonore efficace avec un encombrement r\u00e9duit, facilitant leur int\u00e9gration dans les espaces existants.<\/p>\n<p>Enti\u00e8rement \u00e9quip\u00e9s d\u2019un \u00e9clairage, de prises \u00e9lectriques, d\u2019une ventilation, d\u2019une table et d\u2019une assise, ils constituent le cocon confortable indispensable \u00e0 chaque environnement de travail.<\/p>\n","protected":false},"featured_media":8944,"template":"","meta":[],"product_brand":[],"product_cat":[1270,1286],"product_tag":[],"class_list":{"0":"post-11328","1":"product","2":"type-product","3":"status-publish","4":"has-post-thumbnail","6":"product_cat-mobilier","7":"product_cat-cabine-acoustique","10":"first","11":"instock","12":"shipping-taxable","13":"product-type-simple"},"aioseo_notices":[],"_links":{"self":[{"href":"https:\/\/z-v.fr\/fr\/wp-json\/wp\/v2\/product\/11328","targetHints":{"allow":["GET"]}}],"collection":[{"href":"https:\/\/z-v.fr\/fr\/wp-json\/wp\/v2\/product"}],"about":[{"href":"https:\/\/z-v.fr\/fr\/wp-json\/wp\/v2\/types\/product"}],"wp:featuredmedia":[{"embeddable":true,"href":"https:\/\/z-v.fr\/fr\/wp-json\/wp\/v2\/media\/8944"}],"wp:attachment":[{"href":"https:\/\/z-v.fr\/fr\/wp-json\/wp\/v2\/media?parent=11328"}],"wp:term":[{"taxonomy":"product_brand","embeddable":true,"href":"https:\/\/z-v.fr\/fr\/wp-json\/wp\/v2\/product_brand?post=11328"},{"taxonomy":"product_cat","embeddable":true,"href":"https:\/\/z-v.fr\/fr\/wp-json\/wp\/v2\/product_cat?post=11328"},{"taxonomy":"product_tag","embeddable":true,"href":"https:\/\/z-v.fr\/fr\/wp-json\/wp\/v2\/product_tag?post=11328"}],"curies":[{"name":"wp","href":"https:\/\/api.w.org\/{rel}","templated":true}]}}