{"id":11326,"date":"2025-08-31T04:06:29","date_gmt":"2025-08-30T20:06:29","guid":{"rendered":"https:\/\/zv.carbonpix.com\/?post_type=product&#038;p=11326"},"modified":"2025-09-17T18:31:13","modified_gmt":"2025-09-17T10:31:13","slug":"station-telephonique","status":"publish","type":"product","link":"https:\/\/z-v.fr\/fr\/produit\/station-telephonique","title":{"rendered":"Station t\u00e9l\u00e9phonique"},"content":{"rendered":"<p><strong>Personnalisez-le selon votre style avec ces diff\u00e9rentes finitions :<\/strong><\/p>\n<ul>\n<li>Plus de 50 coloris de panneaux acoustiques PET,<\/li>\n<li>Mono ou bi-coloris,<\/li>\n<li>Tailles Large et X-Large,<\/li>\n<li>Bureau droit ou courb\u00e9.<\/li>\n<\/ul>\n<p><strong>Et avec les caract\u00e9ristiques suivantes :<\/strong><\/p>\n<ul>\n<li>Montage sans outil,<\/li>\n<li>Installation possible sur n\u2019importe quel mur,<\/li>\n<li>Facilement d\u00e9pla\u00e7able.<\/li>\n<\/ul>\n<p><strong>Options :<\/strong><\/p>\n<ul>\n<li>\u00c9quip\u00e9 d\u2019un syst\u00e8me \u00e9lectrique et d\u2019\u00e9clairage,<\/li>\n<li>Personnalisation de la forme selon vos envies,<\/li>\n<li>Int\u00e9gration du logo de votre entreprise.<\/li>\n<\/ul>\n","protected":false},"excerpt":{"rendered":"<p><strong>Manquant d\u2019intimit\u00e9 et de calme, les bureaux ont besoin d\u2019espaces d\u00e9di\u00e9s aux appels t\u00e9l\u00e9phoniques et aux discussions priv\u00e9es. La cabine, la station et le lounge de r\u00e9union sont id\u00e9als pour permettre \u00e0 la confidentialit\u00e9 de s\u2019exprimer tout au long de la journ\u00e9e.<\/strong><\/p>\n<p>Dot\u00e9s de fortes propri\u00e9t\u00e9s acoustiques, ils offrent une isolation sonore efficace tout en occupant une surface r\u00e9duite, facilitant ainsi leur int\u00e9gration dans les espaces existants.<\/p>\n<p>Enti\u00e8rement \u00e9quip\u00e9s avec \u00e9clairage, prises \u00e9lectriques, ventilation, table et assise, ils constituent le cocon confortable indispensable \u00e0 tout espace de travail.<\/p>\n","protected":false},"featured_media":8955,"template":"","meta":[],"product_brand":[],"product_cat":[1270,1286],"product_tag":[],"class_list":{"0":"post-11326","1":"product","2":"type-product","3":"status-publish","4":"has-post-thumbnail","6":"product_cat-mobilier","7":"product_cat-cabine-acoustique","10":"first","11":"instock","12":"shipping-taxable","13":"product-type-simple"},"aioseo_notices":[],"_links":{"self":[{"href":"https:\/\/z-v.fr\/fr\/wp-json\/wp\/v2\/product\/11326","targetHints":{"allow":["GET"]}}],"collection":[{"href":"https:\/\/z-v.fr\/fr\/wp-json\/wp\/v2\/product"}],"about":[{"href":"https:\/\/z-v.fr\/fr\/wp-json\/wp\/v2\/types\/product"}],"wp:featuredmedia":[{"embeddable":true,"href":"https:\/\/z-v.fr\/fr\/wp-json\/wp\/v2\/media\/8955"}],"wp:attachment":[{"href":"https:\/\/z-v.fr\/fr\/wp-json\/wp\/v2\/media?parent=11326"}],"wp:term":[{"taxonomy":"product_brand","embeddable":true,"href":"https:\/\/z-v.fr\/fr\/wp-json\/wp\/v2\/product_brand?post=11326"},{"taxonomy":"product_cat","embeddable":true,"href":"https:\/\/z-v.fr\/fr\/wp-json\/wp\/v2\/product_cat?post=11326"},{"taxonomy":"product_tag","embeddable":true,"href":"https:\/\/z-v.fr\/fr\/wp-json\/wp\/v2\/product_tag?post=11326"}],"curies":[{"name":"wp","href":"https:\/\/api.w.org\/{rel}","templated":true}]}}