{"id":11324,"date":"2025-08-31T04:06:29","date_gmt":"2025-08-30T20:06:29","guid":{"rendered":"https:\/\/zv.carbonpix.com\/?post_type=product&#038;p=11324"},"modified":"2025-09-19T10:37:47","modified_gmt":"2025-09-19T02:37:47","slug":"cloison-de-separation","status":"publish","type":"product","link":"https:\/\/z-v.fr\/fr\/produit\/cloison-de-separation","title":{"rendered":"Cloison de s\u00e9paration"},"content":{"rendered":"<p><strong>Personnalisez-le selon votre style avec ces diff\u00e9rents mat\u00e9riaux et coloris :<\/strong><\/p>\n<ul>\n<li>Plus de 50 r\u00e9f\u00e9rences de couleurs de panneaux acoustiques en PET,<\/li>\n<li>Monochromes ou multicolores,<\/li>\n<li>Formes standard ou enti\u00e8rement personnalis\u00e9es.<\/li>\n<\/ul>\n<p><strong>Et avec les caract\u00e9ristiques suivantes\u00a0:<\/strong><\/p>\n<ul>\n<li>Assemblage sans outil,<\/li>\n<li>Installation possible sur tout type de sol,<\/li>\n<li>Facilement d\u00e9pla\u00e7able.<\/li>\n<\/ul>\n<p><strong>Options disponibles\u00a0:<\/strong><\/p>\n<ul>\n<li>Formes sur mesure selon vos envies,<\/li>\n<li>Int\u00e9gration de votre logo d\u2019entreprise.<\/li>\n<\/ul>\n","protected":false},"excerpt":{"rendered":"<p><strong>Manquant d\u2019intimit\u00e9 et de calme, les open spaces ont besoin de cloisons acoustiques pour r\u00e9duire les bruits ambiants et d\u00e9finir des zones sp\u00e9cifiques. Celles-ci apportent davantage de confidentialit\u00e9 et de concentration tout au long de la journ\u00e9e, et permettent de cr\u00e9er facilement des s\u00e9parations modulables.<\/strong><\/p>\n<p>Dot\u00e9es de fortes propri\u00e9t\u00e9s acoustiques, elles assurent une bonne absorption sonore avec un faible encombrement, facilitant leur int\u00e9gration dans les espaces existants.<\/p>\n<p>Disponibles en diff\u00e9rentes couleurs, mati\u00e8res et formes, ainsi que selon votre design personnalis\u00e9.<\/p>\n","protected":false},"featured_media":8963,"template":"","meta":[],"product_brand":[],"product_cat":[1268],"product_tag":[],"class_list":{"0":"post-11324","1":"product","2":"type-product","3":"status-publish","4":"has-post-thumbnail","6":"product_cat-solutions-acoustiques","9":"first","10":"instock","11":"shipping-taxable","12":"product-type-simple"},"aioseo_notices":[],"_links":{"self":[{"href":"https:\/\/z-v.fr\/fr\/wp-json\/wp\/v2\/product\/11324","targetHints":{"allow":["GET"]}}],"collection":[{"href":"https:\/\/z-v.fr\/fr\/wp-json\/wp\/v2\/product"}],"about":[{"href":"https:\/\/z-v.fr\/fr\/wp-json\/wp\/v2\/types\/product"}],"wp:featuredmedia":[{"embeddable":true,"href":"https:\/\/z-v.fr\/fr\/wp-json\/wp\/v2\/media\/8963"}],"wp:attachment":[{"href":"https:\/\/z-v.fr\/fr\/wp-json\/wp\/v2\/media?parent=11324"}],"wp:term":[{"taxonomy":"product_brand","embeddable":true,"href":"https:\/\/z-v.fr\/fr\/wp-json\/wp\/v2\/product_brand?post=11324"},{"taxonomy":"product_cat","embeddable":true,"href":"https:\/\/z-v.fr\/fr\/wp-json\/wp\/v2\/product_cat?post=11324"},{"taxonomy":"product_tag","embeddable":true,"href":"https:\/\/z-v.fr\/fr\/wp-json\/wp\/v2\/product_tag?post=11324"}],"curies":[{"name":"wp","href":"https:\/\/api.w.org\/{rel}","templated":true}]}}