{"id":11322,"date":"2025-08-31T04:06:29","date_gmt":"2025-08-30T20:06:29","guid":{"rendered":"https:\/\/zv.carbonpix.com\/?post_type=product&#038;p=11322"},"modified":"2025-09-19T12:23:03","modified_gmt":"2025-09-19T04:23:03","slug":"cabine-canape-modpod","status":"publish","type":"product","link":"https:\/\/z-v.fr\/fr\/produit\/cabine-canape-modpod","title":{"rendered":"Cabine canap\u00e9 &#8211; ModPod"},"content":{"rendered":"<p><strong>Personnalisez-le selon votre style gr\u00e2ce \u00e0 ces diff\u00e9rentes finitions :<\/strong><\/p>\n<ul>\n<li>Diff\u00e9rentes teintes et coloris de bois,<\/li>\n<li>Des centaines de types et coloris de tissus,<\/li>\n<li>Mat\u00e9riaux mixtes disponibles,<\/li>\n<li>Peut \u00eatre adapt\u00e9 \u00e0 vos dimensions.<\/li>\n<\/ul>\n<p><strong>Et configurez-le selon les fonctionnalit\u00e9s souhait\u00e9es :<\/strong><\/p>\n<ul>\n<li>3 mod\u00e8les avec 1\/2\/3 places assises,<\/li>\n<li>Coins (droit\/gauche) et module central,<\/li>\n<li>Cloison,<\/li>\n<li>Tables basse et d\u2019appoint,<\/li>\n<li>Accoudoirs,<\/li>\n<li>Repose-pied,<\/li>\n<li>Compatible avec roulettes.<\/li>\n<\/ul>\n","protected":false},"excerpt":{"rendered":"<p><strong>Id\u00e9aux pour am\u00e9nager des zones de r\u00e9union ou des espaces de travail d\u00e9tendus dans vos bureaux, ces Sofa Pods peuvent \u00eatre configur\u00e9s selon vos envies.<\/strong><\/p>\n<p>Avec leurs modules 1\/2\/3 places, angles et \u00e9l\u00e9ments centraux, \u00e9quip\u00e9s de tables de travail et d\u2019ottomans, vous pouvez les agencer dans n\u2019importe quelle configuration adapt\u00e9e \u00e0 votre espace et \u00e0 vos besoins. Flexibles, ils \u00e9voluent selon les changements de situation.<\/p>\n<p>Fabriqu\u00e9s en bois massif, avec des mat\u00e9riaux acoustiques et diff\u00e9rents styles de tissu, ils sont \u00e0 la fois esth\u00e9tiques et fonctionnels, tout en contribuant \u00e0 r\u00e9duire le bruit ambiant pour rendre votre environnement plus confortable et silencieux.<\/p>\n","protected":false},"featured_media":1519,"template":"","meta":[],"product_brand":[],"product_cat":[1270,1279,1278],"product_tag":[],"class_list":{"0":"post-11322","1":"product","2":"type-product","3":"status-publish","4":"has-post-thumbnail","6":"product_cat-mobilier","7":"product_cat-systeme-dassise-modulable","8":"product_cat-bulle-de-travail","11":"first","12":"instock","13":"shipping-taxable","14":"product-type-simple"},"aioseo_notices":[],"_links":{"self":[{"href":"https:\/\/z-v.fr\/fr\/wp-json\/wp\/v2\/product\/11322","targetHints":{"allow":["GET"]}}],"collection":[{"href":"https:\/\/z-v.fr\/fr\/wp-json\/wp\/v2\/product"}],"about":[{"href":"https:\/\/z-v.fr\/fr\/wp-json\/wp\/v2\/types\/product"}],"wp:featuredmedia":[{"embeddable":true,"href":"https:\/\/z-v.fr\/fr\/wp-json\/wp\/v2\/media\/1519"}],"wp:attachment":[{"href":"https:\/\/z-v.fr\/fr\/wp-json\/wp\/v2\/media?parent=11322"}],"wp:term":[{"taxonomy":"product_brand","embeddable":true,"href":"https:\/\/z-v.fr\/fr\/wp-json\/wp\/v2\/product_brand?post=11322"},{"taxonomy":"product_cat","embeddable":true,"href":"https:\/\/z-v.fr\/fr\/wp-json\/wp\/v2\/product_cat?post=11322"},{"taxonomy":"product_tag","embeddable":true,"href":"https:\/\/z-v.fr\/fr\/wp-json\/wp\/v2\/product_tag?post=11322"}],"curies":[{"name":"wp","href":"https:\/\/api.w.org\/{rel}","templated":true}]}}