{"id":11321,"date":"2025-08-31T04:06:29","date_gmt":"2025-08-30T20:06:29","guid":{"rendered":"https:\/\/zv.carbonpix.com\/?post_type=product&#038;p=11321"},"modified":"2025-09-19T12:22:19","modified_gmt":"2025-09-19T04:22:19","slug":"maison-pod-hopod","status":"publish","type":"product","link":"https:\/\/z-v.fr\/fr\/produit\/maison-pod-hopod","title":{"rendered":"Maison pod &#8211; Hopod"},"content":{"rendered":"<p><strong>Personnalisez-le selon votre style gr\u00e2ce \u00e0 ces diff\u00e9rentes finitions :<\/strong><\/p>\n<ul>\n<li>Diff\u00e9rentes teintes et couleurs de bois,<\/li>\n<li>Des centaines de types et coloris de tissus,<\/li>\n<li>Mat\u00e9riaux mixtes disponibles,<\/li>\n<li>Personnalisable \u00e0 vos dimensions.<\/li>\n<\/ul>\n<p><strong>Et configurez-le selon vos fonctionnalit\u00e9s :<\/strong><\/p>\n<ul>\n<li>3 mod\u00e8les avec 1\/2\/3 places assises,<\/li>\n<li>Cloison,<\/li>\n<li>Table,<\/li>\n<li>Accoudoirs,<\/li>\n<li>Prises de courant &amp; donn\u00e9es,<\/li>\n<li>Compatible avec roulettes.<\/li>\n<\/ul>\n","protected":false},"excerpt":{"rendered":"<p><strong>Id\u00e9ales pour am\u00e9nager des zones confortables dans vos bureaux ou des espaces de travail d\u00e9contract\u00e9s, ces House Pods peuvent \u00eatre configur\u00e9es selon vos besoins.<\/strong><\/p>\n<p>Propos\u00e9es en versions 1\/2\/3 places et \u00e9quip\u00e9es de tables de travail, elles s\u2019agencent dans toutes les configurations adapt\u00e9es \u00e0 votre espace et \u00e0 vos usages. Flexibles, elles \u00e9volueront au rythme de vos environnements.<\/p>\n<p>Fabriqu\u00e9es en contreplaqu\u00e9, avec des mat\u00e9riaux acoustiques et diff\u00e9rents styles de tissu, elles sont \u00e0 la fois esth\u00e9tiques et fonctionnelles, tout en contribuant \u00e0 r\u00e9duire le bruit ambiant pour un environnement plus calme et confortable.<\/p>\n","protected":false},"featured_media":1537,"template":"","meta":[],"product_brand":[],"product_cat":[1270,1278],"product_tag":[],"class_list":{"0":"post-11321","1":"product","2":"type-product","3":"status-publish","4":"has-post-thumbnail","6":"product_cat-mobilier","7":"product_cat-bulle-de-travail","10":"first","11":"instock","12":"shipping-taxable","13":"product-type-simple"},"aioseo_notices":[],"_links":{"self":[{"href":"https:\/\/z-v.fr\/fr\/wp-json\/wp\/v2\/product\/11321","targetHints":{"allow":["GET"]}}],"collection":[{"href":"https:\/\/z-v.fr\/fr\/wp-json\/wp\/v2\/product"}],"about":[{"href":"https:\/\/z-v.fr\/fr\/wp-json\/wp\/v2\/types\/product"}],"wp:featuredmedia":[{"embeddable":true,"href":"https:\/\/z-v.fr\/fr\/wp-json\/wp\/v2\/media\/1537"}],"wp:attachment":[{"href":"https:\/\/z-v.fr\/fr\/wp-json\/wp\/v2\/media?parent=11321"}],"wp:term":[{"taxonomy":"product_brand","embeddable":true,"href":"https:\/\/z-v.fr\/fr\/wp-json\/wp\/v2\/product_brand?post=11321"},{"taxonomy":"product_cat","embeddable":true,"href":"https:\/\/z-v.fr\/fr\/wp-json\/wp\/v2\/product_cat?post=11321"},{"taxonomy":"product_tag","embeddable":true,"href":"https:\/\/z-v.fr\/fr\/wp-json\/wp\/v2\/product_tag?post=11321"}],"curies":[{"name":"wp","href":"https:\/\/api.w.org\/{rel}","templated":true}]}}