{"id":11320,"date":"2025-08-31T04:06:29","date_gmt":"2025-08-30T20:06:29","guid":{"rendered":"https:\/\/zv.carbonpix.com\/?post_type=product&#038;p=11320"},"modified":"2025-09-19T12:20:58","modified_gmt":"2025-09-19T04:20:58","slug":"cabine-de-travail-workpod","status":"publish","type":"product","link":"https:\/\/z-v.fr\/fr\/produit\/cabine-de-travail-workpod","title":{"rendered":"Cabine de travail &#8211; WorkPod"},"content":{"rendered":"<p><strong>Personnalisez-le selon votre style avec ces diff\u00e9rentes finitions :<\/strong><\/p>\n<ul>\n<li>Diff\u00e9rentes couleurs de contreplaqu\u00e9 HPL,<\/li>\n<li>Des centaines de types et coloris de tissus,<\/li>\n<li>Mat\u00e9riaux multiples disponibles,<\/li>\n<li>Peut \u00eatre adapt\u00e9 \u00e0 vos dimensions.<\/li>\n<\/ul>\n<p><strong>Et configurez selon vos besoins :<\/strong><\/p>\n<ul>\n<li>3 versions avec 1\/2\/3 places assises,<\/li>\n<li>Angles (droit\/gauche) et module central,<\/li>\n<li>Cloison,<\/li>\n<li>Table,<\/li>\n<li>Accoudoir,<\/li>\n<li>Prises d\u2019alimentation &amp; de donn\u00e9es,<\/li>\n<li>\u00c9clairage,<\/li>\n<li>Compatible roulettes.<\/li>\n<\/ul>\n","protected":false},"excerpt":{"rendered":"<p><strong>Id\u00e9aux pour cr\u00e9er des zones de r\u00e9union ou des espaces de travail dans vos bureaux, ces Working Pods peuvent \u00eatre configur\u00e9s selon vos souhaits.<\/strong><\/p>\n<p>Avec des modules 1\/2\/3 places, des angles et des \u00e9l\u00e9ments centraux, \u00e9quip\u00e9s de tables de travail, vous pouvez les agencer dans n\u2019importe quelle configuration adapt\u00e9e \u00e0 votre espace et \u00e0 vos besoins. Flexibles, ils \u00e9volueront selon les situations.<\/p>\n<p>Fabriqu\u00e9s en contreplaqu\u00e9 stratifi\u00e9, avec des mat\u00e9riaux acoustiques et diff\u00e9rents styles de tissu, ils sont \u00e0 la fois esth\u00e9tiques et fonctionnels, tout en contribuant \u00e0 r\u00e9duire le bruit ambiant pour rendre votre environnement plus confortable et plus calme.<\/p>\n","protected":false},"featured_media":2642,"template":"","meta":[],"product_brand":[],"product_cat":[1270,1279,1278],"product_tag":[],"class_list":{"0":"post-11320","1":"product","2":"type-product","3":"status-publish","4":"has-post-thumbnail","6":"product_cat-mobilier","7":"product_cat-systeme-dassise-modulable","8":"product_cat-bulle-de-travail","11":"first","12":"instock","13":"shipping-taxable","14":"product-type-simple"},"aioseo_notices":[],"_links":{"self":[{"href":"https:\/\/z-v.fr\/fr\/wp-json\/wp\/v2\/product\/11320","targetHints":{"allow":["GET"]}}],"collection":[{"href":"https:\/\/z-v.fr\/fr\/wp-json\/wp\/v2\/product"}],"about":[{"href":"https:\/\/z-v.fr\/fr\/wp-json\/wp\/v2\/types\/product"}],"wp:featuredmedia":[{"embeddable":true,"href":"https:\/\/z-v.fr\/fr\/wp-json\/wp\/v2\/media\/2642"}],"wp:attachment":[{"href":"https:\/\/z-v.fr\/fr\/wp-json\/wp\/v2\/media?parent=11320"}],"wp:term":[{"taxonomy":"product_brand","embeddable":true,"href":"https:\/\/z-v.fr\/fr\/wp-json\/wp\/v2\/product_brand?post=11320"},{"taxonomy":"product_cat","embeddable":true,"href":"https:\/\/z-v.fr\/fr\/wp-json\/wp\/v2\/product_cat?post=11320"},{"taxonomy":"product_tag","embeddable":true,"href":"https:\/\/z-v.fr\/fr\/wp-json\/wp\/v2\/product_tag?post=11320"}],"curies":[{"name":"wp","href":"https:\/\/api.w.org\/{rel}","templated":true}]}}