{"id":11319,"date":"2025-08-31T04:06:30","date_gmt":"2025-08-30T20:06:30","guid":{"rendered":"https:\/\/zv.carbonpix.com\/?post_type=product&#038;p=11319"},"modified":"2025-09-19T12:19:45","modified_gmt":"2025-09-19T04:19:45","slug":"cabine-de-travail-solpod","status":"publish","type":"product","link":"https:\/\/z-v.fr\/fr\/produit\/cabine-de-travail-solpod","title":{"rendered":"Cabine de travail &#8211; Solpod"},"content":{"rendered":"<p><strong>Personnalisez-le selon votre style gr\u00e2ce \u00e0 ces diff\u00e9rentes finitions :<\/strong><\/p>\n<ul>\n<li>Diff\u00e9rentes teintes de contreplaqu\u00e9 stratifi\u00e9 HPL,<\/li>\n<li>Des centaines de types et coloris de tissus,<\/li>\n<li>Mat\u00e9riaux multiples disponibles,<\/li>\n<li>Personnalisable selon vos dimensions.<\/li>\n<\/ul>\n<p><strong>Et configurez-le selon vos besoins fonctionnels :<\/strong><\/p>\n<ul>\n<li>Cloison,<\/li>\n<li>Table,<\/li>\n<li>Accoudoirs,<\/li>\n<li>Prises d\u2019alimentation &amp; de donn\u00e9es,<\/li>\n<li>\u00c9clairage,<\/li>\n<li>Compatible avec roulettes.<\/li>\n<\/ul>\n","protected":false},"excerpt":{"rendered":"<p><strong>Id\u00e9aux pour cr\u00e9er des zones de confidentialit\u00e9 dans vos bureaux, ainsi que des espaces de travail, ces Working Pods peuvent \u00eatre configur\u00e9s selon vos souhaits.<\/strong><\/p>\n<p>Con\u00e7us comme des postes de travail, avec leur propre table, vous pouvez les agencer dans n\u2019importe quelle configuration adapt\u00e9e \u00e0 votre espace et \u00e0 vos besoins. Flexibles, ils \u00e9volueront selon les situations.<\/p>\n<p>Fabriqu\u00e9s en contreplaqu\u00e9 stratifi\u00e9, avec des mat\u00e9riaux acoustiques et diff\u00e9rents styles de tissu, ils sont \u00e0 la fois esth\u00e9tiques et fonctionnels, tout en contribuant \u00e0 r\u00e9duire le bruit ambiant pour rendre votre environnement plus confortable et plus calme.<\/p>\n","protected":false},"featured_media":1547,"template":"","meta":[],"product_brand":[],"product_cat":[1270,1278],"product_tag":[],"class_list":{"0":"post-11319","1":"product","2":"type-product","3":"status-publish","4":"has-post-thumbnail","6":"product_cat-mobilier","7":"product_cat-bulle-de-travail","10":"first","11":"instock","12":"shipping-taxable","13":"product-type-simple"},"aioseo_notices":[],"_links":{"self":[{"href":"https:\/\/z-v.fr\/fr\/wp-json\/wp\/v2\/product\/11319","targetHints":{"allow":["GET"]}}],"collection":[{"href":"https:\/\/z-v.fr\/fr\/wp-json\/wp\/v2\/product"}],"about":[{"href":"https:\/\/z-v.fr\/fr\/wp-json\/wp\/v2\/types\/product"}],"wp:featuredmedia":[{"embeddable":true,"href":"https:\/\/z-v.fr\/fr\/wp-json\/wp\/v2\/media\/1547"}],"wp:attachment":[{"href":"https:\/\/z-v.fr\/fr\/wp-json\/wp\/v2\/media?parent=11319"}],"wp:term":[{"taxonomy":"product_brand","embeddable":true,"href":"https:\/\/z-v.fr\/fr\/wp-json\/wp\/v2\/product_brand?post=11319"},{"taxonomy":"product_cat","embeddable":true,"href":"https:\/\/z-v.fr\/fr\/wp-json\/wp\/v2\/product_cat?post=11319"},{"taxonomy":"product_tag","embeddable":true,"href":"https:\/\/z-v.fr\/fr\/wp-json\/wp\/v2\/product_tag?post=11319"}],"curies":[{"name":"wp","href":"https:\/\/api.w.org\/{rel}","templated":true}]}}