{"id":11315,"date":"2025-08-31T04:06:30","date_gmt":"2025-08-30T20:06:30","guid":{"rendered":"https:\/\/zv.carbonpix.com\/?post_type=product&#038;p=11315"},"modified":"2025-09-19T15:43:06","modified_gmt":"2025-09-19T07:43:06","slug":"hailey-canape-dossier-bas","status":"publish","type":"product","link":"https:\/\/z-v.fr\/fr\/produit\/hailey-canape-dossier-bas","title":{"rendered":"Hailey &#8211; Canap\u00e9 dossier bas"},"content":{"rendered":"<p><strong>Personnalisez-le selon votre style gr\u00e2ce \u00e0 ces diff\u00e9rentes finitions :<\/strong><\/p>\n<ul>\n<li>Des centaines de types de tissus et de coloris disponibles,<\/li>\n<li>Possibilit\u00e9 de mat\u00e9riaux mixtes,<\/li>\n<li>Dossier haut ou bas,<\/li>\n<li>Table d\u2019appoint,<\/li>\n<li>Ottoman,<\/li>\n<li>Pieds en m\u00e9tal ou en bois, avec diff\u00e9rents designs,<\/li>\n<li>Peut \u00eatre adapt\u00e9 \u00e0 vos dimensions.<\/li>\n<\/ul>\n","protected":false},"excerpt":{"rendered":"<p><strong>La collection Hailey allie design et fonctionnalit\u00e9 pour offrir un espace confortable et \u00e9l\u00e9gant d\u00e9di\u00e9 \u00e0 la discussion et \u00e0 la d\u00e9tente.<\/strong><\/p>\n<p>Elle propose de multiples configurations, avec dossiers bas ou hauts, de 1 \u00e0 4 places, et une table int\u00e9gr\u00e9e.<\/p>\n<p>Gr\u00e2ce \u00e0 sa gamme, vous pouvez am\u00e9nager votre espace lounge avec coh\u00e9rence et modernit\u00e9.<\/p>\n","protected":false},"featured_media":1582,"template":"","meta":[],"product_brand":[],"product_cat":[1270,1275],"product_tag":[],"class_list":{"0":"post-11315","1":"product","2":"type-product","3":"status-publish","4":"has-post-thumbnail","6":"product_cat-mobilier","7":"product_cat-assises-lounge","10":"first","11":"instock","12":"shipping-taxable","13":"product-type-simple"},"aioseo_notices":[],"_links":{"self":[{"href":"https:\/\/z-v.fr\/fr\/wp-json\/wp\/v2\/product\/11315","targetHints":{"allow":["GET"]}}],"collection":[{"href":"https:\/\/z-v.fr\/fr\/wp-json\/wp\/v2\/product"}],"about":[{"href":"https:\/\/z-v.fr\/fr\/wp-json\/wp\/v2\/types\/product"}],"wp:featuredmedia":[{"embeddable":true,"href":"https:\/\/z-v.fr\/fr\/wp-json\/wp\/v2\/media\/1582"}],"wp:attachment":[{"href":"https:\/\/z-v.fr\/fr\/wp-json\/wp\/v2\/media?parent=11315"}],"wp:term":[{"taxonomy":"product_brand","embeddable":true,"href":"https:\/\/z-v.fr\/fr\/wp-json\/wp\/v2\/product_brand?post=11315"},{"taxonomy":"product_cat","embeddable":true,"href":"https:\/\/z-v.fr\/fr\/wp-json\/wp\/v2\/product_cat?post=11315"},{"taxonomy":"product_tag","embeddable":true,"href":"https:\/\/z-v.fr\/fr\/wp-json\/wp\/v2\/product_tag?post=11315"}],"curies":[{"name":"wp","href":"https:\/\/api.w.org\/{rel}","templated":true}]}}