{"id":11313,"date":"2025-08-31T04:06:30","date_gmt":"2025-08-30T20:06:30","guid":{"rendered":"https:\/\/zv.carbonpix.com\/?post_type=product&#038;p=11313"},"modified":"2025-09-19T15:40:23","modified_gmt":"2025-09-19T07:40:23","slug":"leda-fauteuil","status":"publish","type":"product","link":"https:\/\/z-v.fr\/fr\/produit\/leda-fauteuil","title":{"rendered":"Leda &#8211; Fauteuil"},"content":{"rendered":"<p><strong>Personnalisez-le selon votre style gr\u00e2ce \u00e0 ces diff\u00e9rentes finitions :<\/strong><\/p>\n<ul>\n<li>Des centaines de tissus et coloris disponibles,<\/li>\n<li>Mat\u00e9riaux mixtes au choix,<\/li>\n<li>Dossier haut ou bas,<\/li>\n<li>Table et table d\u2019appoint,<\/li>\n<li>Ottoman,<\/li>\n<li>Adaptable \u00e0 vos dimensions.<\/li>\n<\/ul>\n","protected":false},"excerpt":{"rendered":"<p><strong>La collection Leda est une alliance parfaite entre classicisme et \u00e9l\u00e9gance, gr\u00e2ce \u00e0 ses courbes et \u00e0 ses mat\u00e9riaux nobles.<\/strong><\/p>\n<p>Elle propose de multiples combinaisons avec ses dossiers bas ou hauts, allant de 1 \u00e0 4 places, ainsi que son ottoman.<\/p>\n<p>Avec cette gamme, vous pouvez sublimer votre style avec raffinement et acc\u00e9der \u00e0 un niveau haut de gamme.<\/p>\n","protected":false},"featured_media":2616,"template":"","meta":[],"product_brand":[],"product_cat":[1270,1275],"product_tag":[],"class_list":{"0":"post-11313","1":"product","2":"type-product","3":"status-publish","4":"has-post-thumbnail","6":"product_cat-mobilier","7":"product_cat-assises-lounge","10":"first","11":"instock","12":"shipping-taxable","13":"product-type-simple"},"aioseo_notices":[],"_links":{"self":[{"href":"https:\/\/z-v.fr\/fr\/wp-json\/wp\/v2\/product\/11313","targetHints":{"allow":["GET"]}}],"collection":[{"href":"https:\/\/z-v.fr\/fr\/wp-json\/wp\/v2\/product"}],"about":[{"href":"https:\/\/z-v.fr\/fr\/wp-json\/wp\/v2\/types\/product"}],"wp:featuredmedia":[{"embeddable":true,"href":"https:\/\/z-v.fr\/fr\/wp-json\/wp\/v2\/media\/2616"}],"wp:attachment":[{"href":"https:\/\/z-v.fr\/fr\/wp-json\/wp\/v2\/media?parent=11313"}],"wp:term":[{"taxonomy":"product_brand","embeddable":true,"href":"https:\/\/z-v.fr\/fr\/wp-json\/wp\/v2\/product_brand?post=11313"},{"taxonomy":"product_cat","embeddable":true,"href":"https:\/\/z-v.fr\/fr\/wp-json\/wp\/v2\/product_cat?post=11313"},{"taxonomy":"product_tag","embeddable":true,"href":"https:\/\/z-v.fr\/fr\/wp-json\/wp\/v2\/product_tag?post=11313"}],"curies":[{"name":"wp","href":"https:\/\/api.w.org\/{rel}","templated":true}]}}