{"id":11311,"date":"2025-08-31T04:06:44","date_gmt":"2025-08-30T20:06:44","guid":{"rendered":"https:\/\/zv.carbonpix.com\/?post_type=product&#038;p=11311"},"modified":"2025-09-19T11:46:53","modified_gmt":"2025-09-19T03:46:53","slug":"tabouret-cheval","status":"publish","type":"product","link":"https:\/\/z-v.fr\/fr\/produit\/tabouret-cheval","title":{"rendered":"Tabouret Horse"},"content":{"rendered":"<p><strong>Personnalisez-le selon votre style gr\u00e2ce \u00e0 ces diff\u00e9rentes finitions :<\/strong><\/p>\n<ul>\n<li>Des centaines de types de tissus et de coloris disponibles,<\/li>\n<li>Possibilit\u00e9 de mat\u00e9riaux mixtes,<\/li>\n<li>Peut \u00eatre adapt\u00e9 \u00e0 vos dimensions.<\/li>\n<\/ul>\n","protected":false},"excerpt":{"rendered":"<p><strong>Le tabouret Horse peut \u00eatre utilis\u00e9 de diff\u00e9rentes mani\u00e8res, apportant une touche originale et color\u00e9e qui ne passe pas inaper\u00e7ue.<\/strong><\/p>\n<p>Douces et confortables, ces assises \u00e9voquent des nuages de couleur dans votre espace et, gr\u00e2ce \u00e0 leur mobilit\u00e9, se r\u00e9v\u00e8lent tr\u00e8s pratiques pour s\u2019asseoir et discuter tout au long de la journ\u00e9e.<\/p>\n","protected":false},"featured_media":2620,"template":"","meta":[],"product_brand":[],"product_cat":[1270,1275],"product_tag":[],"class_list":{"0":"post-11311","1":"product","2":"type-product","3":"status-publish","4":"has-post-thumbnail","6":"product_cat-mobilier","7":"product_cat-assises-lounge","10":"first","11":"instock","12":"shipping-taxable","13":"product-type-simple"},"aioseo_notices":[],"_links":{"self":[{"href":"https:\/\/z-v.fr\/fr\/wp-json\/wp\/v2\/product\/11311","targetHints":{"allow":["GET"]}}],"collection":[{"href":"https:\/\/z-v.fr\/fr\/wp-json\/wp\/v2\/product"}],"about":[{"href":"https:\/\/z-v.fr\/fr\/wp-json\/wp\/v2\/types\/product"}],"wp:featuredmedia":[{"embeddable":true,"href":"https:\/\/z-v.fr\/fr\/wp-json\/wp\/v2\/media\/2620"}],"wp:attachment":[{"href":"https:\/\/z-v.fr\/fr\/wp-json\/wp\/v2\/media?parent=11311"}],"wp:term":[{"taxonomy":"product_brand","embeddable":true,"href":"https:\/\/z-v.fr\/fr\/wp-json\/wp\/v2\/product_brand?post=11311"},{"taxonomy":"product_cat","embeddable":true,"href":"https:\/\/z-v.fr\/fr\/wp-json\/wp\/v2\/product_cat?post=11311"},{"taxonomy":"product_tag","embeddable":true,"href":"https:\/\/z-v.fr\/fr\/wp-json\/wp\/v2\/product_tag?post=11311"}],"curies":[{"name":"wp","href":"https:\/\/api.w.org\/{rel}","templated":true}]}}