{"id":11310,"date":"2025-08-31T04:06:44","date_gmt":"2025-08-30T20:06:44","guid":{"rendered":"https:\/\/zv.carbonpix.com\/?post_type=product&#038;p=11310"},"modified":"2025-09-19T12:09:56","modified_gmt":"2025-09-19T04:09:56","slug":"hebe","status":"publish","type":"product","link":"https:\/\/z-v.fr\/fr\/produit\/hebe","title":{"rendered":"Hebe"},"content":{"rendered":"<p><strong>Personnalisez-le selon votre style gr\u00e2ce \u00e0 ces diff\u00e9rentes finitions :<\/strong><\/p>\n<ul>\n<li>Des centaines de tissus et coloris disponibles,<\/li>\n<li>Mat\u00e9riaux mixtes au choix,<\/li>\n<li>Table d\u2019appoint,<\/li>\n<li>\u00c9quip\u00e9 de roulettes,<\/li>\n<li>Adaptable \u00e0 vos dimensions.<\/li>\n<\/ul>\n","protected":false},"excerpt":{"rendered":"<p><strong>Hebe est une assise \u00e9quip\u00e9e d\u2019une tablette fonctionnelle alliant design et praticit\u00e9.<\/strong><\/p>\n<p>Douces et confortables, ces assises apportent une touche de couleur \u00e0 votre espace et, gr\u00e2ce \u00e0 leur mobilit\u00e9, deviennent tr\u00e8s utiles pour s\u2019asseoir, travailler et \u00e9changer tout au long de la journ\u00e9e.<\/p>\n","protected":false},"featured_media":2624,"template":"","meta":[],"product_brand":[],"product_cat":[1270,1275],"product_tag":[],"class_list":{"0":"post-11310","1":"product","2":"type-product","3":"status-publish","4":"has-post-thumbnail","6":"product_cat-mobilier","7":"product_cat-assises-lounge","10":"first","11":"instock","12":"shipping-taxable","13":"product-type-simple"},"aioseo_notices":[],"_links":{"self":[{"href":"https:\/\/z-v.fr\/fr\/wp-json\/wp\/v2\/product\/11310","targetHints":{"allow":["GET"]}}],"collection":[{"href":"https:\/\/z-v.fr\/fr\/wp-json\/wp\/v2\/product"}],"about":[{"href":"https:\/\/z-v.fr\/fr\/wp-json\/wp\/v2\/types\/product"}],"wp:featuredmedia":[{"embeddable":true,"href":"https:\/\/z-v.fr\/fr\/wp-json\/wp\/v2\/media\/2624"}],"wp:attachment":[{"href":"https:\/\/z-v.fr\/fr\/wp-json\/wp\/v2\/media?parent=11310"}],"wp:term":[{"taxonomy":"product_brand","embeddable":true,"href":"https:\/\/z-v.fr\/fr\/wp-json\/wp\/v2\/product_brand?post=11310"},{"taxonomy":"product_cat","embeddable":true,"href":"https:\/\/z-v.fr\/fr\/wp-json\/wp\/v2\/product_cat?post=11310"},{"taxonomy":"product_tag","embeddable":true,"href":"https:\/\/z-v.fr\/fr\/wp-json\/wp\/v2\/product_tag?post=11310"}],"curies":[{"name":"wp","href":"https:\/\/api.w.org\/{rel}","templated":true}]}}