{"id":11309,"date":"2025-08-31T04:06:44","date_gmt":"2025-08-30T20:06:44","guid":{"rendered":"https:\/\/zv.carbonpix.com\/?post_type=product&#038;p=11309"},"modified":"2025-09-19T12:01:53","modified_gmt":"2025-09-19T04:01:53","slug":"gia","status":"publish","type":"product","link":"https:\/\/z-v.fr\/fr\/produit\/gia","title":{"rendered":"Gia"},"content":{"rendered":"<p><strong>Personnalisez-le selon votre style avec ces diff\u00e9rentes finitions :<\/strong><\/p>\n<ul>\n<li>Des centaines de types de tissus et de coloris disponibles,<\/li>\n<li>Mat\u00e9riaux mixtes possibles,<\/li>\n<li>Pieds en alliage d\u2019aluminium,<\/li>\n<li>Peut \u00eatre fabriqu\u00e9 sur mesure selon vos dimensions.<\/li>\n<\/ul>\n","protected":false},"excerpt":{"rendered":"<p><strong>Gia, avec ses accoudoirs en ailes, est un fauteuil de d\u00e9tente con\u00e7u avec des mat\u00e9riaux haut de gamme.<\/strong><\/p>\n<p>Id\u00e9al pour une salle de r\u00e9union ou un espace lounge, il s\u00e9duit par ses lignes et son raffinement.<\/p>\n","protected":false},"featured_media":2631,"template":"","meta":[],"product_brand":[],"product_cat":[1270,1275],"product_tag":[],"class_list":{"0":"post-11309","1":"product","2":"type-product","3":"status-publish","4":"has-post-thumbnail","6":"product_cat-mobilier","7":"product_cat-assises-lounge","10":"first","11":"instock","12":"shipping-taxable","13":"product-type-simple"},"aioseo_notices":[],"_links":{"self":[{"href":"https:\/\/z-v.fr\/fr\/wp-json\/wp\/v2\/product\/11309","targetHints":{"allow":["GET"]}}],"collection":[{"href":"https:\/\/z-v.fr\/fr\/wp-json\/wp\/v2\/product"}],"about":[{"href":"https:\/\/z-v.fr\/fr\/wp-json\/wp\/v2\/types\/product"}],"wp:featuredmedia":[{"embeddable":true,"href":"https:\/\/z-v.fr\/fr\/wp-json\/wp\/v2\/media\/2631"}],"wp:attachment":[{"href":"https:\/\/z-v.fr\/fr\/wp-json\/wp\/v2\/media?parent=11309"}],"wp:term":[{"taxonomy":"product_brand","embeddable":true,"href":"https:\/\/z-v.fr\/fr\/wp-json\/wp\/v2\/product_brand?post=11309"},{"taxonomy":"product_cat","embeddable":true,"href":"https:\/\/z-v.fr\/fr\/wp-json\/wp\/v2\/product_cat?post=11309"},{"taxonomy":"product_tag","embeddable":true,"href":"https:\/\/z-v.fr\/fr\/wp-json\/wp\/v2\/product_tag?post=11309"}],"curies":[{"name":"wp","href":"https:\/\/api.w.org\/{rel}","templated":true}]}}