{"id":11307,"date":"2025-08-31T04:06:44","date_gmt":"2025-08-30T20:06:44","guid":{"rendered":"https:\/\/zv.carbonpix.com\/?post_type=product&#038;p=11307"},"modified":"2025-09-19T11:58:03","modified_gmt":"2025-09-19T03:58:03","slug":"edith","status":"publish","type":"product","link":"https:\/\/z-v.fr\/fr\/produit\/edith","title":{"rendered":"Edith"},"content":{"rendered":"<p><strong>Personnalisez-le selon votre style gr\u00e2ce \u00e0 ces diff\u00e9rentes finitions :<\/strong><\/p>\n<ul>\n<li>Des centaines de tissus et coloris disponibles,<\/li>\n<li>Mat\u00e9riaux mixtes au choix,<\/li>\n<li>Pieds en bois, acier ou alliage d\u2019aluminium,<\/li>\n<li>Compatible avec roulettes,<\/li>\n<li>Adaptable \u00e0 vos dimensions.<\/li>\n<\/ul>\n","protected":false},"excerpt":{"rendered":"<p><strong>Edith, avec son dossier enveloppant \u00e0 180\u00b0, est un v\u00e9ritable cocon dans lequel on aime s\u2019installer, travailler et se d\u00e9tendre.<\/strong><\/p>\n","protected":false},"featured_media":2634,"template":"","meta":[],"product_brand":[],"product_cat":[1275,1270],"product_tag":[],"class_list":{"0":"post-11307","1":"product","2":"type-product","3":"status-publish","4":"has-post-thumbnail","6":"product_cat-assises-lounge","7":"product_cat-mobilier","10":"first","11":"instock","12":"shipping-taxable","13":"product-type-simple"},"aioseo_notices":[],"_links":{"self":[{"href":"https:\/\/z-v.fr\/fr\/wp-json\/wp\/v2\/product\/11307","targetHints":{"allow":["GET"]}}],"collection":[{"href":"https:\/\/z-v.fr\/fr\/wp-json\/wp\/v2\/product"}],"about":[{"href":"https:\/\/z-v.fr\/fr\/wp-json\/wp\/v2\/types\/product"}],"wp:featuredmedia":[{"embeddable":true,"href":"https:\/\/z-v.fr\/fr\/wp-json\/wp\/v2\/media\/2634"}],"wp:attachment":[{"href":"https:\/\/z-v.fr\/fr\/wp-json\/wp\/v2\/media?parent=11307"}],"wp:term":[{"taxonomy":"product_brand","embeddable":true,"href":"https:\/\/z-v.fr\/fr\/wp-json\/wp\/v2\/product_brand?post=11307"},{"taxonomy":"product_cat","embeddable":true,"href":"https:\/\/z-v.fr\/fr\/wp-json\/wp\/v2\/product_cat?post=11307"},{"taxonomy":"product_tag","embeddable":true,"href":"https:\/\/z-v.fr\/fr\/wp-json\/wp\/v2\/product_tag?post=11307"}],"curies":[{"name":"wp","href":"https:\/\/api.w.org\/{rel}","templated":true}]}}