{"id":11306,"date":"2025-08-31T04:06:44","date_gmt":"2025-08-30T20:06:44","guid":{"rendered":"https:\/\/zv.carbonpix.com\/?post_type=product&#038;p=11306"},"modified":"2025-09-19T11:57:06","modified_gmt":"2025-09-19T03:57:06","slug":"mina","status":"publish","type":"product","link":"https:\/\/z-v.fr\/fr\/produit\/mina","title":{"rendered":"Mina"},"content":{"rendered":"<p><strong>Personnalisez-le selon votre style gr\u00e2ce \u00e0 ces diff\u00e9rentes finitions :<\/strong><\/p>\n<ul>\n<li>Des centaines de types de tissus et de coloris disponibles,<\/li>\n<li>Possibilit\u00e9 de mat\u00e9riaux mixtes,<\/li>\n<li>Peut \u00eatre adapt\u00e9 \u00e0 vos dimensions.<\/li>\n<\/ul>\n","protected":false},"excerpt":{"rendered":"<p><strong>Mina est un ottoman et tabouret polyvalent, \u00e9quip\u00e9 d\u2019une tablette fonctionnelle alliant design et praticit\u00e9.<\/strong><\/p>\n<p>Douce et confortable, cette pi\u00e8ce apporte une touche de couleur \u00e0 votre espace et, gr\u00e2ce \u00e0 sa mobilit\u00e9, se r\u00e9v\u00e8le tr\u00e8s utile pour s\u2019asseoir, travailler ou \u00e9changer tout au long de la journ\u00e9e.<\/p>\n","protected":false},"featured_media":2645,"template":"","meta":[],"product_brand":[],"product_cat":[1270,1275],"product_tag":[],"class_list":{"0":"post-11306","1":"product","2":"type-product","3":"status-publish","4":"has-post-thumbnail","6":"product_cat-mobilier","7":"product_cat-assises-lounge","10":"first","11":"instock","12":"shipping-taxable","13":"product-type-simple"},"aioseo_notices":[],"_links":{"self":[{"href":"https:\/\/z-v.fr\/fr\/wp-json\/wp\/v2\/product\/11306","targetHints":{"allow":["GET"]}}],"collection":[{"href":"https:\/\/z-v.fr\/fr\/wp-json\/wp\/v2\/product"}],"about":[{"href":"https:\/\/z-v.fr\/fr\/wp-json\/wp\/v2\/types\/product"}],"wp:featuredmedia":[{"embeddable":true,"href":"https:\/\/z-v.fr\/fr\/wp-json\/wp\/v2\/media\/2645"}],"wp:attachment":[{"href":"https:\/\/z-v.fr\/fr\/wp-json\/wp\/v2\/media?parent=11306"}],"wp:term":[{"taxonomy":"product_brand","embeddable":true,"href":"https:\/\/z-v.fr\/fr\/wp-json\/wp\/v2\/product_brand?post=11306"},{"taxonomy":"product_cat","embeddable":true,"href":"https:\/\/z-v.fr\/fr\/wp-json\/wp\/v2\/product_cat?post=11306"},{"taxonomy":"product_tag","embeddable":true,"href":"https:\/\/z-v.fr\/fr\/wp-json\/wp\/v2\/product_tag?post=11306"}],"curies":[{"name":"wp","href":"https:\/\/api.w.org\/{rel}","templated":true}]}}