{"id":11305,"date":"2025-08-31T04:06:45","date_gmt":"2025-08-30T20:06:45","guid":{"rendered":"https:\/\/zv.carbonpix.com\/?post_type=product&#038;p=11305"},"modified":"2025-09-23T12:26:48","modified_gmt":"2025-09-23T04:26:48","slug":"siege-modulable-lilly","status":"publish","type":"product","link":"https:\/\/z-v.fr\/fr\/produit\/siege-modulable-lilly","title":{"rendered":"Si\u00e8ge modulable &#8211; Lilly"},"content":{"rendered":"<p><strong>Personnalisez-le selon votre style gr\u00e2ce \u00e0 ces diff\u00e9rentes finitions :<\/strong><\/p>\n<ul>\n<li>Des centaines de types de tissus et coloris au choix,<\/li>\n<li>Mat\u00e9riaux mixtes disponibles,<\/li>\n<li>Dimensions enti\u00e8rement personnalisables.<\/li>\n<\/ul>\n<p><strong>Et configurez-le selon les fonctionnalit\u00e9s souhait\u00e9es :<\/strong><\/p>\n<ul>\n<li>Nombre de places assises modulable,<\/li>\n<li>Table int\u00e9gr\u00e9e,<\/li>\n<li>Accoudoirs,<\/li>\n<li>Tabouret,<\/li>\n<li>Prises \u00e9lectriques et ports de donn\u00e9es,<\/li>\n<li>Compatible avec des roulettes.<\/li>\n<\/ul>\n","protected":false},"excerpt":{"rendered":"<p><strong>Id\u00e9ale pour cr\u00e9er des zones confortables au sein de vos bureaux ainsi que des espaces lounge de travail, cette collection peut \u00eatre modul\u00e9e selon vos envies.<\/strong><\/p>\n<p>Avec de nombreux modules d\u2019angle et \u00e9l\u00e9ments centraux, fauteuils et tables de travail, vous pouvez la combiner dans toutes les configurations adapt\u00e9es \u00e0 votre espace et \u00e0 vos besoins. Flexible, Lilly \u00e9voluera au rythme de vos usages.<\/p>\n<p>Fabriqu\u00e9e en contreplaqu\u00e9 avec une mousse haute densit\u00e9 et propos\u00e9e dans diff\u00e9rents styles de tissu, elle allie esth\u00e9tique et fonctionnalit\u00e9 pour accompagner votre transformation.<\/p>\n","protected":false},"featured_media":2649,"template":"","meta":[],"product_brand":[],"product_cat":[1270,1279],"product_tag":[],"class_list":{"0":"post-11305","1":"product","2":"type-product","3":"status-publish","4":"has-post-thumbnail","6":"product_cat-mobilier","7":"product_cat-systeme-dassise-modulable","10":"first","11":"instock","12":"shipping-taxable","13":"product-type-simple"},"aioseo_notices":[],"_links":{"self":[{"href":"https:\/\/z-v.fr\/fr\/wp-json\/wp\/v2\/product\/11305","targetHints":{"allow":["GET"]}}],"collection":[{"href":"https:\/\/z-v.fr\/fr\/wp-json\/wp\/v2\/product"}],"about":[{"href":"https:\/\/z-v.fr\/fr\/wp-json\/wp\/v2\/types\/product"}],"wp:featuredmedia":[{"embeddable":true,"href":"https:\/\/z-v.fr\/fr\/wp-json\/wp\/v2\/media\/2649"}],"wp:attachment":[{"href":"https:\/\/z-v.fr\/fr\/wp-json\/wp\/v2\/media?parent=11305"}],"wp:term":[{"taxonomy":"product_brand","embeddable":true,"href":"https:\/\/z-v.fr\/fr\/wp-json\/wp\/v2\/product_brand?post=11305"},{"taxonomy":"product_cat","embeddable":true,"href":"https:\/\/z-v.fr\/fr\/wp-json\/wp\/v2\/product_cat?post=11305"},{"taxonomy":"product_tag","embeddable":true,"href":"https:\/\/z-v.fr\/fr\/wp-json\/wp\/v2\/product_tag?post=11305"}],"curies":[{"name":"wp","href":"https:\/\/api.w.org\/{rel}","templated":true}]}}