{"id":11304,"date":"2025-08-31T04:06:45","date_gmt":"2025-08-30T20:06:45","guid":{"rendered":"https:\/\/zv.carbonpix.com\/?post_type=product&#038;p=11304"},"modified":"2025-09-23T12:25:53","modified_gmt":"2025-09-23T04:25:53","slug":"siege-modulable-rhyme","status":"publish","type":"product","link":"https:\/\/z-v.fr\/fr\/produit\/siege-modulable-rhyme","title":{"rendered":"Si\u00e8ge modulable &#8211; Rhyme"},"content":{"rendered":"<p><strong>Personnalisez-le selon votre style gr\u00e2ce \u00e0 ces diff\u00e9rentes finitions :<\/strong><\/p>\n<ul>\n<li>Des centaines de tissus disponibles dans une grande vari\u00e9t\u00e9 de couleurs,<\/li>\n<li>Mat\u00e9riaux multiples au choix,<\/li>\n<li>Dimensions personnalisables selon vos besoins.<\/li>\n<\/ul>\n<p><strong>Et configurez-le selon les fonctionnalit\u00e9s souhait\u00e9es :<\/strong><\/p>\n<ul>\n<li>Nombre de places assises selon vos besoins,<\/li>\n<li>Tabouret assorti,<\/li>\n<li>Prises d\u2019alimentation et de donn\u00e9es,<\/li>\n<li>Compatible avec roulettes.<\/li>\n<\/ul>\n","protected":false},"excerpt":{"rendered":"<p><strong>Id\u00e9ale pour am\u00e9nager des zones confortables dans vos bureaux ou des espaces lounge de travail, cette collection peut \u00eatre modul\u00e9e selon vos envies.<\/strong><\/p>\n<p>Gr\u00e2ce \u00e0 ses diff\u00e9rents modules d\u2019assise, tabourets et \u00e9l\u00e9ments centraux, vous pouvez la configurer dans toutes les combinaisons correspondant \u00e0 votre espace et \u00e0 vos besoins. Flexible, Rhyme s\u2019adaptera naturellement \u00e0 l\u2019\u00e9volution de vos usages.<\/p>\n<p>Fabriqu\u00e9e en contreplaqu\u00e9, avec une mousse haute densit\u00e9 et des rev\u00eatements textiles vari\u00e9s, elle allie esth\u00e9tisme et fonctionnalit\u00e9 pour accompagner votre transformation.<\/p>\n","protected":false},"featured_media":2656,"template":"","meta":[],"product_brand":[],"product_cat":[1270,1279],"product_tag":[],"class_list":{"0":"post-11304","1":"product","2":"type-product","3":"status-publish","4":"has-post-thumbnail","6":"product_cat-mobilier","7":"product_cat-systeme-dassise-modulable","10":"first","11":"instock","12":"shipping-taxable","13":"product-type-simple"},"aioseo_notices":[],"_links":{"self":[{"href":"https:\/\/z-v.fr\/fr\/wp-json\/wp\/v2\/product\/11304","targetHints":{"allow":["GET"]}}],"collection":[{"href":"https:\/\/z-v.fr\/fr\/wp-json\/wp\/v2\/product"}],"about":[{"href":"https:\/\/z-v.fr\/fr\/wp-json\/wp\/v2\/types\/product"}],"wp:featuredmedia":[{"embeddable":true,"href":"https:\/\/z-v.fr\/fr\/wp-json\/wp\/v2\/media\/2656"}],"wp:attachment":[{"href":"https:\/\/z-v.fr\/fr\/wp-json\/wp\/v2\/media?parent=11304"}],"wp:term":[{"taxonomy":"product_brand","embeddable":true,"href":"https:\/\/z-v.fr\/fr\/wp-json\/wp\/v2\/product_brand?post=11304"},{"taxonomy":"product_cat","embeddable":true,"href":"https:\/\/z-v.fr\/fr\/wp-json\/wp\/v2\/product_cat?post=11304"},{"taxonomy":"product_tag","embeddable":true,"href":"https:\/\/z-v.fr\/fr\/wp-json\/wp\/v2\/product_tag?post=11304"}],"curies":[{"name":"wp","href":"https:\/\/api.w.org\/{rel}","templated":true}]}}