{"id":11303,"date":"2025-08-31T04:06:45","date_gmt":"2025-08-30T20:06:45","guid":{"rendered":"https:\/\/zv.carbonpix.com\/?post_type=product&#038;p=11303"},"modified":"2025-09-23T12:24:58","modified_gmt":"2025-09-23T04:24:58","slug":"siege-modulable-kiny","status":"publish","type":"product","link":"https:\/\/z-v.fr\/fr\/produit\/siege-modulable-kiny","title":{"rendered":"Si\u00e8ge modulable &#8211; Kiny"},"content":{"rendered":"<p><strong>Personnalisez-le selon votre style gr\u00e2ce \u00e0 ces diff\u00e9rentes finitions :<\/strong><\/p>\n<ul>\n<li>Des centaines de types et coloris de tissus,<\/li>\n<li>Mat\u00e9riaux mixtes disponibles,<\/li>\n<li>Personnalisable selon vos dimensions.<\/li>\n<\/ul>\n<p><strong>Et configurez-le selon vos fonctionnalit\u00e9s :<\/strong><\/p>\n<ul>\n<li>Autant de places assises que n\u00e9cessaire,<\/li>\n<li>Accoudoirs,<\/li>\n<li>Table,<\/li>\n<li>Tabouret,<\/li>\n<li>Prises \u00e9lectriques &amp; donn\u00e9es,<\/li>\n<li>Compatible avec roulettes.<\/li>\n<\/ul>\n","protected":false},"excerpt":{"rendered":"<p><strong>Id\u00e9ale pour cr\u00e9er des zones confortables dans vos bureaux ou des espaces lounge de travail, cette collection peut \u00eatre modul\u00e9e selon vos envies.<\/strong><\/p>\n<p>Avec de nombreux modules d\u2019assise, \u00e9l\u00e9ments d\u2019angle, tabourets et tables int\u00e9gr\u00e9es, vous pouvez la configurer dans toutes les combinaisons correspondant \u00e0 votre espace et \u00e0 vos besoins. Flexible, Kiny s\u2019adaptera \u00e0 l\u2019\u00e9volution de vos usages.<\/p>\n<p>Fabriqu\u00e9e en contreplaqu\u00e9 et en acier, avec une mousse haute densit\u00e9 et un rev\u00eatement disponible dans diff\u00e9rents styles de tissu, elle allie esth\u00e9tique et fonctionnalit\u00e9 pour accompagner votre transformation.<\/p>\n","protected":false},"featured_media":2665,"template":"","meta":[],"product_brand":[],"product_cat":[1270,1279],"product_tag":[],"class_list":{"0":"post-11303","1":"product","2":"type-product","3":"status-publish","4":"has-post-thumbnail","6":"product_cat-mobilier","7":"product_cat-systeme-dassise-modulable","10":"first","11":"instock","12":"shipping-taxable","13":"product-type-simple"},"aioseo_notices":[],"_links":{"self":[{"href":"https:\/\/z-v.fr\/fr\/wp-json\/wp\/v2\/product\/11303","targetHints":{"allow":["GET"]}}],"collection":[{"href":"https:\/\/z-v.fr\/fr\/wp-json\/wp\/v2\/product"}],"about":[{"href":"https:\/\/z-v.fr\/fr\/wp-json\/wp\/v2\/types\/product"}],"wp:featuredmedia":[{"embeddable":true,"href":"https:\/\/z-v.fr\/fr\/wp-json\/wp\/v2\/media\/2665"}],"wp:attachment":[{"href":"https:\/\/z-v.fr\/fr\/wp-json\/wp\/v2\/media?parent=11303"}],"wp:term":[{"taxonomy":"product_brand","embeddable":true,"href":"https:\/\/z-v.fr\/fr\/wp-json\/wp\/v2\/product_brand?post=11303"},{"taxonomy":"product_cat","embeddable":true,"href":"https:\/\/z-v.fr\/fr\/wp-json\/wp\/v2\/product_cat?post=11303"},{"taxonomy":"product_tag","embeddable":true,"href":"https:\/\/z-v.fr\/fr\/wp-json\/wp\/v2\/product_tag?post=11303"}],"curies":[{"name":"wp","href":"https:\/\/api.w.org\/{rel}","templated":true}]}}