{"id":11302,"date":"2025-08-31T04:06:45","date_gmt":"2025-08-30T20:06:45","guid":{"rendered":"https:\/\/zv.carbonpix.com\/?post_type=product&#038;p=11302"},"modified":"2025-09-23T12:24:11","modified_gmt":"2025-09-23T04:24:11","slug":"siege-modulable-pack","status":"publish","type":"product","link":"https:\/\/z-v.fr\/fr\/produit\/siege-modulable-pack","title":{"rendered":"Si\u00e8ge modulable &#8211; Pack"},"content":{"rendered":"<p><strong>Personnalisez-le selon votre style gr\u00e2ce \u00e0 ces diff\u00e9rentes finitions :<\/strong><\/p>\n<ul>\n<li>Des centaines de tissus disponibles dans une large gamme de couleurs,<\/li>\n<li>Utilisation de mat\u00e9riaux mixtes,<\/li>\n<li>Peut \u00eatre fabriqu\u00e9 sur mesure selon vos dimensions.<\/li>\n<\/ul>\n<p><strong>Et configurez-le selon vos besoins fonctionnels :<\/strong><\/p>\n<ul>\n<li>Nombre de places assises selon votre convenance,<\/li>\n<li>Accoudoirs,<\/li>\n<li>Table,<\/li>\n<li>Rangements int\u00e9gr\u00e9s,<\/li>\n<li>Tabouret,<\/li>\n<li>Cloison,<\/li>\n<li>Prises d\u2019alimentation et de donn\u00e9es,<\/li>\n<li>Compatible avec roulettes.<\/li>\n<\/ul>\n","protected":false},"excerpt":{"rendered":"<p><strong>Id\u00e9ale pour cr\u00e9er des zones confortables dans vos bureaux ainsi que des espaces lounge de travail, cette collection peut \u00eatre modul\u00e9e selon vos envies.<\/strong><\/p>\n<p>Gr\u00e2ce \u00e0 ses diff\u00e9rents modules d\u2019assise, ottomans et rangements int\u00e9gr\u00e9s, vous pouvez la configurer dans toutes les combinaisons adapt\u00e9es \u00e0 votre espace et \u00e0 vos besoins. Flexible, Pack \u00e9voluera selon vos usages et vos environnements.<\/p>\n<p>Fabriqu\u00e9e en contreplaqu\u00e9 et en acier, avec une mousse haute densit\u00e9 et un rev\u00eatement disponible dans diff\u00e9rents styles de tissu, elle allie esth\u00e9tique et fonctionnalit\u00e9 pour accompagner votre transformation.<\/p>\n","protected":false},"featured_media":2667,"template":"","meta":[],"product_brand":[],"product_cat":[1270,1279],"product_tag":[],"class_list":{"0":"post-11302","1":"product","2":"type-product","3":"status-publish","4":"has-post-thumbnail","6":"product_cat-mobilier","7":"product_cat-systeme-dassise-modulable","10":"first","11":"instock","12":"shipping-taxable","13":"product-type-simple"},"aioseo_notices":[],"_links":{"self":[{"href":"https:\/\/z-v.fr\/fr\/wp-json\/wp\/v2\/product\/11302","targetHints":{"allow":["GET"]}}],"collection":[{"href":"https:\/\/z-v.fr\/fr\/wp-json\/wp\/v2\/product"}],"about":[{"href":"https:\/\/z-v.fr\/fr\/wp-json\/wp\/v2\/types\/product"}],"wp:featuredmedia":[{"embeddable":true,"href":"https:\/\/z-v.fr\/fr\/wp-json\/wp\/v2\/media\/2667"}],"wp:attachment":[{"href":"https:\/\/z-v.fr\/fr\/wp-json\/wp\/v2\/media?parent=11302"}],"wp:term":[{"taxonomy":"product_brand","embeddable":true,"href":"https:\/\/z-v.fr\/fr\/wp-json\/wp\/v2\/product_brand?post=11302"},{"taxonomy":"product_cat","embeddable":true,"href":"https:\/\/z-v.fr\/fr\/wp-json\/wp\/v2\/product_cat?post=11302"},{"taxonomy":"product_tag","embeddable":true,"href":"https:\/\/z-v.fr\/fr\/wp-json\/wp\/v2\/product_tag?post=11302"}],"curies":[{"name":"wp","href":"https:\/\/api.w.org\/{rel}","templated":true}]}}