{"id":11301,"date":"2025-08-31T04:06:45","date_gmt":"2025-08-30T20:06:45","guid":{"rendered":"https:\/\/zv.carbonpix.com\/?post_type=product&#038;p=11301"},"modified":"2025-09-23T12:23:17","modified_gmt":"2025-09-23T04:23:17","slug":"siege-modulable-emily","status":"publish","type":"product","link":"https:\/\/z-v.fr\/fr\/produit\/siege-modulable-emily","title":{"rendered":"Si\u00e8ge modulable &#8211; Emily"},"content":{"rendered":"<p><strong>Personnalisez-le selon votre style avec ces diff\u00e9rentes finitions :<\/strong><\/p>\n<ul>\n<li>Des centaines de types et coloris de tissus disponibles,<\/li>\n<li>Choix de mat\u00e9riaux vari\u00e9s,<\/li>\n<li>Dimensions enti\u00e8rement personnalisables.<\/li>\n<\/ul>\n<p><strong>Et configurez-le selon les fonctionnalit\u00e9s dont vous avez besoin :<\/strong><\/p>\n<ul>\n<li>Autant de places assises que n\u00e9cessaire,<\/li>\n<li>Table assortie,<\/li>\n<li>Fauteuil,<\/li>\n<li>Repose-pieds.<\/li>\n<\/ul>\n","protected":false},"excerpt":{"rendered":"<p><strong>Avec \u00e9l\u00e9gance et lignes \u00e9pur\u00e9es, Emily est id\u00e9ale pour cr\u00e9er des zones de d\u00e9tente dans votre bureau ainsi que des espaces de travail informels. En combinant ses diff\u00e9rents \u00e9l\u00e9ments, elle peut \u00eatre modul\u00e9e selon vos envies.<\/strong><\/p>\n<p>Gr\u00e2ce \u00e0 ses nombreux modules \u2014 assises, ottomans et tables \u2014 vous pouvez l\u2019agencer dans n\u2019importe quelle configuration, selon votre espace et vos besoins. Flexible, Emily \u00e9volue en fonction des situations.<\/p>\n<p>Fabriqu\u00e9e en contreplaqu\u00e9 avec une mousse haute densit\u00e9 et habill\u00e9e de tissus vari\u00e9s, elle allie esth\u00e9tique et fonctionnalit\u00e9, tout en accompagnant vos transformations.<\/p>\n","protected":false},"featured_media":2671,"template":"","meta":[],"product_brand":[],"product_cat":[1270,1279],"product_tag":[],"class_list":{"0":"post-11301","1":"product","2":"type-product","3":"status-publish","4":"has-post-thumbnail","6":"product_cat-mobilier","7":"product_cat-systeme-dassise-modulable","10":"first","11":"instock","12":"shipping-taxable","13":"product-type-simple"},"aioseo_notices":[],"_links":{"self":[{"href":"https:\/\/z-v.fr\/fr\/wp-json\/wp\/v2\/product\/11301","targetHints":{"allow":["GET"]}}],"collection":[{"href":"https:\/\/z-v.fr\/fr\/wp-json\/wp\/v2\/product"}],"about":[{"href":"https:\/\/z-v.fr\/fr\/wp-json\/wp\/v2\/types\/product"}],"wp:featuredmedia":[{"embeddable":true,"href":"https:\/\/z-v.fr\/fr\/wp-json\/wp\/v2\/media\/2671"}],"wp:attachment":[{"href":"https:\/\/z-v.fr\/fr\/wp-json\/wp\/v2\/media?parent=11301"}],"wp:term":[{"taxonomy":"product_brand","embeddable":true,"href":"https:\/\/z-v.fr\/fr\/wp-json\/wp\/v2\/product_brand?post=11301"},{"taxonomy":"product_cat","embeddable":true,"href":"https:\/\/z-v.fr\/fr\/wp-json\/wp\/v2\/product_cat?post=11301"},{"taxonomy":"product_tag","embeddable":true,"href":"https:\/\/z-v.fr\/fr\/wp-json\/wp\/v2\/product_tag?post=11301"}],"curies":[{"name":"wp","href":"https:\/\/api.w.org\/{rel}","templated":true}]}}