{"id":11300,"date":"2025-08-31T04:06:45","date_gmt":"2025-08-30T20:06:45","guid":{"rendered":"https:\/\/zv.carbonpix.com\/?post_type=product&#038;p=11300"},"modified":"2025-09-23T12:21:51","modified_gmt":"2025-09-23T04:21:51","slug":"siege-modulable-olga","status":"publish","type":"product","link":"https:\/\/z-v.fr\/fr\/produit\/siege-modulable-olga","title":{"rendered":"Si\u00e8ge modulable &#8211; Olga"},"content":{"rendered":"<p><strong>Personnalisez-le selon votre style gr\u00e2ce \u00e0 ces diff\u00e9rentes finitions :<\/strong><\/p>\n<ul>\n<li>Des centaines de tissus et coloris disponibles,<\/li>\n<li>Mat\u00e9riaux mixtes au choix,<\/li>\n<li>Dimensions personnalisables selon vos besoins.<\/li>\n<\/ul>\n<p><strong>Et configurez-le selon vos fonctionnalit\u00e9s pr\u00e9f\u00e9r\u00e9es :<\/strong><\/p>\n<ul>\n<li>Nombre de places assises \u00e0 la demande,<\/li>\n<li>Table int\u00e9gr\u00e9e,<\/li>\n<li>Tabouret et ottoman,<\/li>\n<li>Prises de courant et ports de donn\u00e9es,<\/li>\n<li>Compatible avec des roulettes.<\/li>\n<\/ul>\n","protected":false},"excerpt":{"rendered":"<p><strong>Id\u00e9ale pour cr\u00e9er des zones confortables dans vos bureaux ainsi que des espaces lounge de travail, cette collection peut \u00eatre modul\u00e9e selon vos envies.<\/strong><\/p>\n<p>Gr\u00e2ce \u00e0 ses diff\u00e9rents \u00e9l\u00e9ments d\u2019angle et modules centraux, associ\u00e9s \u00e0 des ottomans, vous pouvez la configurer dans toutes les formes correspondant \u00e0 votre espace et \u00e0 vos besoins. Flexible, Olga s\u2019adaptera \u00e0 l\u2019\u00e9volution de vos usages.<\/p>\n<p>Fabriqu\u00e9e en contreplaqu\u00e9 avec une mousse haute densit\u00e9 et propos\u00e9e dans diff\u00e9rents styles de tissu, elle allie esth\u00e9tique et fonctionnalit\u00e9 pour accompagner votre transformation.<\/p>\n","protected":false},"featured_media":2678,"template":"","meta":[],"product_brand":[],"product_cat":[1270,1279],"product_tag":[],"class_list":{"0":"post-11300","1":"product","2":"type-product","3":"status-publish","4":"has-post-thumbnail","6":"product_cat-mobilier","7":"product_cat-systeme-dassise-modulable","10":"first","11":"instock","12":"shipping-taxable","13":"product-type-simple"},"aioseo_notices":[],"_links":{"self":[{"href":"https:\/\/z-v.fr\/fr\/wp-json\/wp\/v2\/product\/11300","targetHints":{"allow":["GET"]}}],"collection":[{"href":"https:\/\/z-v.fr\/fr\/wp-json\/wp\/v2\/product"}],"about":[{"href":"https:\/\/z-v.fr\/fr\/wp-json\/wp\/v2\/types\/product"}],"wp:featuredmedia":[{"embeddable":true,"href":"https:\/\/z-v.fr\/fr\/wp-json\/wp\/v2\/media\/2678"}],"wp:attachment":[{"href":"https:\/\/z-v.fr\/fr\/wp-json\/wp\/v2\/media?parent=11300"}],"wp:term":[{"taxonomy":"product_brand","embeddable":true,"href":"https:\/\/z-v.fr\/fr\/wp-json\/wp\/v2\/product_brand?post=11300"},{"taxonomy":"product_cat","embeddable":true,"href":"https:\/\/z-v.fr\/fr\/wp-json\/wp\/v2\/product_cat?post=11300"},{"taxonomy":"product_tag","embeddable":true,"href":"https:\/\/z-v.fr\/fr\/wp-json\/wp\/v2\/product_tag?post=11300"}],"curies":[{"name":"wp","href":"https:\/\/api.w.org\/{rel}","templated":true}]}}