{"id":11298,"date":"2025-08-31T04:06:45","date_gmt":"2025-08-30T20:06:45","guid":{"rendered":"https:\/\/zv.carbonpix.com\/?post_type=product&#038;p=11298"},"modified":"2025-09-19T11:53:37","modified_gmt":"2025-09-19T03:53:37","slug":"carney","status":"publish","type":"product","link":"https:\/\/z-v.fr\/fr\/produit\/carney","title":{"rendered":"Carney"},"content":{"rendered":"<p><strong>Personnalisez-le selon votre style gr\u00e2ce \u00e0 ces diff\u00e9rentes finitions :<\/strong><\/p>\n<ul>\n<li>Des centaines de tissus et coloris au choix,<\/li>\n<li>Mat\u00e9riaux mixtes disponibles,<\/li>\n<li>Dossier haut ou bas,<\/li>\n<li>Table et table d\u2019appoint,<\/li>\n<li>Adaptable \u00e0 vos dimensions sur demande.<\/li>\n<\/ul>\n","protected":false},"excerpt":{"rendered":"<p><strong>La collection Carney est une parfaite alliance de simplicit\u00e9 et de modernit\u00e9 aux courbes douces.<\/strong><\/p>\n<p>Elle offre de multiples configurations, du fauteuil au canap\u00e9 trois places, avec dossiers bas ou hauts.<\/p>\n<p>Gr\u00e2ce \u00e0 sa gamme, vous pouvez sublimer votre style avec \u00e9l\u00e9gance et lui donner une allure intemporelle.<\/p>\n","protected":false},"featured_media":2689,"template":"","meta":[],"product_brand":[],"product_cat":[1270,1275],"product_tag":[],"class_list":{"0":"post-11298","1":"product","2":"type-product","3":"status-publish","4":"has-post-thumbnail","6":"product_cat-mobilier","7":"product_cat-assises-lounge","10":"first","11":"instock","12":"shipping-taxable","13":"product-type-simple"},"aioseo_notices":[],"_links":{"self":[{"href":"https:\/\/z-v.fr\/fr\/wp-json\/wp\/v2\/product\/11298","targetHints":{"allow":["GET"]}}],"collection":[{"href":"https:\/\/z-v.fr\/fr\/wp-json\/wp\/v2\/product"}],"about":[{"href":"https:\/\/z-v.fr\/fr\/wp-json\/wp\/v2\/types\/product"}],"wp:featuredmedia":[{"embeddable":true,"href":"https:\/\/z-v.fr\/fr\/wp-json\/wp\/v2\/media\/2689"}],"wp:attachment":[{"href":"https:\/\/z-v.fr\/fr\/wp-json\/wp\/v2\/media?parent=11298"}],"wp:term":[{"taxonomy":"product_brand","embeddable":true,"href":"https:\/\/z-v.fr\/fr\/wp-json\/wp\/v2\/product_brand?post=11298"},{"taxonomy":"product_cat","embeddable":true,"href":"https:\/\/z-v.fr\/fr\/wp-json\/wp\/v2\/product_cat?post=11298"},{"taxonomy":"product_tag","embeddable":true,"href":"https:\/\/z-v.fr\/fr\/wp-json\/wp\/v2\/product_tag?post=11298"}],"curies":[{"name":"wp","href":"https:\/\/api.w.org\/{rel}","templated":true}]}}