{"id":11297,"date":"2025-08-31T04:06:45","date_gmt":"2025-08-30T20:06:45","guid":{"rendered":"https:\/\/zv.carbonpix.com\/?post_type=product&#038;p=11297"},"modified":"2025-09-23T12:19:37","modified_gmt":"2025-09-23T04:19:37","slug":"canape-modulable-catania","status":"publish","type":"product","link":"https:\/\/z-v.fr\/fr\/produit\/canape-modulable-catania","title":{"rendered":"Canap\u00e9 modulable &#8211; Catania"},"content":{"rendered":"<p><strong>Personnalisez-le selon votre style gr\u00e2ce \u00e0 ces diff\u00e9rentes finitions :<\/strong><\/p>\n<ul>\n<li>Des centaines de tissus disponibles, dans une large palette de couleurs,<\/li>\n<li>Mat\u00e9riaux mixtes au choix,<\/li>\n<li>Dimensions enti\u00e8rement personnalisables.<\/li>\n<\/ul>\n<p><strong>Et configurez-le avec les fonctionnalit\u00e9s de votre choix :<\/strong><\/p>\n<ul>\n<li>Nombre de places assises selon vos besoins,<\/li>\n<li>Table int\u00e9gr\u00e9e,<\/li>\n<li>Accoudoirs,<\/li>\n<li>Tabouret et ottoman,<\/li>\n<li>Pieds en mat\u00e9riaux vari\u00e9s,<\/li>\n<li>Prises \u00e9lectriques et ports de donn\u00e9es,<\/li>\n<li>Compatibilit\u00e9 avec roulettes.<\/li>\n<\/ul>\n","protected":false},"excerpt":{"rendered":"<p><strong>Catania est un canap\u00e9 open system enti\u00e8rement personnalisable, compos\u00e9 de multiples \u00e9l\u00e9ments permettant les configurations de votre choix.<\/strong><\/p>\n<p>Bas\u00e9 sur des modules \u2014 dossier bas ou haut, diff\u00e9rents styles d\u2019accoudoirs, ottomans, tabourets, tables et pi\u00e8tements vari\u00e9s \u2014 il vous suffit de s\u00e9lectionner les \u00e9l\u00e9ments pour composer votre propre ensemble sur mesure.<\/p>\n<p>Pens\u00e9 pour \u00e9voluer dans le temps, il garantit une compatibilit\u00e9 totale entre toutes ses pi\u00e8ces.<\/p>\n","protected":false},"featured_media":2740,"template":"","meta":[],"product_brand":[],"product_cat":[1270,1279],"product_tag":[],"class_list":{"0":"post-11297","1":"product","2":"type-product","3":"status-publish","4":"has-post-thumbnail","6":"product_cat-mobilier","7":"product_cat-systeme-dassise-modulable","10":"first","11":"instock","12":"shipping-taxable","13":"product-type-simple"},"aioseo_notices":[],"_links":{"self":[{"href":"https:\/\/z-v.fr\/fr\/wp-json\/wp\/v2\/product\/11297","targetHints":{"allow":["GET"]}}],"collection":[{"href":"https:\/\/z-v.fr\/fr\/wp-json\/wp\/v2\/product"}],"about":[{"href":"https:\/\/z-v.fr\/fr\/wp-json\/wp\/v2\/types\/product"}],"wp:featuredmedia":[{"embeddable":true,"href":"https:\/\/z-v.fr\/fr\/wp-json\/wp\/v2\/media\/2740"}],"wp:attachment":[{"href":"https:\/\/z-v.fr\/fr\/wp-json\/wp\/v2\/media?parent=11297"}],"wp:term":[{"taxonomy":"product_brand","embeddable":true,"href":"https:\/\/z-v.fr\/fr\/wp-json\/wp\/v2\/product_brand?post=11297"},{"taxonomy":"product_cat","embeddable":true,"href":"https:\/\/z-v.fr\/fr\/wp-json\/wp\/v2\/product_cat?post=11297"},{"taxonomy":"product_tag","embeddable":true,"href":"https:\/\/z-v.fr\/fr\/wp-json\/wp\/v2\/product_tag?post=11297"}],"curies":[{"name":"wp","href":"https:\/\/api.w.org\/{rel}","templated":true}]}}