{"id":11294,"date":"2025-08-31T04:06:45","date_gmt":"2025-08-30T20:06:45","guid":{"rendered":"https:\/\/zv.carbonpix.com\/?post_type=product&#038;p=11294"},"modified":"2025-09-24T13:03:09","modified_gmt":"2025-09-24T05:03:09","slug":"spc-usage-commercial","status":"publish","type":"product","link":"https:\/\/z-v.fr\/fr\/produit\/spc-usage-commercial","title":{"rendered":"SPC &#8211; Usage commercial"},"content":{"rendered":"<p><strong>Notre gamme commerciale est :<\/strong><\/p>\n<ul>\n<li>R\u00e9sistante aux UV,<\/li>\n<li>R\u00e9sistante aux rayures,<\/li>\n<li>Imperm\u00e9able,<\/li>\n<li>R\u00e9sistante aux taches,<\/li>\n<li>R\u00e9sistante au feu (Classe B),<\/li>\n<li>Antid\u00e9rapante,<\/li>\n<li>Antibact\u00e9rienne et r\u00e9sistante \u00e0 la moisissure,<\/li>\n<li>R\u00e9sistante aux nuisibles,<\/li>\n<li>Sans formald\u00e9hyde et sans COV,<\/li>\n<li>Isolation acoustique avec un indice STC d\u2019environ 65 et un indice IIC d\u2019environ 64,<\/li>\n<li>Garantie de 15 ans pour un usage commercial.<\/li>\n<\/ul>\n<p><img loading=\"lazy\" decoding=\"async\" class=\"alignleft wp-image-2895\" src=\"https:\/\/z-v.fr\/wp-content\/uploads\/2021\/02\/SPC-Flooring-006.jpg\" alt=\"SPC Flooring\" width=\"789\" height=\"549\" srcset=\"https:\/\/z-v.fr\/wp-content\/uploads\/2021\/02\/SPC-Flooring-006.jpg 1006w, https:\/\/z-v.fr\/wp-content\/uploads\/2021\/02\/SPC-Flooring-006-600x417.jpg 600w, https:\/\/z-v.fr\/wp-content\/uploads\/2021\/02\/SPC-Flooring-006-100x70.jpg 100w, https:\/\/z-v.fr\/wp-content\/uploads\/2021\/02\/SPC-Flooring-006-300x209.jpg 300w, https:\/\/z-v.fr\/wp-content\/uploads\/2021\/02\/SPC-Flooring-006-768x534.jpg 768w\" sizes=\"auto, (max-width: 789px) 100vw, 789px\" \/><\/p>\n","protected":false},"excerpt":{"rendered":"<p><strong>Le SPC (Stone Polymer Composite) est la derni\u00e8re g\u00e9n\u00e9ration de rev\u00eatement composite offrant une durabilit\u00e9 incomparable.<\/strong><\/p>\n<p>Dot\u00e9 d\u2019une excellente stabilit\u00e9 dimensionnelle, il repose sur une couche centrale rigide (5 mm) compos\u00e9e en poudre de pierre polym\u00e9ris\u00e9e, int\u00e9grant une sous-couche acoustique en EVA (2 mm) et un rev\u00eatement UV appliqu\u00e9 sur la couche d\u2019usure textur\u00e9e (0,5 mm) prot\u00e9geant le film d\u00e9coratif haute d\u00e9finition.<\/p>\n<p>Polyvalent, il peut \u00eatre textur\u00e9 et imprim\u00e9 pour imiter le bois, la pierre, le b\u00e9ton, le m\u00e9tal ou tout autre mat\u00e9riau de votre choix.<\/p>\n<p>Con\u00e7us pour une installation facile, tous nos produits sont pr\u00eats \u00e0 clipser, permettant une pose rapide sans pr\u00e9paration du sol ni composants de collage. Ils sont imm\u00e9diatement utilisables, sans poussi\u00e8re, sans odeur et sans COV.<\/p>\n<p><strong>Garantie de 15 ans pour un usage commercial.<\/strong><\/p>\n<div id=\"simple-translate\" class=\"simple-translate-system-theme\">\n<div>\n<div class=\"simple-translate-button isShow\" style=\"background-image: url('chrome-extension:\/\/ibplnjkanclpjokhdolnendpplpjiace\/icons\/512.png'); height: 22px; width: 22px; top: 75px; left: 968px;\"><\/div>\n<div class=\"simple-translate-panel \" style=\"width: 300px; height: 200px; top: 0px; left: 0px; font-size: 13px;\">\n<div class=\"simple-translate-result-wrapper\" style=\"overflow: hidden;\">\n<div class=\"simple-translate-move\" draggable=\"true\"><\/div>\n<div class=\"simple-translate-result-contents\">\n<p class=\"simple-translate-result\" dir=\"auto\">\n<p class=\"simple-translate-candidate\" dir=\"auto\">\n<\/div>\n<\/div>\n<\/div>\n<\/div>\n<\/div>\n","protected":false},"featured_media":2904,"template":"","meta":[],"product_brand":[],"product_cat":[1269],"product_tag":[],"class_list":{"0":"post-11294","1":"product","2":"type-product","3":"status-publish","4":"has-post-thumbnail","6":"product_cat-revetements-de-sol","9":"first","10":"instock","11":"shipping-taxable","12":"product-type-simple"},"aioseo_notices":[],"_links":{"self":[{"href":"https:\/\/z-v.fr\/fr\/wp-json\/wp\/v2\/product\/11294","targetHints":{"allow":["GET"]}}],"collection":[{"href":"https:\/\/z-v.fr\/fr\/wp-json\/wp\/v2\/product"}],"about":[{"href":"https:\/\/z-v.fr\/fr\/wp-json\/wp\/v2\/types\/product"}],"wp:featuredmedia":[{"embeddable":true,"href":"https:\/\/z-v.fr\/fr\/wp-json\/wp\/v2\/media\/2904"}],"wp:attachment":[{"href":"https:\/\/z-v.fr\/fr\/wp-json\/wp\/v2\/media?parent=11294"}],"wp:term":[{"taxonomy":"product_brand","embeddable":true,"href":"https:\/\/z-v.fr\/fr\/wp-json\/wp\/v2\/product_brand?post=11294"},{"taxonomy":"product_cat","embeddable":true,"href":"https:\/\/z-v.fr\/fr\/wp-json\/wp\/v2\/product_cat?post=11294"},{"taxonomy":"product_tag","embeddable":true,"href":"https:\/\/z-v.fr\/fr\/wp-json\/wp\/v2\/product_tag?post=11294"}],"curies":[{"name":"wp","href":"https:\/\/api.w.org\/{rel}","templated":true}]}}