{"id":11293,"date":"2025-08-31T04:06:46","date_gmt":"2025-08-30T20:06:46","guid":{"rendered":"https:\/\/zv.carbonpix.com\/?post_type=product&#038;p=11293"},"modified":"2025-09-24T13:19:32","modified_gmt":"2025-09-24T05:19:32","slug":"parquet-bois-massif","status":"publish","type":"product","link":"https:\/\/z-v.fr\/fr\/produit\/parquet-bois-massif","title":{"rendered":"Parquet &#8211; bois massif"},"content":{"rendered":"<p><strong>S\u00e9lectionnez votre essence et type selon vos exigences et votre budget.<\/strong><\/p>\n<ul>\n<li>Bois \u00e0 haute densit\u00e9 : Ch\u00eane blanc d&rsquo;Am\u00e9rique, C\u00e8dre rouge de l&rsquo;Ouest, Acacia, Noyer cendr\u00e9, H\u00eatre, Prunier, Noyer et autres essences.<\/li>\n<li>Bois \u00e0 densit\u00e9 moyenne : Fr\u00eane, \u00c9rable, Merisier, Orme et autres essences.<\/li>\n<li>Bois exotiques : Bambou, Acajou, Teck, Meranti, Sapele, \u00c9b\u00e8ne et autres essences.<\/li>\n<\/ul>\n<p><strong>Veuillez nous consulter pour plus de d\u00e9tails sur ces produits.<\/strong><\/p>\n<p><img loading=\"lazy\" decoding=\"async\" class=\"alignleft wp-image-2887\" src=\"https:\/\/z-v.fr\/wp-content\/uploads\/2021\/02\/DENSITY-OF-WOOD-FEB-2021-e1612757004922.jpg\" alt=\"DENSITY OF WOOD\" width=\"879\" height=\"1224\" srcset=\"https:\/\/z-v.fr\/wp-content\/uploads\/2021\/02\/DENSITY-OF-WOOD-FEB-2021-e1612757004922.jpg 1414w, https:\/\/z-v.fr\/wp-content\/uploads\/2021\/02\/DENSITY-OF-WOOD-FEB-2021-e1612757004922-600x836.jpg 600w, https:\/\/z-v.fr\/wp-content\/uploads\/2021\/02\/DENSITY-OF-WOOD-FEB-2021-e1612757004922-1103x1536.jpg 1103w, https:\/\/z-v.fr\/wp-content\/uploads\/2021\/02\/DENSITY-OF-WOOD-FEB-2021-e1612757004922-100x139.jpg 100w, https:\/\/z-v.fr\/wp-content\/uploads\/2021\/02\/DENSITY-OF-WOOD-FEB-2021-e1612757004922-1200x1671.jpg 1200w, https:\/\/z-v.fr\/wp-content\/uploads\/2021\/02\/DENSITY-OF-WOOD-FEB-2021-e1612757004922-215x300.jpg 215w, https:\/\/z-v.fr\/wp-content\/uploads\/2021\/02\/DENSITY-OF-WOOD-FEB-2021-e1612757004922-768x1069.jpg 768w, https:\/\/z-v.fr\/wp-content\/uploads\/2021\/02\/DENSITY-OF-WOOD-FEB-2021-e1612757004922-735x1024.jpg 735w\" sizes=\"auto, (max-width: 879px) 100vw, 879px\" \/><\/p>\n","protected":false},"excerpt":{"rendered":"<p>Qu&rsquo;il soit massif ou contrecoll\u00e9, notre parquet en bois noble provient exclusivement de for\u00eats certifi\u00e9es FSC. Chaque lame b\u00e9n\u00e9ficie d&rsquo;un savoir-faire exceptionnel qui garantit durabilit\u00e9, r\u00e9sistance et qualit\u00e9.<\/p>\n<p>\u00c9labor\u00e9 \u00e0 partir d&rsquo;essences soigneusement s\u00e9lectionn\u00e9es &#8211; bois durs, essences \u00e0 densit\u00e9 moyenne ou bois exotiques &#8211; notre parquet se d\u00e9cline en multiples dimensions pour s&rsquo;adapter parfaitement \u00e0 vos projets et contraintes d&rsquo;am\u00e9nagement.<\/p>\n<p>Pens\u00e9s pour simplifier votre installation, l&rsquo;ensemble de notre gamme dispose du syst\u00e8me d&#8217;embo\u00eetement T&amp;G Ready. Cette innovation permet une pose imm\u00e9diate, sans pr\u00e9paration pr\u00e9alable du support ni recours \u00e0 des colles.<\/p>\n<p>Le r\u00e9sultat : un sol op\u00e9rationnel instantan\u00e9ment, dans un environnement sain, exempt de poussi\u00e8re, d&rsquo;odeurs et de compos\u00e9s organiques volatils.<\/p>\n","protected":false},"featured_media":2883,"template":"","meta":[],"product_brand":[],"product_cat":[1269],"product_tag":[],"class_list":{"0":"post-11293","1":"product","2":"type-product","3":"status-publish","4":"has-post-thumbnail","6":"product_cat-revetements-de-sol","9":"first","10":"instock","11":"shipping-taxable","12":"product-type-simple"},"aioseo_notices":[],"_links":{"self":[{"href":"https:\/\/z-v.fr\/fr\/wp-json\/wp\/v2\/product\/11293","targetHints":{"allow":["GET"]}}],"collection":[{"href":"https:\/\/z-v.fr\/fr\/wp-json\/wp\/v2\/product"}],"about":[{"href":"https:\/\/z-v.fr\/fr\/wp-json\/wp\/v2\/types\/product"}],"wp:featuredmedia":[{"embeddable":true,"href":"https:\/\/z-v.fr\/fr\/wp-json\/wp\/v2\/media\/2883"}],"wp:attachment":[{"href":"https:\/\/z-v.fr\/fr\/wp-json\/wp\/v2\/media?parent=11293"}],"wp:term":[{"taxonomy":"product_brand","embeddable":true,"href":"https:\/\/z-v.fr\/fr\/wp-json\/wp\/v2\/product_brand?post=11293"},{"taxonomy":"product_cat","embeddable":true,"href":"https:\/\/z-v.fr\/fr\/wp-json\/wp\/v2\/product_cat?post=11293"},{"taxonomy":"product_tag","embeddable":true,"href":"https:\/\/z-v.fr\/fr\/wp-json\/wp\/v2\/product_tag?post=11293"}],"curies":[{"name":"wp","href":"https:\/\/api.w.org\/{rel}","templated":true}]}}