{"id":11292,"date":"2025-08-31T04:06:46","date_gmt":"2025-08-30T20:06:46","guid":{"rendered":"https:\/\/zv.carbonpix.com\/?post_type=product&#038;p=11292"},"modified":"2025-09-24T13:04:39","modified_gmt":"2025-09-24T05:04:39","slug":"wpc-parquet-exterieur","status":"publish","type":"product","link":"https:\/\/z-v.fr\/fr\/produit\/wpc-parquet-exterieur","title":{"rendered":"WPC &#8211; Parquet Ext\u00e9rieur"},"content":{"rendered":"<p><strong>Notre gamme commerciale est :<\/strong><\/p>\n<ul>\n<li>R\u00e9sistante aux UV,<\/li>\n<li>R\u00e9sistante aux impacts,<\/li>\n<li>R\u00e9sistante aux intemp\u00e9ries de -40\u00b0 \u00e0 +60\u00b0C,<\/li>\n<li>R\u00e9sistante \u00e0 la corrosion et aux taches,<\/li>\n<li>R\u00e9sistante au feu,<\/li>\n<li>Antid\u00e9rapante,<\/li>\n<li>Anti-mousse,<\/li>\n<li>R\u00e9sistante aux nuisibles,<\/li>\n<li>Sans formald\u00e9hyde et sans COV,<\/li>\n<li>Offrant une bonne isolation acoustique,<\/li>\n<li>Garantie 15 ans pour un usage commercial.<\/li>\n<\/ul>\n","protected":false},"excerpt":{"rendered":"<p><strong>Le WPC (Wood Polymer Composite), avec son aspect bois naturel, est la solution id\u00e9ale pour un usage ext\u00e9rieur, alliant un faible entretien et une durabilit\u00e9 exceptionnelle.<\/strong><\/p>\n<p>Principalement utilis\u00e9 pour les garde-corps, terrasses et rev\u00eatements muraux ext\u00e9rieurs, c\u2019est un mat\u00e9riau innovant et \u00e9cologique, recyclable, offrant une grande r\u00e9sistance et de nombreuses possibilit\u00e9s d\u2019application.<\/p>\n<p>Lisse ou structur\u00e9, en lames de diff\u00e9rentes dimensions ou en dalles pr\u00e9assembl\u00e9es, notre gamme est pr\u00eate \u00e0 poser, permettant une installation rapide sans pr\u00e9paration ni collage sp\u00e9cifique.<\/p>\n<p><strong>Garantie de 15 ans pour un usage commercial.<\/strong><\/p>\n","protected":false},"featured_media":3110,"template":"","meta":[],"product_brand":[],"product_cat":[1269],"product_tag":[],"class_list":{"0":"post-11292","1":"product","2":"type-product","3":"status-publish","4":"has-post-thumbnail","6":"product_cat-revetements-de-sol","9":"first","10":"instock","11":"shipping-taxable","12":"product-type-simple"},"aioseo_notices":[],"_links":{"self":[{"href":"https:\/\/z-v.fr\/fr\/wp-json\/wp\/v2\/product\/11292","targetHints":{"allow":["GET"]}}],"collection":[{"href":"https:\/\/z-v.fr\/fr\/wp-json\/wp\/v2\/product"}],"about":[{"href":"https:\/\/z-v.fr\/fr\/wp-json\/wp\/v2\/types\/product"}],"wp:featuredmedia":[{"embeddable":true,"href":"https:\/\/z-v.fr\/fr\/wp-json\/wp\/v2\/media\/3110"}],"wp:attachment":[{"href":"https:\/\/z-v.fr\/fr\/wp-json\/wp\/v2\/media?parent=11292"}],"wp:term":[{"taxonomy":"product_brand","embeddable":true,"href":"https:\/\/z-v.fr\/fr\/wp-json\/wp\/v2\/product_brand?post=11292"},{"taxonomy":"product_cat","embeddable":true,"href":"https:\/\/z-v.fr\/fr\/wp-json\/wp\/v2\/product_cat?post=11292"},{"taxonomy":"product_tag","embeddable":true,"href":"https:\/\/z-v.fr\/fr\/wp-json\/wp\/v2\/product_tag?post=11292"}],"curies":[{"name":"wp","href":"https:\/\/api.w.org\/{rel}","templated":true}]}}