{"id":11291,"date":"2025-08-31T04:06:46","date_gmt":"2025-08-30T20:06:46","guid":{"rendered":"https:\/\/zv.carbonpix.com\/?post_type=product&#038;p=11291"},"modified":"2025-09-25T14:20:35","modified_gmt":"2025-09-25T06:20:35","slug":"cloison-vitree-sans-cadre","status":"publish","type":"product","link":"https:\/\/z-v.fr\/fr\/produit\/cloison-vitree-sans-cadre","title":{"rendered":"Cloison vitr\u00e9e sans cadre"},"content":{"rendered":"<p><strong>Personnalisez-la selon vos exigences :<\/strong><\/p>\n<ul>\n<li>Profil\u00e9s en aluminium modulables permettant tous les designs et configurations,<\/li>\n<li>Des centaines de couleurs, textures et motifs imitation bois,<\/li>\n<li>Compatible avec plafonds ouverts ou encastr\u00e9s,<\/li>\n<li>Compatible avec les variations de niveau de sol,<\/li>\n<li>Simple ou double vitrage,<\/li>\n<li>Longueurs standard \u00e0 recouper sur site,<\/li>\n<li>D\u00e9coup\u00e9 et pr\u00eat \u00e0 \u00eatre install\u00e9.<\/li>\n<\/ul>\n<p><strong>Et configurez selon vos fonctionnalit\u00e9s :<\/strong><\/p>\n<ul>\n<li>Panneau droit ou courbe,<\/li>\n<li>Verre standard, sabl\u00e9, grav\u00e9 au laser ou intelligent,<\/li>\n<li>Porte battante ou coulissante (automatique\/manuelle),<\/li>\n<li>Serrure intelligente ou standard,<\/li>\n<li>Prises \u00e9lectriques et donn\u00e9es,<\/li>\n<li>Panneau acoustique en PET,<\/li>\n<li>Accessoires mont\u00e9s sur panneau (TV, tableau blanc).<\/li>\n<\/ul>\n","protected":false},"excerpt":{"rendered":"<p><strong>Solution id\u00e9ale pour cloisonner vos espaces, le vitrage est une option esth\u00e9tique, \u00e9conomique et modulable.<\/strong><\/p>\n<p>Soutenue par les derni\u00e8res innovations, la structure en profil\u00e9s d\u2019aluminium extrud\u00e9 propose un large choix de largeurs et de formes. Polyvalente, elle peut \u00eatre rev\u00eatue de toutes les couleurs et textures, y compris des motifs imitation bois, offrant l\u2019aspect chaleureux du bois avec la capacit\u00e9 de charge, la durabilit\u00e9 et la faible maintenance de l\u2019aluminium.<\/p>\n<p>Sp\u00e9cialement con\u00e7ue pour am\u00e9liorer l\u2019isolation acoustique, elle laissera passer la lumi\u00e8re entre les pi\u00e8ces et renforcera la sensation d\u2019un espace plus grand.<\/p>\n","protected":false},"featured_media":2789,"template":"","meta":[],"product_brand":[],"product_cat":[1289],"product_tag":[],"class_list":{"0":"post-11291","1":"product","2":"type-product","3":"status-publish","4":"has-post-thumbnail","6":"product_cat-solutions-de-cloisonnement","9":"first","10":"instock","11":"shipping-taxable","12":"product-type-simple"},"aioseo_notices":[],"_links":{"self":[{"href":"https:\/\/z-v.fr\/fr\/wp-json\/wp\/v2\/product\/11291","targetHints":{"allow":["GET"]}}],"collection":[{"href":"https:\/\/z-v.fr\/fr\/wp-json\/wp\/v2\/product"}],"about":[{"href":"https:\/\/z-v.fr\/fr\/wp-json\/wp\/v2\/types\/product"}],"wp:featuredmedia":[{"embeddable":true,"href":"https:\/\/z-v.fr\/fr\/wp-json\/wp\/v2\/media\/2789"}],"wp:attachment":[{"href":"https:\/\/z-v.fr\/fr\/wp-json\/wp\/v2\/media?parent=11291"}],"wp:term":[{"taxonomy":"product_brand","embeddable":true,"href":"https:\/\/z-v.fr\/fr\/wp-json\/wp\/v2\/product_brand?post=11291"},{"taxonomy":"product_cat","embeddable":true,"href":"https:\/\/z-v.fr\/fr\/wp-json\/wp\/v2\/product_cat?post=11291"},{"taxonomy":"product_tag","embeddable":true,"href":"https:\/\/z-v.fr\/fr\/wp-json\/wp\/v2\/product_tag?post=11291"}],"curies":[{"name":"wp","href":"https:\/\/api.w.org\/{rel}","templated":true}]}}