{"id":11284,"date":"2025-08-31T04:06:46","date_gmt":"2025-08-30T20:06:46","guid":{"rendered":"https:\/\/zv.carbonpix.com\/?post_type=product&#038;p=11284"},"modified":"2025-09-17T16:24:32","modified_gmt":"2025-09-17T08:24:32","slug":"eclairage-connecte-paraline-wiz-connected","status":"publish","type":"product","link":"https:\/\/z-v.fr\/fr\/produit\/eclairage-connecte-paraline-wiz-connected","title":{"rendered":"\u00c9clairage connect\u00e9 &#8211; Paraline &#8211; Wiz Connected"},"content":{"rendered":"<p><strong>Personnalisez-le selon vos besoins gr\u00e2ce \u00e0 ces diff\u00e9rentes configurations :<\/strong><\/p>\n<ul>\n<li>Nombreuses formes de luminaires,<\/li>\n<li>Montage au plafond ou mural,<\/li>\n<li>Syst\u00e8me plug &amp; play,<\/li>\n<li>Compatible avec toutes les longueurs gr\u00e2ce \u00e0 son design modulaire extensible,<\/li>\n<li>Options vari\u00e9es de lumens et de puissance,<\/li>\n<li>LED blanc ajustable et RGB,<\/li>\n<li>\u00c9clairage direct et indirect,<\/li>\n<li>Sans \u00e9blouissement,<\/li>\n<li>Connexion via Wiz Smart Control,<\/li>\n<li>Capteur sans fil de mouvement et de luminosit\u00e9 naturelle,<\/li>\n<li>T\u00e9l\u00e9commande sans fil,<\/li>\n<li>Certification CE et ETL.<\/li>\n<\/ul>\n","protected":false},"excerpt":{"rendered":"<p><strong>L\u2019\u00e9clairage connect\u00e9 est indispensable pour obtenir un contr\u00f4le pr\u00e9cis et personnalis\u00e9 de votre syst\u00e8me, en l\u2019adaptant \u00e0 vos besoins tout en am\u00e9liorant votre efficacit\u00e9 \u00e9nerg\u00e9tique.<\/strong><\/p>\n<p>Automatis\u00e9es et sans fil, nos solutions donnent libre cours \u00e0 votre cr\u00e9ativit\u00e9 gr\u00e2ce \u00e0 une vari\u00e9t\u00e9 de formes de luminaires, une lumi\u00e8re blanche modulable, des options RGB, ainsi qu\u2019un ensemble de capteurs permettant d\u2019ajuster chaque zone en fonction de param\u00e8tres comme la pr\u00e9sence ou la lumi\u00e8re naturelle disponible.<\/p>\n<p>\u00c9quip\u00e9 du Wiz Smart Control de Signify, chaque luminaire est g\u00e9r\u00e9 individuellement via une application ou une plateforme, et contr\u00f4l\u00e9 vocalement avec Alexa, Google et Siri.<\/p>\n","protected":false},"featured_media":3192,"template":"","meta":[],"product_brand":[],"product_cat":[1288],"product_tag":[],"class_list":{"0":"post-11284","1":"product","2":"type-product","3":"status-publish","4":"has-post-thumbnail","6":"product_cat-luminaire-connecte","9":"first","10":"instock","11":"shipping-taxable","12":"product-type-simple"},"aioseo_notices":[],"_links":{"self":[{"href":"https:\/\/z-v.fr\/fr\/wp-json\/wp\/v2\/product\/11284","targetHints":{"allow":["GET"]}}],"collection":[{"href":"https:\/\/z-v.fr\/fr\/wp-json\/wp\/v2\/product"}],"about":[{"href":"https:\/\/z-v.fr\/fr\/wp-json\/wp\/v2\/types\/product"}],"wp:featuredmedia":[{"embeddable":true,"href":"https:\/\/z-v.fr\/fr\/wp-json\/wp\/v2\/media\/3192"}],"wp:attachment":[{"href":"https:\/\/z-v.fr\/fr\/wp-json\/wp\/v2\/media?parent=11284"}],"wp:term":[{"taxonomy":"product_brand","embeddable":true,"href":"https:\/\/z-v.fr\/fr\/wp-json\/wp\/v2\/product_brand?post=11284"},{"taxonomy":"product_cat","embeddable":true,"href":"https:\/\/z-v.fr\/fr\/wp-json\/wp\/v2\/product_cat?post=11284"},{"taxonomy":"product_tag","embeddable":true,"href":"https:\/\/z-v.fr\/fr\/wp-json\/wp\/v2\/product_tag?post=11284"}],"curies":[{"name":"wp","href":"https:\/\/api.w.org\/{rel}","templated":true}]}}