{"id":11270,"date":"2025-08-31T04:07:35","date_gmt":"2025-08-30T20:07:35","guid":{"rendered":"https:\/\/zv.carbonpix.com\/?post_type=product&#038;p=11270"},"modified":"2025-09-23T11:07:51","modified_gmt":"2025-09-23T03:07:51","slug":"fauteuil","status":"publish","type":"product","link":"https:\/\/z-v.fr\/fr\/produit\/fauteuil","title":{"rendered":"Fauteuil"},"content":{"rendered":"<p><strong>Personnalisez-le selon votre style avec ces diff\u00e9rentes finitions :<\/strong><\/p>\n<ul>\n<li>Carton kraft naturel ou color\u00e9,<\/li>\n<li>C\u00f4t\u00e9s en bambou naturel ou peint,<\/li>\n<li>Verre tremp\u00e9 naturel ou peint,<\/li>\n<li>Assise disponible dans tous les coloris et mat\u00e9riaux.<\/li>\n<\/ul>\n<p><strong>Et une gamme compl\u00e8te pour cr\u00e9er une harmonie dans tous vos espaces :<\/strong><\/p>\n<ul>\n<li>Canap\u00e9,<\/li>\n<li>Banc,<\/li>\n<li>Fauteuil,<\/li>\n<li>Tabouret,<\/li>\n<li>Pouf,<\/li>\n<li>Tables,<\/li>\n<li>Lit,<\/li>\n<li>Biblioth\u00e8que,<\/li>\n<li>Console,<\/li>\n<li>Pr\u00e9sentoir,<\/li>\n<li>Votre design personnalis\u00e9.<\/li>\n<\/ul>\n<p><strong>Capacit\u00e9 de charge : de 50 kg \u00e0 1000 kg selon le produit.<\/strong><\/p>\n","protected":false},"excerpt":{"rendered":"<p><strong>Notre collection associe robustesse et durabilit\u00e9, r\u00e9alis\u00e9e \u00e0 partir de mati\u00e8res recyclables et \u00e9co-responsables.<\/strong><\/p>\n<p>\u00c0 la fois cr\u00e9ative et color\u00e9e, elle trouve sa place dans tous les espaces int\u00e9rieurs et apporte une touche d\u2019originalit\u00e9 sans n\u00e9gliger la fonctionnalit\u00e9.<\/p>\n<p>Pliable et polyvalente, elle s\u2019adapte \u00e0 vos besoins : pour un usage ponctuel ou au quotidien. Con\u00e7us en papier kraft \u00e9pais, renforc\u00e9s par du bambou ou compl\u00e9t\u00e9s d\u2019un plateau en verre tremp\u00e9, ces produits sont pens\u00e9s pour durer et offrir une v\u00e9ritable exp\u00e9rience d\u2019exception jour apr\u00e8s jour.<\/p>\n","protected":false},"featured_media":9703,"template":"","meta":[],"product_brand":[],"product_cat":[1272],"product_tag":[],"class_list":{"0":"post-11270","1":"product","2":"type-product","3":"status-publish","4":"has-post-thumbnail","6":"product_cat-mobilier-kraft","9":"first","10":"instock","11":"shipping-taxable","12":"product-type-simple"},"aioseo_notices":[],"_links":{"self":[{"href":"https:\/\/z-v.fr\/fr\/wp-json\/wp\/v2\/product\/11270","targetHints":{"allow":["GET"]}}],"collection":[{"href":"https:\/\/z-v.fr\/fr\/wp-json\/wp\/v2\/product"}],"about":[{"href":"https:\/\/z-v.fr\/fr\/wp-json\/wp\/v2\/types\/product"}],"wp:featuredmedia":[{"embeddable":true,"href":"https:\/\/z-v.fr\/fr\/wp-json\/wp\/v2\/media\/9703"}],"wp:attachment":[{"href":"https:\/\/z-v.fr\/fr\/wp-json\/wp\/v2\/media?parent=11270"}],"wp:term":[{"taxonomy":"product_brand","embeddable":true,"href":"https:\/\/z-v.fr\/fr\/wp-json\/wp\/v2\/product_brand?post=11270"},{"taxonomy":"product_cat","embeddable":true,"href":"https:\/\/z-v.fr\/fr\/wp-json\/wp\/v2\/product_cat?post=11270"},{"taxonomy":"product_tag","embeddable":true,"href":"https:\/\/z-v.fr\/fr\/wp-json\/wp\/v2\/product_tag?post=11270"}],"curies":[{"name":"wp","href":"https:\/\/api.w.org\/{rel}","templated":true}]}}