{"id":11267,"date":"2025-08-31T04:07:35","date_gmt":"2025-08-30T20:07:35","guid":{"rendered":"https:\/\/zv.carbonpix.com\/?post_type=product&#038;p=11267"},"modified":"2025-09-19T12:15:14","modified_gmt":"2025-09-19T04:15:14","slug":"cabine-canape-cocoon","status":"publish","type":"product","link":"https:\/\/z-v.fr\/fr\/produit\/cabine-canape-cocoon","title":{"rendered":"Cabine canap\u00e9 &#8211; Cocoon"},"content":{"rendered":"<p><strong>Personnalisez-le selon votre style gr\u00e2ce \u00e0 ces diff\u00e9rentes finitions :<\/strong><\/p>\n<ul>\n<li>Diff\u00e9rentes teintes et couleurs de bois,<\/li>\n<li>Des centaines de types et coloris de tissus,<\/li>\n<li>Mat\u00e9riaux mixtes disponibles,<\/li>\n<li>Personnalisable \u00e0 vos dimensions.<\/li>\n<\/ul>\n<p><strong>Et configurez-le selon vos fonctionnalit\u00e9s :\u00a0<\/strong><\/p>\n<ul>\n<li>4 mod\u00e8les de 1 \u00e0 4 places assises,<\/li>\n<li>Tables basse et d\u2019appoint,<\/li>\n<li>Repose-pied.<\/li>\n<\/ul>\n","protected":false},"excerpt":{"rendered":"<p><strong>Id\u00e9ales pour am\u00e9nager des zones de r\u00e9union ou des espaces de travail d\u00e9tendus dans vos bureaux, ces bulles confortables vous offrent le calme et l\u2019intimit\u00e9 dont vous avez besoin tout au long de la journ\u00e9e.<\/strong><\/p>\n<p>En solo ou en configuration de 2 \u00e0 4 places, ces pods au design raffin\u00e9 apportent une touche unique \u00e0 votre espace de travail. \u00c9quip\u00e9s d\u2019une table basse, ils cr\u00e9ent des espaces propices aux appels, r\u00e9unions ou moments de pause.<\/p>\n<p>Con\u00e7us pour contenir les conversations, fabriqu\u00e9s avec des mat\u00e9riaux durables et acoustiques et propos\u00e9s dans diff\u00e9rents styles de tissu, ils allient esth\u00e9tique et fonctionnalit\u00e9 tout en contribuant \u00e0 r\u00e9duire le bruit ambiant pour un environnement plus paisible et confortable.<\/p>\n","protected":false},"featured_media":9739,"template":"","meta":[],"product_brand":[],"product_cat":[1270,1279,1278],"product_tag":[],"class_list":{"0":"post-11267","1":"product","2":"type-product","3":"status-publish","4":"has-post-thumbnail","6":"product_cat-mobilier","7":"product_cat-systeme-dassise-modulable","8":"product_cat-bulle-de-travail","11":"first","12":"instock","13":"shipping-taxable","14":"product-type-simple"},"aioseo_notices":[],"_links":{"self":[{"href":"https:\/\/z-v.fr\/fr\/wp-json\/wp\/v2\/product\/11267","targetHints":{"allow":["GET"]}}],"collection":[{"href":"https:\/\/z-v.fr\/fr\/wp-json\/wp\/v2\/product"}],"about":[{"href":"https:\/\/z-v.fr\/fr\/wp-json\/wp\/v2\/types\/product"}],"wp:featuredmedia":[{"embeddable":true,"href":"https:\/\/z-v.fr\/fr\/wp-json\/wp\/v2\/media\/9739"}],"wp:attachment":[{"href":"https:\/\/z-v.fr\/fr\/wp-json\/wp\/v2\/media?parent=11267"}],"wp:term":[{"taxonomy":"product_brand","embeddable":true,"href":"https:\/\/z-v.fr\/fr\/wp-json\/wp\/v2\/product_brand?post=11267"},{"taxonomy":"product_cat","embeddable":true,"href":"https:\/\/z-v.fr\/fr\/wp-json\/wp\/v2\/product_cat?post=11267"},{"taxonomy":"product_tag","embeddable":true,"href":"https:\/\/z-v.fr\/fr\/wp-json\/wp\/v2\/product_tag?post=11267"}],"curies":[{"name":"wp","href":"https:\/\/api.w.org\/{rel}","templated":true}]}}