{"id":11266,"date":"2025-08-31T04:07:35","date_gmt":"2025-08-30T20:07:35","guid":{"rendered":"https:\/\/zv.carbonpix.com\/?post_type=product&#038;p=11266"},"modified":"2025-09-19T11:42:25","modified_gmt":"2025-09-19T03:42:25","slug":"mito-chaise","status":"publish","type":"product","link":"https:\/\/z-v.fr\/fr\/produit\/mito-chaise","title":{"rendered":"MITO &#8211; Chaise"},"content":{"rendered":"<p><strong>Personnalisez-le selon votre style gr\u00e2ce \u00e0 ces diff\u00e9rentes finitions :<\/strong><\/p>\n<ul>\n<li>5 configurations d\u2019assise diff\u00e9rentes,<\/li>\n<li>3 coloris de coque en polypropyl\u00e8ne (PP),<\/li>\n<li>7 coloris de coussins.<\/li>\n<\/ul>\n","protected":false},"excerpt":{"rendered":"<p><strong>Mito est une chaise polyvalente, convertible en fauteuil, tabouret et poste de travail, offrant diff\u00e9rentes fonctionnalit\u00e9s compatibles avec l\u2019\u00e9volution de vos besoins. Robuste et au look moderne, elle am\u00e9nage vos bureaux en alliant style et fonctionnalit\u00e9.<\/strong><\/p>\n<p>Compos\u00e9e en polypropyl\u00e8ne durable avec son coussin (HDMF), Mito est l\u2019ajout parfait l\u00e0 o\u00f9 modularit\u00e9 et rangement pratique sont n\u00e9cessaires.<\/p>\n","protected":false},"featured_media":3690,"template":"","meta":[],"product_brand":[],"product_cat":[1270,1275],"product_tag":[],"class_list":{"0":"post-11266","1":"product","2":"type-product","3":"status-publish","4":"has-post-thumbnail","6":"product_cat-mobilier","7":"product_cat-assises-lounge","10":"first","11":"instock","12":"shipping-taxable","13":"product-type-simple"},"aioseo_notices":[],"_links":{"self":[{"href":"https:\/\/z-v.fr\/fr\/wp-json\/wp\/v2\/product\/11266","targetHints":{"allow":["GET"]}}],"collection":[{"href":"https:\/\/z-v.fr\/fr\/wp-json\/wp\/v2\/product"}],"about":[{"href":"https:\/\/z-v.fr\/fr\/wp-json\/wp\/v2\/types\/product"}],"wp:featuredmedia":[{"embeddable":true,"href":"https:\/\/z-v.fr\/fr\/wp-json\/wp\/v2\/media\/3690"}],"wp:attachment":[{"href":"https:\/\/z-v.fr\/fr\/wp-json\/wp\/v2\/media?parent=11266"}],"wp:term":[{"taxonomy":"product_brand","embeddable":true,"href":"https:\/\/z-v.fr\/fr\/wp-json\/wp\/v2\/product_brand?post=11266"},{"taxonomy":"product_cat","embeddable":true,"href":"https:\/\/z-v.fr\/fr\/wp-json\/wp\/v2\/product_cat?post=11266"},{"taxonomy":"product_tag","embeddable":true,"href":"https:\/\/z-v.fr\/fr\/wp-json\/wp\/v2\/product_tag?post=11266"}],"curies":[{"name":"wp","href":"https:\/\/api.w.org\/{rel}","templated":true}]}}