{"id":11262,"date":"2025-08-31T04:07:36","date_gmt":"2025-08-30T20:07:36","guid":{"rendered":"https:\/\/zv.carbonpix.com\/?post_type=product&#038;p=11262"},"modified":"2025-09-19T11:34:45","modified_gmt":"2025-09-19T03:34:45","slug":"lami","status":"publish","type":"product","link":"https:\/\/z-v.fr\/fr\/produit\/lami","title":{"rendered":"Lami"},"content":{"rendered":"<p><strong>Personnalisez-le selon votre style gr\u00e2ce \u00e0 ces diff\u00e9rentes finitions :\u00a0<\/strong><\/p>\n<ul>\n<li>5 configurations d\u2019assise disponibles,<\/li>\n<li>3 types de base et de pieds au choix,<\/li>\n<li>Compatible avec des accoudoirs,<\/li>\n<li>2 coloris de coque en polypropyl\u00e8ne (gris et noir),<\/li>\n<li>Multiples coloris de coussins disponibles.<\/li>\n<\/ul>\n","protected":false},"excerpt":{"rendered":"<p><strong>Lami, avec son design unique, est une chaise moderne et modulable qui r\u00e9pond \u00e0 de nombreux usages. Adaptable, ses diff\u00e9rents pi\u00e8tements, accoudoirs et bases offrent une assise confortable pour vos \u00e9v\u00e9nements, formations et r\u00e9unions.<\/strong><\/p>\n<p>Compos\u00e9e de polypropyl\u00e8ne durable avec un rev\u00eatement en cuir ou tissu, mont\u00e9e sur des pieds en aluminium et dot\u00e9e d\u2019un coussin moelleux (HDMF), Lami est un atout id\u00e9al l\u00e0 o\u00f9 modularit\u00e9 et simplicit\u00e9 sont requises.<\/p>\n","protected":false},"featured_media":3793,"template":"","meta":[],"product_brand":[],"product_cat":[1270,1275],"product_tag":[],"class_list":{"0":"post-11262","1":"product","2":"type-product","3":"status-publish","4":"has-post-thumbnail","6":"product_cat-mobilier","7":"product_cat-assises-lounge","10":"first","11":"instock","12":"shipping-taxable","13":"product-type-simple"},"aioseo_notices":[],"_links":{"self":[{"href":"https:\/\/z-v.fr\/fr\/wp-json\/wp\/v2\/product\/11262","targetHints":{"allow":["GET"]}}],"collection":[{"href":"https:\/\/z-v.fr\/fr\/wp-json\/wp\/v2\/product"}],"about":[{"href":"https:\/\/z-v.fr\/fr\/wp-json\/wp\/v2\/types\/product"}],"wp:featuredmedia":[{"embeddable":true,"href":"https:\/\/z-v.fr\/fr\/wp-json\/wp\/v2\/media\/3793"}],"wp:attachment":[{"href":"https:\/\/z-v.fr\/fr\/wp-json\/wp\/v2\/media?parent=11262"}],"wp:term":[{"taxonomy":"product_brand","embeddable":true,"href":"https:\/\/z-v.fr\/fr\/wp-json\/wp\/v2\/product_brand?post=11262"},{"taxonomy":"product_cat","embeddable":true,"href":"https:\/\/z-v.fr\/fr\/wp-json\/wp\/v2\/product_cat?post=11262"},{"taxonomy":"product_tag","embeddable":true,"href":"https:\/\/z-v.fr\/fr\/wp-json\/wp\/v2\/product_tag?post=11262"}],"curies":[{"name":"wp","href":"https:\/\/api.w.org\/{rel}","templated":true}]}}