{"id":11260,"date":"2025-08-31T04:07:37","date_gmt":"2025-08-30T20:07:37","guid":{"rendered":"https:\/\/zv.carbonpix.com\/?post_type=product&#038;p=11260"},"modified":"2025-09-17T18:18:43","modified_gmt":"2025-09-17T10:18:43","slug":"in-out-tres-grand","status":"publish","type":"product","link":"https:\/\/z-v.fr\/fr\/produit\/in-out-tres-grand","title":{"rendered":"In &#038; Out &#8211; XL"},"content":{"rendered":"<p><strong>Personnalisez-le selon votre style gr\u00e2ce \u00e0 ces diff\u00e9rentes finitions :<\/strong><\/p>\n<ul>\n<li>Coque ext\u00e9rieure en bois, verre ou m\u00e9tal avec de nombreuses finitions disponibles,<\/li>\n<li>Coque int\u00e9rieure en placage bois, verre ou PET avec finitions au choix,<\/li>\n<li>Plus de 50 r\u00e9f\u00e9rences de couleurs pour panneaux acoustiques PET,<\/li>\n<li>Dimensions : 200\u00a0l x 300\u00a0P x 230\u00a0H cm,<\/li>\n<li>Utilisation int\u00e9rieure et ext\u00e9rieure.<\/li>\n<\/ul>\n<p><strong>Et \u00e9quip\u00e9 des fonctionnalit\u00e9s essentielles :<\/strong><\/p>\n<ul>\n<li>6 spots LED encastr\u00e9s (UL\/CE) \u2014 \u00e9clairage intelligent en option,<\/li>\n<li>8 ventilations (entr\u00e9e\/sortie) pour une circulation d\u2019air optimale,<\/li>\n<li>1 interrupteur double (UL\/CE) pour g\u00e9rer la lumi\u00e8re et la ventilation (capteur de mouvement en option),<\/li>\n<li>2 prises \u00e9lectriques (UL\/CE) avec ports de charge USB,<\/li>\n<li>\u00c9quip\u00e9 de notre syst\u00e8me de verrouillage intelligent,<\/li>\n<li>Mont\u00e9 sur roulettes renforc\u00e9es avec plaques de mise \u00e0 niveau.<\/li>\n<\/ul>\n","protected":false},"excerpt":{"rendered":"<p><strong>Manquant d\u2019intimit\u00e9 et de calme, les bureaux ont besoin d\u2019espaces d\u00e9di\u00e9s aux appels t\u00e9l\u00e9phoniques et aux discussions priv\u00e9es. Nos cabines, adapt\u00e9es \u00e0 un usage int\u00e9rieur comme ext\u00e9rieur, sont id\u00e9ales pour permettre \u00e0 la discr\u00e9tion de s\u2019exprimer tout au long de la journ\u00e9e.<\/strong><\/p>\n<p>Avec leur structure en aluminium (50 % plus l\u00e9g\u00e8re que l\u2019acier), compos\u00e9es de couches de bois acoustique perfor\u00e9 recouvertes de panneaux insonorisants en PET et de feutre, elles offrent une performance acoustique remarquable en r\u00e9duisant jusqu\u2019\u00e0 80 % des fr\u00e9quences sonores.<\/p>\n<p>Con\u00e7ues pour \u00eatre modulables dans toutes les formes et dimensions, avec seulement quelques profil\u00e9s en aluminium, nous pouvons personnaliser vos pods pour qu\u2019ils soient uniques et essentiels \u00e0 votre confidentialit\u00e9.<\/p>\n","protected":false},"featured_media":10031,"template":"","meta":[],"product_brand":[],"product_cat":[1270,1278,1286],"product_tag":[],"class_list":{"0":"post-11260","1":"product","2":"type-product","3":"status-publish","4":"has-post-thumbnail","6":"product_cat-mobilier","7":"product_cat-bulle-de-travail","8":"product_cat-cabine-acoustique","11":"first","12":"instock","13":"shipping-taxable","14":"product-type-simple"},"aioseo_notices":[],"_links":{"self":[{"href":"https:\/\/z-v.fr\/fr\/wp-json\/wp\/v2\/product\/11260","targetHints":{"allow":["GET"]}}],"collection":[{"href":"https:\/\/z-v.fr\/fr\/wp-json\/wp\/v2\/product"}],"about":[{"href":"https:\/\/z-v.fr\/fr\/wp-json\/wp\/v2\/types\/product"}],"wp:featuredmedia":[{"embeddable":true,"href":"https:\/\/z-v.fr\/fr\/wp-json\/wp\/v2\/media\/10031"}],"wp:attachment":[{"href":"https:\/\/z-v.fr\/fr\/wp-json\/wp\/v2\/media?parent=11260"}],"wp:term":[{"taxonomy":"product_brand","embeddable":true,"href":"https:\/\/z-v.fr\/fr\/wp-json\/wp\/v2\/product_brand?post=11260"},{"taxonomy":"product_cat","embeddable":true,"href":"https:\/\/z-v.fr\/fr\/wp-json\/wp\/v2\/product_cat?post=11260"},{"taxonomy":"product_tag","embeddable":true,"href":"https:\/\/z-v.fr\/fr\/wp-json\/wp\/v2\/product_tag?post=11260"}],"curies":[{"name":"wp","href":"https:\/\/api.w.org\/{rel}","templated":true}]}}