{"id":11259,"date":"2025-08-31T04:07:37","date_gmt":"2025-08-30T20:07:37","guid":{"rendered":"https:\/\/zv.carbonpix.com\/?post_type=product&#038;p=11259"},"modified":"2025-09-25T14:33:16","modified_gmt":"2025-09-25T06:33:16","slug":"in-out-nest","status":"publish","type":"product","link":"https:\/\/z-v.fr\/fr\/produit\/in-out-nest","title":{"rendered":"In &#038; Out &#8211; Nest"},"content":{"rendered":"<p><strong>Personnalisez-la selon votre style gr\u00e2ce \u00e0 ces diff\u00e9rentes finitions :<\/strong><\/p>\n<p>Coque ext\u00e9rieure en bois, verre ou m\u00e9tal, avec de multiples finitions disponibles,<\/p>\n<ul>\n<li>Coque int\u00e9rieure en placage bois, verre ou PET, avec de multiples finitions disponibles,<\/li>\n<li>Plus de 50 r\u00e9f\u00e9rences de couleurs pour panneaux acoustiques en PET,<\/li>\n<li>Dimensions : 100\u00a0L x 100\u00a0P x 230\u00a0H cm,<\/li>\n<li>Tablette en m\u00e9tal ou en bois,<\/li>\n<li>Utilisation int\u00e9rieure &amp; ext\u00e9rieure.<\/li>\n<\/ul>\n<p><strong>Et \u00e9quip\u00e9 des fonctionnalit\u00e9s essentielles :<\/strong><\/p>\n<ul>\n<li>1 tablette \u2014 60\u00a0L x 30\u00a0P x 10\u00a0H cm,<\/li>\n<li>2 spots LED encastr\u00e9s (UL\/CE) (\u00c9clairage intelligent en option),<\/li>\n<li>4 ventilations (entr\u00e9e\/sortie) pour une circulation d\u2019air efficace,<\/li>\n<li>1 interrupteur double (UL\/CE) pour contr\u00f4ler l\u2019\u00e9clairage et la ventilation (capteur de mouvement en option),<\/li>\n<li>1 prise \u00e9lectrique (UL\/CE) avec port USB,<\/li>\n<li>\u00c9quip\u00e9 de notre syst\u00e8me de verrouillage intelligent,<\/li>\n<li>Mont\u00e9 sur roulettes \u00e0 niveau renforc\u00e9es.<\/li>\n<\/ul>\n","protected":false},"excerpt":{"rendered":"<p><strong>Manquant d\u2019intimit\u00e9 et de calme, les bureaux ont besoin d\u2019espaces d\u00e9di\u00e9s aux appels t\u00e9l\u00e9phoniques et aux discussions priv\u00e9es. Nos cabines, adapt\u00e9es \u00e0 un usage int\u00e9rieur comme ext\u00e9rieur, sont id\u00e9ales pour permettre \u00e0 la discr\u00e9tion de s\u2019exprimer tout au long de la journ\u00e9e.<\/strong><\/p>\n<p>Avec leur structure en aluminium (50 % plus l\u00e9g\u00e8re que l\u2019acier), compos\u00e9es de couches de bois acoustique perfor\u00e9 recouvertes de panneaux insonorisants en PET et de feutre, elles offrent une performance acoustique remarquable en r\u00e9duisant jusqu\u2019\u00e0 80 % des fr\u00e9quences sonores.<\/p>\n<p>Con\u00e7ues pour \u00eatre modulables dans toutes les formes et dimensions, avec seulement quelques profil\u00e9s en aluminium, nous pouvons personnaliser vos pods pour qu\u2019ils soient uniques et essentiels \u00e0 votre confidentialit\u00e9.<\/p>\n","protected":false},"featured_media":4108,"template":"","meta":[],"product_brand":[],"product_cat":[1270,1286],"product_tag":[],"class_list":{"0":"post-11259","1":"product","2":"type-product","3":"status-publish","4":"has-post-thumbnail","6":"product_cat-mobilier","7":"product_cat-cabine-acoustique","10":"first","11":"instock","12":"shipping-taxable","13":"product-type-simple"},"aioseo_notices":[],"_links":{"self":[{"href":"https:\/\/z-v.fr\/fr\/wp-json\/wp\/v2\/product\/11259","targetHints":{"allow":["GET"]}}],"collection":[{"href":"https:\/\/z-v.fr\/fr\/wp-json\/wp\/v2\/product"}],"about":[{"href":"https:\/\/z-v.fr\/fr\/wp-json\/wp\/v2\/types\/product"}],"wp:featuredmedia":[{"embeddable":true,"href":"https:\/\/z-v.fr\/fr\/wp-json\/wp\/v2\/media\/4108"}],"wp:attachment":[{"href":"https:\/\/z-v.fr\/fr\/wp-json\/wp\/v2\/media?parent=11259"}],"wp:term":[{"taxonomy":"product_brand","embeddable":true,"href":"https:\/\/z-v.fr\/fr\/wp-json\/wp\/v2\/product_brand?post=11259"},{"taxonomy":"product_cat","embeddable":true,"href":"https:\/\/z-v.fr\/fr\/wp-json\/wp\/v2\/product_cat?post=11259"},{"taxonomy":"product_tag","embeddable":true,"href":"https:\/\/z-v.fr\/fr\/wp-json\/wp\/v2\/product_tag?post=11259"}],"curies":[{"name":"wp","href":"https:\/\/api.w.org\/{rel}","templated":true}]}}