{"id":11257,"date":"2025-08-31T04:07:59","date_gmt":"2025-08-30T20:07:59","guid":{"rendered":"https:\/\/zv.carbonpix.com\/?post_type=product&#038;p=11257"},"modified":"2025-09-23T12:18:27","modified_gmt":"2025-09-23T04:18:27","slug":"canape-modulable-city","status":"publish","type":"product","link":"https:\/\/z-v.fr\/fr\/produit\/canape-modulable-city","title":{"rendered":"Canap\u00e9 modulable &#8211; City"},"content":{"rendered":"<p><strong>Personnalisez-le selon votre style avec ces diff\u00e9rentes finitions :<\/strong><\/p>\n<ul>\n<li>Des centaines de types de tissus et coloris disponibles,<\/li>\n<li>Combinaisons de mat\u00e9riaux vari\u00e9s,<\/li>\n<li>Dimensions ajustables selon vos besoins.<\/li>\n<\/ul>\n<p><strong>Et configurez-le avec les fonctionnalit\u00e9s de votre choix :<\/strong><\/p>\n<ul>\n<li>Nombre de places assises modulable,<\/li>\n<li>Table int\u00e9gr\u00e9e,<\/li>\n<li>Accoudoirs,<\/li>\n<li>Tabouret et ottoman,<\/li>\n<li>Prises \u00e9lectriques et ports de donn\u00e9es.<\/li>\n<\/ul>\n","protected":false},"excerpt":{"rendered":"<p><strong>City est un canap\u00e9 open system enti\u00e8rement personnalisable, compos\u00e9 de multiples \u00e9l\u00e9ments offrant modularit\u00e9 et flexibilit\u00e9 pour s\u2019adapter parfaitement \u00e0 vos besoins.<\/strong><\/p>\n<p>Bas\u00e9 sur diff\u00e9rents composants \u00e0 assembler \u2014 ottoman, coussin, dossier et accoudoir \u2014 il vous permet de cr\u00e9er un ensemble personnalis\u00e9 selon vos pr\u00e9f\u00e9rences.<\/p>\n<p>Con\u00e7u pour \u00e9voluer dans le temps, il assure une compatibilit\u00e9 totale et permanente entre toutes ses parties.<\/p>\n","protected":false},"featured_media":4212,"template":"","meta":[],"product_brand":[],"product_cat":[1270,1279],"product_tag":[],"class_list":{"0":"post-11257","1":"product","2":"type-product","3":"status-publish","4":"has-post-thumbnail","6":"product_cat-mobilier","7":"product_cat-systeme-dassise-modulable","10":"first","11":"instock","12":"shipping-taxable","13":"product-type-simple"},"aioseo_notices":[],"_links":{"self":[{"href":"https:\/\/z-v.fr\/fr\/wp-json\/wp\/v2\/product\/11257","targetHints":{"allow":["GET"]}}],"collection":[{"href":"https:\/\/z-v.fr\/fr\/wp-json\/wp\/v2\/product"}],"about":[{"href":"https:\/\/z-v.fr\/fr\/wp-json\/wp\/v2\/types\/product"}],"wp:featuredmedia":[{"embeddable":true,"href":"https:\/\/z-v.fr\/fr\/wp-json\/wp\/v2\/media\/4212"}],"wp:attachment":[{"href":"https:\/\/z-v.fr\/fr\/wp-json\/wp\/v2\/media?parent=11257"}],"wp:term":[{"taxonomy":"product_brand","embeddable":true,"href":"https:\/\/z-v.fr\/fr\/wp-json\/wp\/v2\/product_brand?post=11257"},{"taxonomy":"product_cat","embeddable":true,"href":"https:\/\/z-v.fr\/fr\/wp-json\/wp\/v2\/product_cat?post=11257"},{"taxonomy":"product_tag","embeddable":true,"href":"https:\/\/z-v.fr\/fr\/wp-json\/wp\/v2\/product_tag?post=11257"}],"curies":[{"name":"wp","href":"https:\/\/api.w.org\/{rel}","templated":true}]}}