{"id":11255,"date":"2025-08-31T04:07:59","date_gmt":"2025-08-30T20:07:59","guid":{"rendered":"https:\/\/zv.carbonpix.com\/?post_type=product&#038;p=11255"},"modified":"2025-09-23T12:12:32","modified_gmt":"2025-09-23T04:12:32","slug":"canape-modulable-qita","status":"publish","type":"product","link":"https:\/\/z-v.fr\/fr\/produit\/canape-modulable-qita","title":{"rendered":"Canap\u00e9 modulable &#8211; Qita"},"content":{"rendered":"<p><strong>Personnalisez-le selon votre style gr\u00e2ce \u00e0 ces diff\u00e9rentes finitions :<\/strong><\/p>\n<ul>\n<li>Des centaines de r\u00e9f\u00e9rences en PU, tissus et coloris,<\/li>\n<li>Mat\u00e9riaux mixtes disponibles,<\/li>\n<li>Dimensions enti\u00e8rement personnalisables.<\/li>\n<\/ul>\n<p><strong>Et configurez-le selon les fonctionnalit\u00e9s souhait\u00e9es :<\/strong><\/p>\n<ul>\n<li>Nombre de places assises \u00e0 la demande,<\/li>\n<li>Tables basses et d\u2019appoint,<\/li>\n<li>Accoudoirs,<\/li>\n<li>Tabouret et ottoman,<\/li>\n<li>Pieds disponibles en plusieurs styles et mat\u00e9riaux,<\/li>\n<li>Compatible avec des roulettes,<\/li>\n<li>Prises \u00e9lectriques et ports de donn\u00e9es int\u00e9gr\u00e9s.<\/li>\n<\/ul>\n","protected":false},"excerpt":{"rendered":"<p><strong>Qita est un canap\u00e9 \u00e0 syst\u00e8me ouvert enti\u00e8rement personnalisable, compos\u00e9 de multiples \u00e9l\u00e9ments permettant modularit\u00e9 et flexibilit\u00e9 pour un ajustement parfait \u00e0 votre espace de travail.<\/strong><\/p>\n<p>Bas\u00e9 sur diff\u00e9rents modules pouvant \u00eatre assembl\u00e9s ensemble \u2014 ottomans, coussins, dossiers et accoudoirs \u2014 il vous permet de cr\u00e9er votre propre configuration sur mesure.<\/p>\n<p>Standardis\u00e9, il peut \u00e9voluer dans le temps tout en garantissant une compatibilit\u00e9 totale et permanente entre toutes ses parties.<\/p>\n","protected":false},"featured_media":4215,"template":"","meta":[],"product_brand":[],"product_cat":[1270,1279],"product_tag":[],"class_list":{"0":"post-11255","1":"product","2":"type-product","3":"status-publish","4":"has-post-thumbnail","6":"product_cat-mobilier","7":"product_cat-systeme-dassise-modulable","10":"first","11":"instock","12":"shipping-taxable","13":"product-type-simple"},"aioseo_notices":[],"_links":{"self":[{"href":"https:\/\/z-v.fr\/fr\/wp-json\/wp\/v2\/product\/11255","targetHints":{"allow":["GET"]}}],"collection":[{"href":"https:\/\/z-v.fr\/fr\/wp-json\/wp\/v2\/product"}],"about":[{"href":"https:\/\/z-v.fr\/fr\/wp-json\/wp\/v2\/types\/product"}],"wp:featuredmedia":[{"embeddable":true,"href":"https:\/\/z-v.fr\/fr\/wp-json\/wp\/v2\/media\/4215"}],"wp:attachment":[{"href":"https:\/\/z-v.fr\/fr\/wp-json\/wp\/v2\/media?parent=11255"}],"wp:term":[{"taxonomy":"product_brand","embeddable":true,"href":"https:\/\/z-v.fr\/fr\/wp-json\/wp\/v2\/product_brand?post=11255"},{"taxonomy":"product_cat","embeddable":true,"href":"https:\/\/z-v.fr\/fr\/wp-json\/wp\/v2\/product_cat?post=11255"},{"taxonomy":"product_tag","embeddable":true,"href":"https:\/\/z-v.fr\/fr\/wp-json\/wp\/v2\/product_tag?post=11255"}],"curies":[{"name":"wp","href":"https:\/\/api.w.org\/{rel}","templated":true}]}}