{"id":11253,"date":"2025-08-31T04:07:59","date_gmt":"2025-08-30T20:07:59","guid":{"rendered":"https:\/\/zv.carbonpix.com\/?post_type=product&#038;p=11253"},"modified":"2025-09-17T15:28:27","modified_gmt":"2025-09-17T07:28:27","slug":"hub-ondesk","status":"publish","type":"product","link":"https:\/\/z-v.fr\/fr\/produit\/hub-ondesk","title":{"rendered":"Hub &#8211; OnDesk"},"content":{"rendered":"<p><b>Personnalisez-le selon vos besoins gr\u00e2ce \u00e0 ces diff\u00e9rentes options :<\/b><\/p>\n<ul>\n<li>Prises \u00e9lectriques \u2013 110 ou 220 V \u2013 Tous types,<\/li>\n<li>Donn\u00e9es \u2013 Cat6A,<\/li>\n<li>USB \u2013 Tous types,<\/li>\n<li>Port Lightning,<\/li>\n<li>HDMI,<\/li>\n<li>Port num\u00e9rique,<\/li>\n<li>Port optique,<\/li>\n<li>Audio,<\/li>\n<li>Chargeur sans fil,<\/li>\n<li>Haut-parleur sans fil,<\/li>\n<li>Prise GST,<\/li>\n<li>Interrupteur marche\/arr\u00eat &amp; LED,<\/li>\n<li>Fusible.<\/li>\n<\/ul>\n","protected":false},"excerpt":{"rendered":"<p><strong>Fix\u00e9es sur votre plateau, ces prises de courant alimentent et connectent tous vos appareils. Faciles \u00e0 installer et compatibles avec votre bureau existant, elles peuvent \u00eatre configur\u00e9es selon vos besoins pour plus de praticit\u00e9.<\/strong><\/p>\n<p>Certifi\u00e9s CE \/ UL \/ ETL \/ FCC \/ DOE \/ SAA, tous nos produits peuvent \u00eatre modul\u00e9s afin de r\u00e9pondre \u00e0 vos exigences en mati\u00e8re de connectivit\u00e9.<\/p>\n","protected":false},"featured_media":4730,"template":"","meta":[],"product_brand":[],"product_cat":[1287],"product_tag":[],"class_list":{"0":"post-11253","1":"product","2":"type-product","3":"status-publish","4":"has-post-thumbnail","6":"product_cat-prises-electriques","9":"first","10":"instock","11":"shipping-taxable","12":"product-type-simple"},"aioseo_notices":[],"_links":{"self":[{"href":"https:\/\/z-v.fr\/fr\/wp-json\/wp\/v2\/product\/11253","targetHints":{"allow":["GET"]}}],"collection":[{"href":"https:\/\/z-v.fr\/fr\/wp-json\/wp\/v2\/product"}],"about":[{"href":"https:\/\/z-v.fr\/fr\/wp-json\/wp\/v2\/types\/product"}],"wp:featuredmedia":[{"embeddable":true,"href":"https:\/\/z-v.fr\/fr\/wp-json\/wp\/v2\/media\/4730"}],"wp:attachment":[{"href":"https:\/\/z-v.fr\/fr\/wp-json\/wp\/v2\/media?parent=11253"}],"wp:term":[{"taxonomy":"product_brand","embeddable":true,"href":"https:\/\/z-v.fr\/fr\/wp-json\/wp\/v2\/product_brand?post=11253"},{"taxonomy":"product_cat","embeddable":true,"href":"https:\/\/z-v.fr\/fr\/wp-json\/wp\/v2\/product_cat?post=11253"},{"taxonomy":"product_tag","embeddable":true,"href":"https:\/\/z-v.fr\/fr\/wp-json\/wp\/v2\/product_tag?post=11253"}],"curies":[{"name":"wp","href":"https:\/\/api.w.org\/{rel}","templated":true}]}}