{"id":11250,"date":"2025-08-31T04:08:00","date_gmt":"2025-08-30T20:08:00","guid":{"rendered":"https:\/\/zv.carbonpix.com\/?post_type=product&#038;p=11250"},"modified":"2025-09-24T13:02:26","modified_gmt":"2025-09-24T05:02:26","slug":"spc-usage-residentiel","status":"publish","type":"product","link":"https:\/\/z-v.fr\/fr\/produit\/spc-usage-residentiel","title":{"rendered":"SPC &#8211; Usage r\u00e9sidentiel"},"content":{"rendered":"<p><strong>Notre gamme r\u00e9sidentielle est :<\/strong><\/p>\n<ul>\n<li>R\u00e9sistante aux UV,<\/li>\n<li>R\u00e9sistante aux rayures,<\/li>\n<li>Imperm\u00e9able,<\/li>\n<li>R\u00e9sistante aux taches,<\/li>\n<li>R\u00e9sistante au feu (Classe B),<\/li>\n<li>Antid\u00e9rapante,<\/li>\n<li>Antibact\u00e9rienne et r\u00e9sistante \u00e0 la moisissure,<\/li>\n<li>R\u00e9sistante aux nuisibles,<\/li>\n<li>Sans formald\u00e9hyde et sans COV,<\/li>\n<li>Isolation acoustique avec un indice STC d\u2019environ 65 et un indice IIC d\u2019environ 64,<\/li>\n<li>Garantie de 10 ans pour un usage r\u00e9sidentiel.<\/li>\n<\/ul>\n<p><img loading=\"lazy\" decoding=\"async\" class=\"alignleft wp-image-2895\" src=\"https:\/\/z-v.fr\/wp-content\/uploads\/2021\/02\/SPC-Flooring-006.jpg\" alt=\"SPC Flooring\" width=\"789\" height=\"549\" srcset=\"https:\/\/z-v.fr\/wp-content\/uploads\/2021\/02\/SPC-Flooring-006.jpg 1006w, https:\/\/z-v.fr\/wp-content\/uploads\/2021\/02\/SPC-Flooring-006-600x417.jpg 600w, https:\/\/z-v.fr\/wp-content\/uploads\/2021\/02\/SPC-Flooring-006-100x70.jpg 100w, https:\/\/z-v.fr\/wp-content\/uploads\/2021\/02\/SPC-Flooring-006-300x209.jpg 300w, https:\/\/z-v.fr\/wp-content\/uploads\/2021\/02\/SPC-Flooring-006-768x534.jpg 768w\" sizes=\"auto, (max-width: 789px) 100vw, 789px\" \/><\/p>\n","protected":false},"excerpt":{"rendered":"<p><strong>Le SPC (Stone Polymer Composite) est un rev\u00eatement composite de derni\u00e8re g\u00e9n\u00e9ration offrant une durabilit\u00e9 in\u00e9gal\u00e9e.<\/strong><\/p>\n<p>Gr\u00e2ce \u00e0 une excellente stabilit\u00e9 dimensionnelle et une couche centrale rigide (3 mm) compos\u00e9e en poudre de pierre polym\u00e9ris\u00e9e, il int\u00e8gre une sous-couche acoustique en EVA (2 mm) ainsi qu\u2019un rev\u00eatement UV appliqu\u00e9 sur la couche d\u2019usure textur\u00e9e (0,3 mm) prot\u00e9geant le film d\u00e9coratif en haute d\u00e9finition.<\/p>\n<p>Polyvalent, il peut \u00eatre textur\u00e9 et imprim\u00e9 pour imiter le bois, la pierre, le b\u00e9ton, le m\u00e9tal ou tout autre mat\u00e9riau de votre choix.<\/p>\n<p>Con\u00e7us pour une installation facile, tous nos produits sont pr\u00eats \u00e0 clipser, permettant une pose rapide sans pr\u00e9paration du sol ni \u00e9l\u00e9ments de collage. Ils sont imm\u00e9diatement utilisables, sans poussi\u00e8re, sans odeur et sans COV.<\/p>\n<p><strong>Garantie de 10 ans pour un usage r\u00e9sidentiel.<\/strong><\/p>\n","protected":false},"featured_media":2903,"template":"","meta":[],"product_brand":[],"product_cat":[1269],"product_tag":[],"class_list":{"0":"post-11250","1":"product","2":"type-product","3":"status-publish","4":"has-post-thumbnail","6":"product_cat-revetements-de-sol","9":"first","10":"instock","11":"shipping-taxable","12":"product-type-simple"},"aioseo_notices":[],"_links":{"self":[{"href":"https:\/\/z-v.fr\/fr\/wp-json\/wp\/v2\/product\/11250","targetHints":{"allow":["GET"]}}],"collection":[{"href":"https:\/\/z-v.fr\/fr\/wp-json\/wp\/v2\/product"}],"about":[{"href":"https:\/\/z-v.fr\/fr\/wp-json\/wp\/v2\/types\/product"}],"wp:featuredmedia":[{"embeddable":true,"href":"https:\/\/z-v.fr\/fr\/wp-json\/wp\/v2\/media\/2903"}],"wp:attachment":[{"href":"https:\/\/z-v.fr\/fr\/wp-json\/wp\/v2\/media?parent=11250"}],"wp:term":[{"taxonomy":"product_brand","embeddable":true,"href":"https:\/\/z-v.fr\/fr\/wp-json\/wp\/v2\/product_brand?post=11250"},{"taxonomy":"product_cat","embeddable":true,"href":"https:\/\/z-v.fr\/fr\/wp-json\/wp\/v2\/product_cat?post=11250"},{"taxonomy":"product_tag","embeddable":true,"href":"https:\/\/z-v.fr\/fr\/wp-json\/wp\/v2\/product_tag?post=11250"}],"curies":[{"name":"wp","href":"https:\/\/api.w.org\/{rel}","templated":true}]}}