{"id":11249,"date":"2025-08-31T04:08:00","date_gmt":"2025-08-30T20:08:00","guid":{"rendered":"https:\/\/zv.carbonpix.com\/?post_type=product&#038;p=11249"},"modified":"2025-09-24T12:59:15","modified_gmt":"2025-09-24T04:59:15","slug":"lvt-usage-residentiel","status":"publish","type":"product","link":"https:\/\/z-v.fr\/fr\/produit\/lvt-usage-residentiel","title":{"rendered":"LVT &#8211; Usage r\u00e9sidentiel"},"content":{"rendered":"<p><strong>Notre gamme r\u00e9sidentielle est :<\/strong><\/p>\n<ul>\n<li>R\u00e9sistante aux UV,<\/li>\n<li>R\u00e9sistante aux rayures,<\/li>\n<li>Imperm\u00e9able,<\/li>\n<li>R\u00e9sistante \u00e0 la chaleur,<\/li>\n<li>R\u00e9sistante aux taches,<\/li>\n<li>R\u00e9sistante au feu (Classe B),<\/li>\n<li>Antid\u00e9rapante,<\/li>\n<li>Antibact\u00e9rienne et r\u00e9sistante \u00e0 la moisissure,<\/li>\n<li>R\u00e9sistante aux nuisibles,<\/li>\n<li>Sans formald\u00e9hyde et sans COV,<\/li>\n<li>Garantie de 10 ans pour un usage r\u00e9sidentiel.<\/li>\n<\/ul>\n","protected":false},"excerpt":{"rendered":"<p><strong>Le LVT est un rev\u00eatement de sol traditionnel et \u00e9conomique offrant une durabilit\u00e9 \u00e0 long terme.<\/strong><\/p>\n<p>Dot\u00e9 d\u2019une excellente stabilit\u00e9 dimensionnelle et d\u2019une couche d\u2019usure de 0,2 mm, le LVT est un mat\u00e9riau solide et inalt\u00e9rable dont la couleur et le motif ne sont pas simplement imprim\u00e9s en surface, mais pr\u00e9sents dans toute l\u2019\u00e9paisseur, lui conf\u00e9rant des propri\u00e9t\u00e9s d\u2019usure uniques.<\/p>\n<p>Disponible en diff\u00e9rentes \u00e9paisseurs, de 0,8 \u00e0 1,6 mm, il offre une r\u00e9sistance exceptionnelle \u00e0 l\u2019eau, \u00e0 la chaleur et \u00e0 l\u2019usure, en offrant une solution id\u00e9ale pour les espaces \u00e0 forte fr\u00e9quentation.<\/p>\n<p>Facile \u00e0 entretenir, il peut \u00eatre textur\u00e9 et con\u00e7u pour imiter le bois, la pierre, le ciment, le m\u00e9tal ou tout autre mat\u00e9riau de votre choix.<\/p>\n<p>Con\u00e7u pour l\u2019int\u00e9rieur et l\u2019ext\u00e9rieur, fabriqu\u00e9 en rouleaux, dalles ou lames, il est rapide et simple \u00e0 installer, sans pr\u00e9paration particuli\u00e8re du sol ni produits de collage. Il permet une utilisation imm\u00e9diate, sans poussi\u00e8re, odeur ni COV.<\/p>\n<p><strong>Garantie de 10 ans pour un usage r\u00e9sidentiel.<\/strong><\/p>\n","protected":false},"featured_media":5571,"template":"","meta":[],"product_brand":[],"product_cat":[1269],"product_tag":[],"class_list":{"0":"post-11249","1":"product","2":"type-product","3":"status-publish","4":"has-post-thumbnail","6":"product_cat-revetements-de-sol","9":"first","10":"instock","11":"shipping-taxable","12":"product-type-simple"},"aioseo_notices":[],"_links":{"self":[{"href":"https:\/\/z-v.fr\/fr\/wp-json\/wp\/v2\/product\/11249","targetHints":{"allow":["GET"]}}],"collection":[{"href":"https:\/\/z-v.fr\/fr\/wp-json\/wp\/v2\/product"}],"about":[{"href":"https:\/\/z-v.fr\/fr\/wp-json\/wp\/v2\/types\/product"}],"wp:featuredmedia":[{"embeddable":true,"href":"https:\/\/z-v.fr\/fr\/wp-json\/wp\/v2\/media\/5571"}],"wp:attachment":[{"href":"https:\/\/z-v.fr\/fr\/wp-json\/wp\/v2\/media?parent=11249"}],"wp:term":[{"taxonomy":"product_brand","embeddable":true,"href":"https:\/\/z-v.fr\/fr\/wp-json\/wp\/v2\/product_brand?post=11249"},{"taxonomy":"product_cat","embeddable":true,"href":"https:\/\/z-v.fr\/fr\/wp-json\/wp\/v2\/product_cat?post=11249"},{"taxonomy":"product_tag","embeddable":true,"href":"https:\/\/z-v.fr\/fr\/wp-json\/wp\/v2\/product_tag?post=11249"}],"curies":[{"name":"wp","href":"https:\/\/api.w.org\/{rel}","templated":true}]}}