{"id":11248,"date":"2025-08-31T04:08:00","date_gmt":"2025-08-30T20:08:00","guid":{"rendered":"https:\/\/zv.carbonpix.com\/?post_type=product&#038;p=11248"},"modified":"2025-09-19T11:08:08","modified_gmt":"2025-09-19T03:08:08","slug":"lvt-usage-commercial","status":"publish","type":"product","link":"https:\/\/z-v.fr\/fr\/produit\/lvt-usage-commercial","title":{"rendered":"LVT &#8211; Usage commercial"},"content":{"rendered":"<p><strong>Notre gamme commerciale est :<\/strong><\/p>\n<ul>\n<li>R\u00e9sistante aux UV,<\/li>\n<li>R\u00e9sistante aux rayures,<\/li>\n<li>Imperm\u00e9able,<\/li>\n<li>R\u00e9sistante \u00e0 la chaleur,<\/li>\n<li>R\u00e9sistante aux taches,<\/li>\n<li>R\u00e9sistante au feu (Classe B),<\/li>\n<li>Antid\u00e9rapante,<\/li>\n<li>Antibact\u00e9rienne et r\u00e9sistante \u00e0 la moisissure,<\/li>\n<li>R\u00e9sistante aux nuisibles,<\/li>\n<li>Sans formald\u00e9hyde et sans COV,<\/li>\n<li>Garantie 15 ans pour un usage commercial.<\/li>\n<\/ul>\n","protected":false},"excerpt":{"rendered":"<p><strong>Le LVT est un rev\u00eatement de sol traditionnel et \u00e9conomique offrant une long\u00e9vit\u00e9 exceptionnelle.<\/strong><\/p>\n<p>Dot\u00e9 d\u2019une excellente stabilit\u00e9 dimensionnelle et d\u2019une couche d\u2019usure de 0,3 mm, le LVT est un mat\u00e9riau r\u00e9sistant \u00e0 la d\u00e9coloration dont la couleur et le motif ne sont pas simplement imprim\u00e9s en surface, mais pr\u00e9sents dans toute son \u00e9paisseur, lui conf\u00e9rant une durabilit\u00e9 unique.<\/p>\n<p>Disponible en diff\u00e9rentes \u00e9paisseurs, de 1,6 \u00e0 3 mm, il offre une excellente r\u00e9sistance \u00e0 l\u2019eau, \u00e0 la chaleur et \u00e0 l\u2019usure, constituant une solution id\u00e9ale pour les espaces soumis \u00e0 une utilisation intensive.<\/p>\n<p>Facile \u00e0 entretenir, il peut \u00eatre textur\u00e9 et imiter le bois, la pierre, le ciment, le m\u00e9tal ou tout autre mat\u00e9riau de votre choix.<\/p>\n<p>Con\u00e7u pour une utilisation int\u00e9rieure et ext\u00e9rieure, fabriqu\u00e9 en rouleaux, dalles ou lames, il est rapide et facile \u00e0 poser, sans pr\u00e9paration sp\u00e9cifique du sol ni colle. Il permet une utilisation imm\u00e9diate, sans poussi\u00e8re, ni odeur, ni COV.<\/p>\n<p><strong>Garantie de 15 ans pour un usage commercial.<\/strong><\/p>\n","protected":false},"featured_media":5567,"template":"","meta":[],"product_brand":[],"product_cat":[1269],"product_tag":[],"class_list":{"0":"post-11248","1":"product","2":"type-product","3":"status-publish","4":"has-post-thumbnail","6":"product_cat-revetements-de-sol","9":"first","10":"instock","11":"shipping-taxable","12":"product-type-simple"},"aioseo_notices":[],"_links":{"self":[{"href":"https:\/\/z-v.fr\/fr\/wp-json\/wp\/v2\/product\/11248","targetHints":{"allow":["GET"]}}],"collection":[{"href":"https:\/\/z-v.fr\/fr\/wp-json\/wp\/v2\/product"}],"about":[{"href":"https:\/\/z-v.fr\/fr\/wp-json\/wp\/v2\/types\/product"}],"wp:featuredmedia":[{"embeddable":true,"href":"https:\/\/z-v.fr\/fr\/wp-json\/wp\/v2\/media\/5567"}],"wp:attachment":[{"href":"https:\/\/z-v.fr\/fr\/wp-json\/wp\/v2\/media?parent=11248"}],"wp:term":[{"taxonomy":"product_brand","embeddable":true,"href":"https:\/\/z-v.fr\/fr\/wp-json\/wp\/v2\/product_brand?post=11248"},{"taxonomy":"product_cat","embeddable":true,"href":"https:\/\/z-v.fr\/fr\/wp-json\/wp\/v2\/product_cat?post=11248"},{"taxonomy":"product_tag","embeddable":true,"href":"https:\/\/z-v.fr\/fr\/wp-json\/wp\/v2\/product_tag?post=11248"}],"curies":[{"name":"wp","href":"https:\/\/api.w.org\/{rel}","templated":true}]}}