{"id":11243,"date":"2025-08-31T04:08:00","date_gmt":"2025-08-30T20:08:00","guid":{"rendered":"https:\/\/zv.carbonpix.com\/?post_type=product&#038;p=11243"},"modified":"2025-09-25T13:07:28","modified_gmt":"2025-09-25T05:07:28","slug":"fauteuil-dexterieur-serie-van","status":"publish","type":"product","link":"https:\/\/z-v.fr\/fr\/produit\/fauteuil-dexterieur-serie-van","title":{"rendered":"Fauteuil d\u2019ext\u00e9rieur &#8211; S\u00e9rie Van"},"content":{"rendered":"<p><strong>Personnalisez-le selon votre style gr\u00e2ce \u00e0 ces diff\u00e9rentes finitions :<\/strong><\/p>\n<ul>\n<li>Plusieurs options de couleur pour la structure,<\/li>\n<li>Des centaines de styles de rotin au choix.<\/li>\n<\/ul>\n","protected":false},"excerpt":{"rendered":"<p><strong>Inspir\u00e9e des chaises traditionnelles fran\u00e7aises en rotin, Van \u00e9voque une sensation naturelle et authentique, proche de l&rsquo;esprit des campagnes.<\/strong><\/p>\n<p>Con\u00e7ue en aluminium avec un rev\u00eatement ext\u00e9rieur et un rotin premium, elle est pens\u00e9e pour durer longtemps tout en demandant tr\u00e8s peu d\u2019entretien.<\/p>\n","protected":false},"featured_media":6514,"template":"","meta":[],"product_brand":[],"product_cat":[1280],"product_tag":[],"class_list":{"0":"post-11243","1":"product","2":"type-product","3":"status-publish","4":"has-post-thumbnail","6":"product_cat-mobilier-dexterieur","9":"first","10":"instock","11":"shipping-taxable","12":"product-type-simple"},"aioseo_notices":[],"_links":{"self":[{"href":"https:\/\/z-v.fr\/fr\/wp-json\/wp\/v2\/product\/11243","targetHints":{"allow":["GET"]}}],"collection":[{"href":"https:\/\/z-v.fr\/fr\/wp-json\/wp\/v2\/product"}],"about":[{"href":"https:\/\/z-v.fr\/fr\/wp-json\/wp\/v2\/types\/product"}],"wp:featuredmedia":[{"embeddable":true,"href":"https:\/\/z-v.fr\/fr\/wp-json\/wp\/v2\/media\/6514"}],"wp:attachment":[{"href":"https:\/\/z-v.fr\/fr\/wp-json\/wp\/v2\/media?parent=11243"}],"wp:term":[{"taxonomy":"product_brand","embeddable":true,"href":"https:\/\/z-v.fr\/fr\/wp-json\/wp\/v2\/product_brand?post=11243"},{"taxonomy":"product_cat","embeddable":true,"href":"https:\/\/z-v.fr\/fr\/wp-json\/wp\/v2\/product_cat?post=11243"},{"taxonomy":"product_tag","embeddable":true,"href":"https:\/\/z-v.fr\/fr\/wp-json\/wp\/v2\/product_tag?post=11243"}],"curies":[{"name":"wp","href":"https:\/\/api.w.org\/{rel}","templated":true}]}}