{"id":11240,"date":"2025-08-31T04:08:24","date_gmt":"2025-08-30T20:08:24","guid":{"rendered":"https:\/\/zv.carbonpix.com\/?post_type=product&#038;p=11240"},"modified":"2025-09-25T12:56:58","modified_gmt":"2025-09-25T04:56:58","slug":"table-carree-dexterieur-serie-lux","status":"publish","type":"product","link":"https:\/\/z-v.fr\/fr\/produit\/table-carree-dexterieur-serie-lux","title":{"rendered":"Table carr\u00e9e d\u2019ext\u00e9rieur &#8211; S\u00e9rie Lux"},"content":{"rendered":"<p><strong>Personnalisez-la selon votre style gr\u00e2ce \u00e0 ces diff\u00e9rentes finitions :<\/strong><\/p>\n<ul>\n<li>Disponible en plusieurs coloris,<\/li>\n<li>Peut \u00eatre fabriqu\u00e9 selon les dimensions de votre choix.<\/li>\n<\/ul>\n","protected":false},"excerpt":{"rendered":"<p><strong>Robuste et classique, Lux puise son inspiration dans les ann\u00e9es 30 avec un design minimaliste et industriel.<\/strong><\/p>\n<p>Con\u00e7ue en aluminium avec un rev\u00eatement ext\u00e9rieur, elle est faite pour durer longtemps avec un entretien minimal.<\/p>\n","protected":false},"featured_media":6539,"template":"","meta":[],"product_brand":[],"product_cat":[1280],"product_tag":[],"class_list":{"0":"post-11240","1":"product","2":"type-product","3":"status-publish","4":"has-post-thumbnail","6":"product_cat-mobilier-dexterieur","9":"first","10":"instock","11":"shipping-taxable","12":"product-type-simple"},"aioseo_notices":[],"_links":{"self":[{"href":"https:\/\/z-v.fr\/fr\/wp-json\/wp\/v2\/product\/11240","targetHints":{"allow":["GET"]}}],"collection":[{"href":"https:\/\/z-v.fr\/fr\/wp-json\/wp\/v2\/product"}],"about":[{"href":"https:\/\/z-v.fr\/fr\/wp-json\/wp\/v2\/types\/product"}],"wp:featuredmedia":[{"embeddable":true,"href":"https:\/\/z-v.fr\/fr\/wp-json\/wp\/v2\/media\/6539"}],"wp:attachment":[{"href":"https:\/\/z-v.fr\/fr\/wp-json\/wp\/v2\/media?parent=11240"}],"wp:term":[{"taxonomy":"product_brand","embeddable":true,"href":"https:\/\/z-v.fr\/fr\/wp-json\/wp\/v2\/product_brand?post=11240"},{"taxonomy":"product_cat","embeddable":true,"href":"https:\/\/z-v.fr\/fr\/wp-json\/wp\/v2\/product_cat?post=11240"},{"taxonomy":"product_tag","embeddable":true,"href":"https:\/\/z-v.fr\/fr\/wp-json\/wp\/v2\/product_tag?post=11240"}],"curies":[{"name":"wp","href":"https:\/\/api.w.org\/{rel}","templated":true}]}}