{"id":11237,"date":"2025-08-31T04:08:24","date_gmt":"2025-08-30T20:08:24","guid":{"rendered":"https:\/\/zv.carbonpix.com\/?post_type=product&#038;p=11237"},"modified":"2025-09-25T12:57:43","modified_gmt":"2025-09-25T04:57:43","slug":"table-dexterieur-serie-sko","status":"publish","type":"product","link":"https:\/\/z-v.fr\/fr\/produit\/table-dexterieur-serie-sko","title":{"rendered":"Table d\u2019ext\u00e9rieur &#8211; S\u00e9rie Sko"},"content":{"rendered":"<p><strong>Personnalisez-la selon votre style gr\u00e2ce \u00e0 ces diff\u00e9rentes finitions :<\/strong><\/p>\n<ul>\n<li>Nombreux coloris disponibles pour la structure,<\/li>\n<li>Peut \u00eatre fabriqu\u00e9 selon les dimensions de votre choix.<\/li>\n<\/ul>\n","protected":false},"excerpt":{"rendered":"<p><strong>Avec son style minimaliste et nordique, Sko revisite l\u2019esth\u00e9tique vintage des tables artisanales en bois.<\/strong><\/p>\n<p>Con\u00e7ue en aluminium avec un rev\u00eatement ext\u00e9rieur, elle est pens\u00e9e pour durer tout en demandant tr\u00e8s peu d\u2019entretien.<\/p>\n","protected":false},"featured_media":6546,"template":"","meta":[],"product_brand":[],"product_cat":[1280],"product_tag":[],"class_list":{"0":"post-11237","1":"product","2":"type-product","3":"status-publish","4":"has-post-thumbnail","6":"product_cat-mobilier-dexterieur","9":"first","10":"instock","11":"shipping-taxable","12":"product-type-simple"},"aioseo_notices":[],"_links":{"self":[{"href":"https:\/\/z-v.fr\/fr\/wp-json\/wp\/v2\/product\/11237","targetHints":{"allow":["GET"]}}],"collection":[{"href":"https:\/\/z-v.fr\/fr\/wp-json\/wp\/v2\/product"}],"about":[{"href":"https:\/\/z-v.fr\/fr\/wp-json\/wp\/v2\/types\/product"}],"wp:featuredmedia":[{"embeddable":true,"href":"https:\/\/z-v.fr\/fr\/wp-json\/wp\/v2\/media\/6546"}],"wp:attachment":[{"href":"https:\/\/z-v.fr\/fr\/wp-json\/wp\/v2\/media?parent=11237"}],"wp:term":[{"taxonomy":"product_brand","embeddable":true,"href":"https:\/\/z-v.fr\/fr\/wp-json\/wp\/v2\/product_brand?post=11237"},{"taxonomy":"product_cat","embeddable":true,"href":"https:\/\/z-v.fr\/fr\/wp-json\/wp\/v2\/product_cat?post=11237"},{"taxonomy":"product_tag","embeddable":true,"href":"https:\/\/z-v.fr\/fr\/wp-json\/wp\/v2\/product_tag?post=11237"}],"curies":[{"name":"wp","href":"https:\/\/api.w.org\/{rel}","templated":true}]}}