{"id":11236,"date":"2025-08-31T04:08:24","date_gmt":"2025-08-30T20:08:24","guid":{"rendered":"https:\/\/zv.carbonpix.com\/?post_type=product&#038;p=11236"},"modified":"2025-09-25T12:49:39","modified_gmt":"2025-09-25T04:49:39","slug":"chaise-dexterieur-bar","status":"publish","type":"product","link":"https:\/\/z-v.fr\/fr\/produit\/chaise-dexterieur-bar","title":{"rendered":"Chaise d\u2019ext\u00e9rieur &#8211; Bar"},"content":{"rendered":"<p><strong>Personnalisez-la selon votre style gr\u00e2ce \u00e0 ces diff\u00e9rentes finitions :<\/strong><\/p>\n<ul>\n<li>Disponible en plusieurs coloris,<\/li>\n<li>Coussins disponibles dans le tissu de votre choix.<\/li>\n<\/ul>\n","protected":false},"excerpt":{"rendered":"<p><strong>Empilable, la chaise Bar est parfaitement adapt\u00e9e pour allier fonctionnalit\u00e9 et style industriel \u00e9pur\u00e9.<\/strong><\/p>\n<p>Con\u00e7ue en aluminium avec un rev\u00eatement ext\u00e9rieur, elle est faite pour durer avec un entretien minimal.<\/p>\n","protected":false},"featured_media":6562,"template":"","meta":[],"product_brand":[],"product_cat":[1280],"product_tag":[],"class_list":{"0":"post-11236","1":"product","2":"type-product","3":"status-publish","4":"has-post-thumbnail","6":"product_cat-mobilier-dexterieur","9":"first","10":"instock","11":"shipping-taxable","12":"product-type-simple"},"aioseo_notices":[],"_links":{"self":[{"href":"https:\/\/z-v.fr\/fr\/wp-json\/wp\/v2\/product\/11236","targetHints":{"allow":["GET"]}}],"collection":[{"href":"https:\/\/z-v.fr\/fr\/wp-json\/wp\/v2\/product"}],"about":[{"href":"https:\/\/z-v.fr\/fr\/wp-json\/wp\/v2\/types\/product"}],"wp:featuredmedia":[{"embeddable":true,"href":"https:\/\/z-v.fr\/fr\/wp-json\/wp\/v2\/media\/6562"}],"wp:attachment":[{"href":"https:\/\/z-v.fr\/fr\/wp-json\/wp\/v2\/media?parent=11236"}],"wp:term":[{"taxonomy":"product_brand","embeddable":true,"href":"https:\/\/z-v.fr\/fr\/wp-json\/wp\/v2\/product_brand?post=11236"},{"taxonomy":"product_cat","embeddable":true,"href":"https:\/\/z-v.fr\/fr\/wp-json\/wp\/v2\/product_cat?post=11236"},{"taxonomy":"product_tag","embeddable":true,"href":"https:\/\/z-v.fr\/fr\/wp-json\/wp\/v2\/product_tag?post=11236"}],"curies":[{"name":"wp","href":"https:\/\/api.w.org\/{rel}","templated":true}]}}